{"id":288,"date":"2022-09-23T12:02:30","date_gmt":"2022-09-23T15:02:30","guid":{"rendered":"http:\/\/treinamentolivre.com\/aluno04\/?page_id=288"},"modified":"2024-11-15T15:55:33","modified_gmt":"2024-11-15T18:55:33","slug":"288-2","status":"publish","type":"page","link":"https:\/\/treinamentolivre.com\/aluno04\/?page_id=288","title":{"rendered":"G.E.L. \/ UERJ"},"content":{"rendered":"\n<blockquote class=\"wp-block-quote is-layout-flow wp-block-quote-is-layout-flow\"><p>GRUPO DE ESTUDANTES DE LINGU\u00cdSTICA NA UERJ.<\/p><\/blockquote>\n\n\n\n<p class=\"has-text-align-center\">I &#8211;<strong>A CRIA\u00c7\u00c3O DO G.E.L. \/ UERJ<\/strong><\/p>\n\n\n\n<p>O G.E.L. \/ UERJ \u2013 Grupo de Estudantes de Lingu\u00edstica de UERJ foi criado em 22 de setembro de 2022, com os seguintes objetivos:<\/p>\n\n\n\n<ol class=\"wp-block-list\"><li>Auxiliar todos os estudantes de Lingu\u00edstica nos cursos de gradua\u00e7\u00e3o da UERJ em seu aprendizado, para que obtenham a melhor performance poss\u00edvel.<\/li><li>Capacitar os estudantes de Letras da UERJ a prestarem, eventualmente, concurso de monitoria (Lingu\u00edstica 1 a 4: Fundamentos Te\u00f3ricos, Descritiva, Sociolingu\u00edstica, Psicolingu\u00edstica) na institui\u00e7\u00e3o e passar com sucesso.<\/li><li>Auxiliar os monitores da UERJ, com recursos adequados para suas atividades.<\/li><li>Promover integra\u00e7\u00e3o das disciplinas de Lingu\u00edstica da UERJ, do CEDERJ, da UFRJ e da UFF, de modo que estudantes de uma e outra possam ter suas mat\u00e9rias mutuamente homologadas e reconhecidas por suas institui\u00e7\u00f5es, nos pedidos de isen\u00e7\u00e3o.<\/li><li>Colaborar na cria\u00e7\u00e3o de um Concurso Estadual de Lingu\u00edstica (RJ), nos moldes do <a rel=\"noreferrer noopener\" href=\"https:\/\/www.sbc.org.br\/noticias\/2392-exame-poscomp-publica-edital-2022\" target=\"_blank\">POSCOMP<\/a>, que identifique os melhores em Ci\u00eancia Lingu\u00edstica, para ingresso em programas de mestrado e doutorado.<\/li><li>Auxiliar seus membros na cria\u00e7\u00e3o e manuten\u00e7\u00e3o de um <a rel=\"noreferrer noopener\" href=\"https:\/\/wwws.cnpq.br\/cvlattesweb\/pkg_cv_estr.inicio\" target=\"_blank\">Curr\u00edculo Lattes<\/a> consistente.<\/li><li>Elaborar a lista temporal de linguistas e suas obras.<\/li><\/ol>\n\n\n\n<p>Quem sabe o G.E.L. \/ UERJ poder\u00e1 tornar-se o \u201cGrupo Unificado de Estudantes de Lingu\u00edstica\u201d, concentrando esfor\u00e7os de todos os estudantes de lingu\u00edstica em n\u00edvel de gradua\u00e7\u00e3o no estado do Rio de Janeiro ? Talvez at\u00e9 haja uma Olimp\u00edada Estadual de Lingu\u00edstica ! <em>Bora<\/em> torcer !<\/p>\n\n\n\n<p><\/p>\n\n\n\n<p class=\"has-text-align-center\">II &#8211; <strong>MEMBROS (atuais) DO G.E.L. \/ UERJ<\/strong><\/p>\n\n\n\n<ul class=\"wp-block-list\"><li><\/li><li><\/li><li><a rel=\"noreferrer noopener\" href=\"http:\/\/lattes.cnpq.br\/5489223053364198\" target=\"_blank\">PC<\/a><\/li><li><\/li><li><\/li><\/ul>\n\n\n\n<p><\/p>\n\n\n\n<p class=\"has-text-align-center\">III &#8211; <strong>ESTRUTURA<\/strong><\/p>\n\n\n\n<ul class=\"wp-block-list\"><li>Instala\u00e7\u00e3o Moodle exclusiva (em elabora\u00e7\u00e3o)<\/li><li>Biblioteca Online (parcialmente dispon\u00edvel, a pedido)<\/li><li>Grupo de WhatsApp exclusivo (dispon\u00edvel)<\/li><li>Suporte na elabora\u00e7\u00e3o de Curriculum Lattes (dispon\u00edvel)<\/li><\/ul>\n\n\n\n<p class=\"has-text-align-center\">IV &#8211; <strong>COMO ENTRAR PARA O G.E.L. \/ UERJ ?<\/strong><\/p>\n\n\n\n<ul class=\"wp-block-list\"><li>Basta mandar um <a rel=\"noreferrer noopener\" href=\"mailto:\/\/gel.uerj@imbuhy.com\" target=\"_blank\">e-mail<\/a> para n\u00f3s, se quiser conversar mais, ou&#8230;<\/li><li>&#8230; simplesmente preencha o <a rel=\"noreferrer noopener\" href=\"https:\/\/forms.gle\/NdStjTwkDf6miXV18\" target=\"_blank\">formul\u00e1rio<\/a> !<\/li><\/ul>\n\n\n\n<p><\/p>\n\n\n\n<p><\/p>\n\n\n\n<p class=\"has-text-align-center\">V &#8211; <strong>A LINGU\u00cdSTICA NA GRADUA\u00c7\u00c3O DAS UNIVERSIDADES DO RIO DE JANEIRO<\/strong><\/p>\n\n\n\n<ul class=\"wp-block-list\"><li><a href=\"https:\/\/treinamentolivre.com\/aluno04\/?page_id=378\">UERJ<\/a><\/li><li><a href=\"https:\/\/treinamentolivre.com\/aluno04\/?page_id=384\">UFRJ<\/a><\/li><li><a rel=\"noreferrer noopener\" href=\"https:\/\/treinamentolivre.com\/aluno04\/?page_id=429\" target=\"_blank\">CEDERJ<\/a><\/li><li><a rel=\"noreferrer noopener\" href=\"https:\/\/treinamentolivre.com\/aluno04\/?page_id=453\" target=\"_blank\">UFF<\/a><\/li><\/ul>\n\n\n\n<p class=\"has-text-align-center\"> <\/p>\n\n\n\n<p><\/p>\n\n\n\n<p class=\"has-text-align-center\">VI &#8211; <strong>REFER\u00caNCIAS<\/strong><\/p>\n\n\n\n<ol class=\"wp-block-list\"><li>(Antunes, 2015) Antunes, Maria Alice Gon\u00e7alves; Sali\u00e9s, Tania Mara Gast\u00e3o. \u201cCat\u00e1logo de Letras 2015\u201d. Instituto de Letras da UERJ. 2015. Dispon\u00edvel em &lt;<a rel=\"noreferrer noopener\" href=\"http:\/\/www.institutodeletras.uerj.br\/catalogo.php\" target=\"_blank\">http:\/\/www.institutodeletras.uerj.br\/catalogo.php<\/a>&gt;. \u00daltimo acesso em 15\/05\/2022.<\/li><li>(Ufrj, 2022) UFRJ &#8211; Lista de Cursos. Dispon\u00edvel em &lt; <a href=\"https:\/\/www.siga.ufrj.br\/sira\/repositorio-curriculo\/ListaCursos.html\">https:\/\/www.siga.ufrj.br\/sira\/repositorio-curriculo\/ListaCursos.html<\/a> &gt;. \u00daltimo acesso em 25\/09\/2022.<\/li><li>(Dubois, 2014): <a rel=\"noreferrer noopener\" href=\"https:\/\/www.amazon.com.br\/Dicion%C3%A1rio-Lingu%C3%ADstica-Jean-al-Dubois\/dp\/8531612799\" target=\"_blank\">Dicion\u00e1rio de Lingu\u00edstica<\/a><\/li><li>(Crystal, 1988): <a rel=\"noreferrer noopener\" href=\"https:\/\/www.amazon.com.br\/Dicion%C3%A1rio-Lingu%C3%ADstica-Fon%C3%A9tica-David-Crystal\/dp\/857110025X\" target=\"_blank\">Dicion\u00e1rio de Lingu\u00edstica e Fon\u00e9tica<\/a><\/li><li>(Crystal, 2010): <a rel=\"noreferrer noopener\" href=\"https:\/\/www.amazon.com.br\/Cambridge-Encyclopedia-Language-David-Crystal\/dp\/0521736501\" target=\"_blank\">The Cambridge Encyclopedia of Language<\/a><\/li><li>(Bagno, 2017): <a rel=\"noreferrer noopener\" href=\"https:\/\/www.amazon.com.br\/Dicion%C3%A1rio-Cr%C3%ADtico-Sociolingu%C3%ADstica-Marcos-Bagno\/dp\/8579341167\" target=\"_blank\">Dicion\u00e1rio Cr\u00edtico de Sociolingu\u00edstica<\/a><\/li><li>(Mcculloch, 1943) Warren S. Mcculloch And Walter Pitts: <a rel=\"noreferrer noopener\" href=\"http:\/\/treinamentolivre.com\/aluno04\/?attachment_id=520\" target=\"_blank\">A Logical Calculus of the Ideas Immanent in Nervous Activity<\/a>.<\/li><li>(Sampaio, 2015) Sampaio. T.: <a rel=\"noreferrer noopener\" href=\"http:\/\/treinamentolivre.com\/aluno04\/wp-content\/uploads\/2023\/02\/4632-9977-1-PB.pdf\" target=\"_blank\">Lingu\u00edstica, psicologia e neuroci\u00eancia: a uni\u00e3o inescap\u00e1vel dessas tr\u00eas disciplinas<\/a>.<\/li><li>(Mountcastle, 1978) Vernon B. Mountcastle: &#8220;<a href=\"https:\/\/books.google.com.br\/books\/about\/Fisiologia_medica.html?id=qJR7PgAACAAJ&amp;redir_esc=y\" target=\"_blank\" rel=\"noreferrer noopener\">Fisiologia medica<\/a>&#8220;. 1978. ISBN:9788522600106. Editora Guanabara Koogan.<\/li><\/ol>\n\n\n\n<p><\/p>\n\n\n\n<p class=\"has-text-align-center\">VII &#8211; <strong>SITES SUGERIDOS<\/strong><\/p>\n\n\n\n<ul class=\"wp-block-list\"><li>Moodle do GEL &lt; <a rel=\"noreferrer noopener\" href=\"https:\/\/treinamentolivre.com\/gel\/moodle\" target=\"_blank\">https:\/\/treinamentolivre.com\/gel\/moodle\/<\/a> >.<\/li><li>Site do GEL &lt; <a rel=\"noreferrer noopener\" href=\"https:\/\/treinamentolivre.com\/gel\" target=\"_blank\">https:\/\/treinamentolivre.com\/gel<\/a> ><\/li><li><a href=\"http:\/\/www.portaldalinguaportuguesa.org\/?action=terminology\" target=\"_blank\" rel=\"noreferrer noopener\">Dicion\u00e1rio de Termos Lingu\u00edsticos<\/a>. Este dicion\u00e1rio apresenta defini\u00e7\u00f5es e equivalentes em portugu\u00eas, ingl\u00eas e franc\u00eas para os termos mais importantes da \u00e1rea da Lingu\u00edstica. Os termos est\u00e3o organizados por subdom\u00ednios e podem ser consultados nas tr\u00eas l\u00ednguas. Este recurso constitui uma edi\u00e7\u00e3o online dos dois volumes do Dicion\u00e1rio de Termos Lingu\u00edsticos, organizado por Maria Francisca Xavier e Maria Helena Mateus, com a chancela do Instituto de Lingu\u00edstica Te\u00f3rica e Computacional e da Associa\u00e7\u00e3o Portuguesa de Lingu\u00edstica e editado entre 1990 e 1992 pela Edi\u00e7\u00f5es Cosmos. Est\u00e1 um tanto <a rel=\"noreferrer noopener\" href=\"https:\/\/www.estantevirtual.com.br\/sebopoesia\/maria-francisca-xavier-maria-helena-mateus-dicionario-de-termos-linguisticos-v-1-61062776?show_suggestion=0\" target=\"_blank\">obsoleto<\/a>, mas ajuda.<\/li><li><a rel=\"noreferrer noopener\" href=\"https:\/\/www.facebook.com\/ForumCHSSA\/\" target=\"_blank\">F\u00f3rum das Ci\u00eancias Humanas, Sociais e Sociais Aplicadas<\/a>.<\/li><li><a rel=\"noreferrer noopener\" href=\"https:\/\/www.cgee.org.br\/\" target=\"_blank\">Centro de Gest\u00e3o e Estudos Estrat\u00e9gicos<\/a>.<\/li><li><a rel=\"noreferrer noopener\" href=\"https:\/\/pleuerj.wixsite.com\/ple-uerj\" target=\"_blank\">Projeto Lingu\u00edstica e Ensino (PL&amp;E)<\/a>. &#8211; O excelente site de lingu\u00edstica da UERJ.<\/li><li><a rel=\"noreferrer noopener\" href=\"https:\/\/www.aclweb.org\/portal\/\" target=\"_blank\">ACL &#8211; Association for Computational Linguistics<\/a>.<\/li><li>Nicolelis: <a rel=\"noreferrer noopener\" href=\"https:\/\/youtu.be\/FE8XqY7KImc\" target=\"_blank\">Neuralink \u00c9 Uma C\u00f3pia Mal Feita Da Minha Descoberta!<\/a><\/li><\/ul>\n\n\n\n<p><\/p>\n\n\n\n<p><\/p>\n\n\n\n<p><\/p>\n","protected":false},"excerpt":{"rendered":"<p>GRUPO DE ESTUDANTES DE LINGU\u00cdSTICA NA UERJ. I &#8211;A CRIA\u00c7\u00c3O DO G.E.L. \/ UERJ O G.E.L. \/ UERJ \u2013 Grupo de Estudantes de Lingu\u00edstica de UERJ foi criado em 22&#8230;<\/p>\n<div class=\"more-link-wrapper\"><a class=\"more-link\" href=\"https:\/\/treinamentolivre.com\/aluno04\/?page_id=288\">Continuar a ler&#8230;<span class=\"screen-reader-text\">G.E.L. \/ UERJ<\/span><\/a><\/div>\n","protected":false},"author":1,"featured_media":0,"parent":0,"menu_order":0,"comment_status":"closed","ping_status":"closed","template":"","meta":{"footnotes":""},"class_list":["post-288","page","type-page","status-publish","hentry","excerpt"],"_links":{"self":[{"href":"https:\/\/treinamentolivre.com\/aluno04\/index.php?rest_route=\/wp\/v2\/pages\/288","targetHints":{"allow":["GET"]}}],"collection":[{"href":"https:\/\/treinamentolivre.com\/aluno04\/index.php?rest_route=\/wp\/v2\/pages"}],"about":[{"href":"https:\/\/treinamentolivre.com\/aluno04\/index.php?rest_route=\/wp\/v2\/types\/page"}],"author":[{"embeddable":true,"href":"https:\/\/treinamentolivre.com\/aluno04\/index.php?rest_route=\/wp\/v2\/users\/1"}],"replies":[{"embeddable":true,"href":"https:\/\/treinamentolivre.com\/aluno04\/index.php?rest_route=%2Fwp%2Fv2%2Fcomments&post=288"}],"version-history":[{"count":99,"href":"https:\/\/treinamentolivre.com\/aluno04\/index.php?rest_route=\/wp\/v2\/pages\/288\/revisions"}],"predecessor-version":[{"id":1086,"href":"https:\/\/treinamentolivre.com\/aluno04\/index.php?rest_route=\/wp\/v2\/pages\/288\/revisions\/1086"}],"wp:attachment":[{"href":"https:\/\/treinamentolivre.com\/aluno04\/index.php?rest_route=%2Fwp%2Fv2%2Fmedia&parent=288"}],"curies":[{"name":"wp","href":"https:\/\/api.w.org\/{rel}","templated":true}]}}