{"id":513,"date":"2022-11-11T10:04:10","date_gmt":"2022-11-11T13:04:10","guid":{"rendered":"https:\/\/treinamentolivre.com\/aluno02\/?page_id=513"},"modified":"2024-01-04T11:19:14","modified_gmt":"2024-01-04T14:19:14","slug":"ideias","status":"publish","type":"page","link":"https:\/\/treinamentolivre.com\/aluno02\/ideias","title":{"rendered":"Ideias"},"content":{"rendered":"\n<ul><li>Pela volta da Revista Brasileira de Intelig\u00eancia em formato digital.<\/li><li>Por uma revista digital da Ag\u00eancia Espacial Brasileira.<\/li><li>Pelo Sistema Nacional de Prontu\u00e1rios M\u00e9dicos &#8211; com registro obrigat\u00f3rio feito pelos m\u00e9dicos &#8211; atrav\u00e9s de acesso direto ou webservice.<\/li><li>Contra a cobran\u00e7a antecipada e a manipula\u00e7\u00e3o das datas de vencimento de contas  de concession\u00e1rias de energia e \u00e1gua.<\/li><li>Contra a queda de qualidade da \u00e1gua nas privatiza\u00e7\u00f5es municipais.<\/li><li>Pela cria\u00e7\u00e3o do Laborat\u00f3rio Nacional de Computa\u00e7\u00e3o do Poder Judici\u00e1rio, unificando os recursos f\u00edsicos, financeiros e humanos de TI daquele poder.<\/li><li>Pela cria\u00e7\u00e3o da Escola Nacional de Computa\u00e7\u00e3o Judici\u00e1ria<\/li><li>Pela clareza das mensagens e melhor comunica\u00e7\u00e3o humana com o contribuinte na Receita Federal.<\/li><li>Pelo plano nacional de prote\u00e7\u00e3o ao idoso e \u00e0 pessoa com defici\u00eancia (PIPD).<\/li><\/ul>\n\n\n\n<p><\/p>\n","protected":false},"excerpt":{"rendered":"<p>Pela volta da Revista Brasileira de Intelig\u00eancia em formato digital. Por uma revista digital da Ag\u00eancia Espacial Brasileira. Pelo Sistema Nacional de Prontu\u00e1rios M\u00e9dicos &#8211; com registro obrigat\u00f3rio feito pelos m\u00e9dicos &#8211; atrav\u00e9s de acesso direto ou webservice. Contra a cobran\u00e7a antecipada e a manipula\u00e7\u00e3o das datas de vencimento de contas de concession\u00e1rias de energia &hellip; <a href=\"https:\/\/treinamentolivre.com\/aluno02\/ideias\" class=\"more-link\">Continue reading <span class=\"screen-reader-text\">Ideias<\/span> <span class=\"meta-nav\">&rarr;<\/span><\/a><\/p>\n","protected":false},"author":1,"featured_media":0,"parent":0,"menu_order":0,"comment_status":"closed","ping_status":"closed","template":"","meta":[],"_links":{"self":[{"href":"https:\/\/treinamentolivre.com\/aluno02\/wp-json\/wp\/v2\/pages\/513"}],"collection":[{"href":"https:\/\/treinamentolivre.com\/aluno02\/wp-json\/wp\/v2\/pages"}],"about":[{"href":"https:\/\/treinamentolivre.com\/aluno02\/wp-json\/wp\/v2\/types\/page"}],"author":[{"embeddable":true,"href":"https:\/\/treinamentolivre.com\/aluno02\/wp-json\/wp\/v2\/users\/1"}],"replies":[{"embeddable":true,"href":"https:\/\/treinamentolivre.com\/aluno02\/wp-json\/wp\/v2\/comments?post=513"}],"version-history":[{"count":19,"href":"https:\/\/treinamentolivre.com\/aluno02\/wp-json\/wp\/v2\/pages\/513\/revisions"}],"predecessor-version":[{"id":732,"href":"https:\/\/treinamentolivre.com\/aluno02\/wp-json\/wp\/v2\/pages\/513\/revisions\/732"}],"wp:attachment":[{"href":"https:\/\/treinamentolivre.com\/aluno02\/wp-json\/wp\/v2\/media?parent=513"}],"curies":[{"name":"wp","href":"https:\/\/api.w.org\/{rel}","templated":true}]}}