{"id":272,"date":"2022-10-31T19:54:20","date_gmt":"2022-10-31T22:54:20","guid":{"rendered":"https:\/\/treinamentolivre.com\/aluno02\/?page_id=272"},"modified":"2022-11-01T20:06:13","modified_gmt":"2022-11-01T23:06:13","slug":"historia","status":"publish","type":"page","link":"https:\/\/treinamentolivre.com\/aluno02\/historia","title":{"rendered":"Hist\u00f3ria"},"content":{"rendered":"\n<ul><li><a rel=\"noreferrer noopener\" href=\"https:\/\/www.netflix.com\/search?q=imp%C3%A9rio%20romano&amp;jbv=80096545\" target=\"_blank\">Imp\u00e9rio Romano<\/a> &#8211; Uma s\u00e9rie do Netflix que, infelizmente, s\u00f3 est\u00e1 dispon\u00edvel por assinatura. Mas vale a mensalidade, porque ela foca em como ocorreram as transi\u00e7\u00f5es de poder.<\/li><li><a rel=\"noreferrer noopener\" href=\"https:\/\/www.youtube.com\/watch?v=7L3ryiT5vLM\" target=\"_blank\">Ucr\u00e2nia: da origem medieval \u00e0 invas\u00e3o russa no s\u00e9culo 21<\/a> &#8211; uma explica\u00e7\u00e3o da situa\u00e7\u00e3o da Ucr\u00e2nia em rela\u00e7\u00e3o \u00e0 R\u00fassia e seus estados antepassados.<\/li><\/ul>\n\n\n\n<p><\/p>\n","protected":false},"excerpt":{"rendered":"<p>Imp\u00e9rio Romano &#8211; Uma s\u00e9rie do Netflix que, infelizmente, s\u00f3 est\u00e1 dispon\u00edvel por assinatura. Mas vale a mensalidade, porque ela foca em como ocorreram as transi\u00e7\u00f5es de poder. Ucr\u00e2nia: da origem medieval \u00e0 invas\u00e3o russa no s\u00e9culo 21 &#8211; uma explica\u00e7\u00e3o da situa\u00e7\u00e3o da Ucr\u00e2nia em rela\u00e7\u00e3o \u00e0 R\u00fassia e seus estados antepassados.<\/p>\n","protected":false},"author":1,"featured_media":0,"parent":0,"menu_order":0,"comment_status":"closed","ping_status":"closed","template":"","meta":[],"_links":{"self":[{"href":"https:\/\/treinamentolivre.com\/aluno02\/wp-json\/wp\/v2\/pages\/272"}],"collection":[{"href":"https:\/\/treinamentolivre.com\/aluno02\/wp-json\/wp\/v2\/pages"}],"about":[{"href":"https:\/\/treinamentolivre.com\/aluno02\/wp-json\/wp\/v2\/types\/page"}],"author":[{"embeddable":true,"href":"https:\/\/treinamentolivre.com\/aluno02\/wp-json\/wp\/v2\/users\/1"}],"replies":[{"embeddable":true,"href":"https:\/\/treinamentolivre.com\/aluno02\/wp-json\/wp\/v2\/comments?post=272"}],"version-history":[{"count":6,"href":"https:\/\/treinamentolivre.com\/aluno02\/wp-json\/wp\/v2\/pages\/272\/revisions"}],"predecessor-version":[{"id":357,"href":"https:\/\/treinamentolivre.com\/aluno02\/wp-json\/wp\/v2\/pages\/272\/revisions\/357"}],"wp:attachment":[{"href":"https:\/\/treinamentolivre.com\/aluno02\/wp-json\/wp\/v2\/media?parent=272"}],"curies":[{"name":"wp","href":"https:\/\/api.w.org\/{rel}","templated":true}]}}