{"id":263,"date":"2022-10-31T19:45:34","date_gmt":"2022-10-31T22:45:34","guid":{"rendered":"https:\/\/treinamentolivre.com\/aluno02\/?page_id=263"},"modified":"2022-11-02T19:07:53","modified_gmt":"2022-11-02T22:07:53","slug":"conceitos","status":"publish","type":"page","link":"https:\/\/treinamentolivre.com\/aluno02\/conceitos","title":{"rendered":"Conceitos"},"content":{"rendered":"\n<p><\/p>\n\n\n\n<p>N\u00e3o estou tendo paci\u00eancia para defini\u00e7\u00f5es escritas. Nem creio que o visitante, munido apenas de um smartphone, tamb\u00e9m tenha. Assim, procurei &#8211; na maior parte das vezes &#8211; v\u00eddeos interessantes, em vez de entradas enciclop\u00e9dicas.<\/p>\n\n\n\n<ol><li>Capitalismo<ul><li>Florestan Fernandes: <strong>Capitalismo<\/strong> dependente e classes sociais no Brasil &#8211; <a rel=\"noreferrer noopener\" href=\"https:\/\/youtu.be\/iGLCGZRS41w\" target=\"_blank\">Miriam Limoeiro Cardoso<\/a> <\/li><li><a rel=\"noreferrer noopener\" href=\"https:\/\/www.youtube.com\/watch?v=th3KE_H27bs\" target=\"_blank\">The dirty secret of capitalism &#8212; and a new way forward<\/a> | Nick Hanauer &#8211; TED<\/li><\/ul><\/li><li>Comunismo<ul><li><a rel=\"noreferrer noopener\" href=\"https:\/\/www.politize.com.br\/comunismo-o-que-e\/\" target=\"_blank\">Comunismo: 4 pontos para entender este conceito<\/a>.<\/li><\/ul><\/li><li>Ditadura<ul><li><a rel=\"noreferrer noopener\" href=\"https:\/\/www.youtube.com\/watch?v=QM2eZTaR0Ng\" target=\"_blank\">Document\u00e1rio &#8211; AI-5 O Dia que n\u00e3o Existiu (Completo)<\/a><\/li><li><a rel=\"noreferrer noopener\" href=\"https:\/\/www.netflix.com\/search?q=tirano&amp;jbv=80989772\" target=\"_blank\">Como se tornar um tirano ?<\/a><\/li><\/ul><\/li><li>Direitos individuais<ul><li><a rel=\"noreferrer noopener\" href=\"https:\/\/www.netflix.com\/search?q=redes&amp;jbv=81254224\" target=\"_blank\">O Dilema das Redes<\/a> &#8211; Um aviso prof\u00e9tico que, infelizmente, chegou tarde demais.<\/li><\/ul><\/li><li>Fascismo<ul><li><a rel=\"noreferrer noopener\" href=\"https:\/\/youtu.be\/uQGPllgkGME\" target=\"_blank\">Fascismo Explicado (por quem entende)<\/a> &#8211; Jason Stanley<\/li><\/ul><\/li><li>Nazismo<ul><li><a rel=\"noreferrer noopener\" href=\"https:\/\/www.youtube.com\/watch?v=MaufBsobF1g\" target=\"_blank\">A ascens\u00e3o do Nazismo &#8211; parte 1 | Leandro Karnal<\/a> &#8211; Leandro Karnal<\/li><\/ul><\/li><li>Liberalismo<\/li><li>Neoliberalismo<\/li><li>Nacionalismo<ul><li><a rel=\"noreferrer noopener\" href=\"https:\/\/www.youtube.com\/watch?v=fZw9YwHPs5Q\" target=\"_blank\">Fernando Henrique Cardoso discute conceito de &#8216;nacionalismo&#8217;<\/a> | 1988<\/li><\/ul><\/li><li>Socialismo<ul><li><a rel=\"noreferrer noopener\" href=\"https:\/\/youtu.be\/ZMEShocr2Y0\" target=\"_blank\">Caf\u00e9ComBoulos | Por que sou socialista<\/a> ?<\/li><\/ul><\/li><li>Dial\u00e9tica<ul><li><a rel=\"noreferrer noopener\" href=\"https:\/\/www.estantevirtual.com.br\/casadolivrovirtual\/leandro-konder-o-que-e-dialetica-13-edc-867746145?gclid=CjwKCAjwh4ObBhAzEiwAHzZYU_0jRVUcTNAAa54mju5ru3wC-l2l7PvBfAs9bTbkphwO_A8OmXlRIhoCc2wQAvD_BwE\" target=\"_blank\">O que \u00e9 dial\u00e9tica<\/a> ? &#8211; N\u00e3o tem para onde correr. O livrinho de Leandro Konder ainda \u00e9 a melhor maneira de entender o assunto.<\/li><\/ul><\/li><li>Esquerda x Direita<ul><li><a rel=\"noreferrer noopener\" href=\"https:\/\/www.youtube.com\/watch?v=qQ3htq-T2T0\" target=\"_blank\">Os Perfis Psicol\u00f3gicos de Quem \u00e9 de Direita e de Quem \u00e9 de Esquerda<\/a> | Luiz Hanns<\/li><\/ul><\/li><li>Sistema.<\/li><li>Sistema Complexo.<ul><li><a rel=\"noreferrer noopener\" href=\"https:\/\/treinamentolivre.com\/wikademics\/node\/14\" target=\"_blank\">O que \u00e9 um Sistema Complexo<\/a>.<\/li><li><a href=\"https:\/\/www.youtube.com\/watch?v=fxdohwMAwOg\" target=\"_blank\" rel=\"noreferrer noopener\">Sistemas Complexos &#8211; Aula 1 &#8211; Prof. Fabiano L. Ribeiro<\/a>.<\/li><\/ul><\/li><li><a rel=\"noreferrer noopener\" href=\"https:\/\/brasil.un.org\/pt-br\/sdgs\" target=\"_blank\">Agenda 2030<\/a>.<\/li><\/ol>\n\n\n\n<p><\/p>\n","protected":false},"excerpt":{"rendered":"<p>N\u00e3o estou tendo paci\u00eancia para defini\u00e7\u00f5es escritas. Nem creio que o visitante, munido apenas de um smartphone, tamb\u00e9m tenha. Assim, procurei &#8211; na maior parte das vezes &#8211; v\u00eddeos interessantes, em vez de entradas enciclop\u00e9dicas. Capitalismo Florestan Fernandes: Capitalismo dependente e classes sociais no Brasil &#8211; Miriam Limoeiro Cardoso The dirty secret of capitalism &#8212; &hellip; <a href=\"https:\/\/treinamentolivre.com\/aluno02\/conceitos\" class=\"more-link\">Continue reading <span class=\"screen-reader-text\">Conceitos<\/span> <span class=\"meta-nav\">&rarr;<\/span><\/a><\/p>\n","protected":false},"author":1,"featured_media":0,"parent":0,"menu_order":0,"comment_status":"closed","ping_status":"closed","template":"","meta":[],"_links":{"self":[{"href":"https:\/\/treinamentolivre.com\/aluno02\/wp-json\/wp\/v2\/pages\/263"}],"collection":[{"href":"https:\/\/treinamentolivre.com\/aluno02\/wp-json\/wp\/v2\/pages"}],"about":[{"href":"https:\/\/treinamentolivre.com\/aluno02\/wp-json\/wp\/v2\/types\/page"}],"author":[{"embeddable":true,"href":"https:\/\/treinamentolivre.com\/aluno02\/wp-json\/wp\/v2\/users\/1"}],"replies":[{"embeddable":true,"href":"https:\/\/treinamentolivre.com\/aluno02\/wp-json\/wp\/v2\/comments?post=263"}],"version-history":[{"count":28,"href":"https:\/\/treinamentolivre.com\/aluno02\/wp-json\/wp\/v2\/pages\/263\/revisions"}],"predecessor-version":[{"id":452,"href":"https:\/\/treinamentolivre.com\/aluno02\/wp-json\/wp\/v2\/pages\/263\/revisions\/452"}],"wp:attachment":[{"href":"https:\/\/treinamentolivre.com\/aluno02\/wp-json\/wp\/v2\/media?parent=263"}],"curies":[{"name":"wp","href":"https:\/\/api.w.org\/{rel}","templated":true}]}}