{"id":254,"date":"2022-10-31T18:45:44","date_gmt":"2022-10-31T21:45:44","guid":{"rendered":"https:\/\/treinamentolivre.com\/aluno02\/?page_id=254"},"modified":"2024-01-20T16:07:58","modified_gmt":"2024-01-20T19:07:58","slug":"autores","status":"publish","type":"page","link":"https:\/\/treinamentolivre.com\/aluno02\/autores","title":{"rendered":"Biblioteca"},"content":{"rendered":"\n<p>Os links de autores direcionam para suas biografias, geralmente na Wikipedia.<\/p>\n\n\n\n<p>As obras que apresentam links est\u00e3o dispon\u00edveis para download ou para empr\u00e9stimo. Clique nos links para maiores informa\u00e7\u00f5es.<\/p>\n\n\n\n<p><strong>Autores<\/strong><\/p>\n\n\n\n<ul><li><a rel=\"noreferrer noopener\" href=\"https:\/\/pt.wikipedia.org\/wiki\/Arist%C3%B3teles\" target=\"_blank\">Arist\u00f3teles<\/a><ul><li><a rel=\"noreferrer noopener\" href=\"https:\/\/treinamentolivre.com\/aluno02\/arquivos\/426\" target=\"_blank\">Pol\u00edtica<\/a><\/li><\/ul><\/li><li><a rel=\"noreferrer noopener\" href=\"https:\/\/pt.wikipedia.org\/wiki\/Aldous_Huxley\" target=\"_blank\">Aldous Huxley<\/a><ul><li>1984<\/li><\/ul><\/li><li><a rel=\"noreferrer noopener\" href=\"https:\/\/pt.wikipedia.org\/wiki\/Bertrand_Russell\" target=\"_blank\">Bertrand Russel<\/a><ul><li><a rel=\"noreferrer noopener\" href=\"https:\/\/www.researchgate.net\/publication\/351075599_Bertrand_Russell's_Power_A_New_Social_Analysis_1938\" target=\"_blank\">Power: A new Social Analysis<\/a> (1934)<\/li><li><a rel=\"noreferrer noopener\" href=\"https:\/\/archive.org\/download\/TheImpactOfScienceOnSociety-B.Russell\/TheImpactOfScienceOnSociety-B.Russell.pdf\" target=\"_blank\">The Impact of Science on Society<\/a><\/li><\/ul><\/li><li><a rel=\"noreferrer noopener\" href=\"https:\/\/brasil.elpais.com\/brasil\/2018\/02\/07\/cultura\/1517989873_086219.amp.html\" target=\"_blank\">Byung Chul Han<\/a><\/li><li><a rel=\"noreferrer noopener\" href=\"https:\/\/pt.wikipedia.org\/wiki\/Edward_Bernays\" target=\"_blank\">Edward Bernays<\/a><\/li><li>Friedrich Engels: <a href=\"http:\/\/treinamentolivre.com\/aluno02\/wp-content\/uploads\/2024\/01\/FRIEDRICH-ENGELS-A-ORIGEM-DA-FAMILIA-DA-PROPRIEDADE-PRIVADA-E-DO-ESTADO.pdf\" target=\"_blank\" rel=\"noreferrer noopener\">A Origem Da Fam\u00edlia Da Propriedade Privada e do Estado<\/a><\/li><li><a rel=\"noreferrer noopener\" href=\"https:\/\/www.youtube.com\/watch?v=W1ZxxZNSKzY\" target=\"_blank\">Her\u00e1clito de \u00c9feso<\/a><\/li><li><a rel=\"noreferrer noopener\" href=\"https:\/\/www.amazon.com\/Introduccion-budismo-Introduction-Buddishm-Spanish\/dp\/8420615374\/ref=sr_1_1?qid=1667262259&amp;refinements=p_27%3AH+Saddhatissa&amp;s=books&amp;sr=1-1&amp;text=H+Saddhatissa\" target=\"_blank\">H. Saddhatissa<\/a><\/li><li><a rel=\"noreferrer noopener\" href=\"https:\/\/pt.wikipedia.org\/wiki\/Malcolm_X\" target=\"_blank\">Malcolm X<\/a><\/li><li><a rel=\"noreferrer noopener\" href=\"https:\/\/marxismo21.org\/leandro-konder-2\/\" target=\"_blank\">Leandro Konder (1936-2014)<\/a><ul><li>Introdu\u00e7\u00e3o ao Fascismo<\/li><li>O que \u00e9 Dial\u00e9tica<\/li><\/ul><\/li><li>M\u00e1rcia Angelita Tiburi<ul><li><a rel=\"noreferrer noopener\" href=\"https:\/\/www.estantevirtual.com.br\/bookoutlet\/marcia-tiburi-como-conversar-com-um-fascista-3476213334?show_suggestion=0\" target=\"_blank\">Como conversar com um fascista (2015)<\/a><\/li><\/ul><\/li><li><a rel=\"noreferrer noopener\" href=\"https:\/\/pt.wikipedia.org\/wiki\/Mahbub_ul_Haq\" target=\"_blank\">Mahbub ul Haq<\/a><ul><li>A Estrat\u00e9gia do Planejamento Econ\u00f4mico (1963)<\/li><li>A Cortina de Pobreza (1976)<\/li><li>Reflex\u00f5es Sobre o Desenvolvimento Humano (1995)<\/li><\/ul><\/li><li><a rel=\"noreferrer noopener\" href=\"https:\/\/pt.wikipedia.org\/wiki\/Noam_Chomsky\" target=\"_blank\">Noam Chomsky<\/a><\/li><li><a rel=\"noreferrer noopener\" href=\"https:\/\/pt.wikipedia.org\/wiki\/Richard_Pipes\" target=\"_blank\">Richard Pipes<\/a><ul><li>The Three &#8220;Whys&#8221; of the Russian Revolution<\/li><\/ul><\/li><li><\/li><\/ul>\n\n\n\n<p><\/p>\n\n\n\n<p><strong>Revistas<\/strong><\/p>\n\n\n\n<ul><li><a rel=\"noreferrer noopener\" href=\"https:\/\/bibliotecadigital.fgv.br\/ojs\/index.php\/rae\/issue\/archive\" target=\"_blank\">Revista de Administra\u00e7\u00e3o Empresarial &#8211; Funda\u00e7\u00e3o Get\u00falio Vargas<\/a><\/li><li><a rel=\"noreferrer noopener\" href=\"https:\/\/www.gov.br\/abin\/pt-br\/centrais-de-conteudo\/revista-brasileira-de-inteligencia\/rbi-edicoes-anteriores\" target=\"_blank\">Revista Brasileira de Intelig\u00eancia<\/a><\/li><li><a href=\"https:\/\/treinamentolivre.com\/aluno02\/arquivos\/783\" target=\"_blank\" rel=\"noreferrer noopener\">Impact of Science on Society<\/a><\/li><li><\/li><\/ul>\n\n\n\n<p><\/p>\n","protected":false},"excerpt":{"rendered":"<p>Os links de autores direcionam para suas biografias, geralmente na Wikipedia. As obras que apresentam links est\u00e3o dispon\u00edveis para download ou para empr\u00e9stimo. Clique nos links para maiores informa\u00e7\u00f5es. Autores Arist\u00f3teles Pol\u00edtica Aldous Huxley 1984 Bertrand Russel Power: A new Social Analysis (1934) The Impact of Science on Society Byung Chul Han Edward Bernays Friedrich &hellip; <a href=\"https:\/\/treinamentolivre.com\/aluno02\/autores\" class=\"more-link\">Continue reading <span class=\"screen-reader-text\">Biblioteca<\/span> <span class=\"meta-nav\">&rarr;<\/span><\/a><\/p>\n","protected":false},"author":1,"featured_media":0,"parent":0,"menu_order":0,"comment_status":"closed","ping_status":"closed","template":"","meta":[],"_links":{"self":[{"href":"https:\/\/treinamentolivre.com\/aluno02\/wp-json\/wp\/v2\/pages\/254"}],"collection":[{"href":"https:\/\/treinamentolivre.com\/aluno02\/wp-json\/wp\/v2\/pages"}],"about":[{"href":"https:\/\/treinamentolivre.com\/aluno02\/wp-json\/wp\/v2\/types\/page"}],"author":[{"embeddable":true,"href":"https:\/\/treinamentolivre.com\/aluno02\/wp-json\/wp\/v2\/users\/1"}],"replies":[{"embeddable":true,"href":"https:\/\/treinamentolivre.com\/aluno02\/wp-json\/wp\/v2\/comments?post=254"}],"version-history":[{"count":33,"href":"https:\/\/treinamentolivre.com\/aluno02\/wp-json\/wp\/v2\/pages\/254\/revisions"}],"predecessor-version":[{"id":790,"href":"https:\/\/treinamentolivre.com\/aluno02\/wp-json\/wp\/v2\/pages\/254\/revisions\/790"}],"wp:attachment":[{"href":"https:\/\/treinamentolivre.com\/aluno02\/wp-json\/wp\/v2\/media?parent=254"}],"curies":[{"name":"wp","href":"https:\/\/api.w.org\/{rel}","templated":true}]}}