{"id":251,"date":"2022-10-31T18:43:27","date_gmt":"2022-10-31T21:43:27","guid":{"rendered":"https:\/\/treinamentolivre.com\/aluno02\/?page_id=251"},"modified":"2022-11-02T00:25:59","modified_gmt":"2022-11-02T03:25:59","slug":"as-leis","status":"publish","type":"page","link":"https:\/\/treinamentolivre.com\/aluno02\/as-leis","title":{"rendered":"Leis"},"content":{"rendered":"\n<ul><li><a rel=\"noreferrer noopener\" href=\"https:\/\/www.unicef.org\/brazil\/declaracao-universal-dos-direitos-humanos\" target=\"_blank\">A Declara\u00e7\u00e3o Universal dos Direitos Humanos<\/a> &#8211; No dia 10 de dezembro de 1948, a Organiza\u00e7\u00e3o das Na\u00e7\u00f5es Unidas (ONU) \u2013 na ocasi\u00e3o composta por 58 Estados-membros, entre eles o Brasil \u2013 instituiu a Declara\u00e7\u00e3o Universal dos Direitos Humanos. O documento define os direitos b\u00e1sicos do ser humano.<\/li><li><a rel=\"noreferrer noopener\" href=\"https:\/\/globoplay.globo.com\/v\/10902339\/\" target=\"_blank\">A Carta Magna<\/a> de 1988.<\/li><li><a rel=\"noreferrer noopener\" href=\"https:\/\/earthcharter.org\/\" target=\"_blank\">Carta de Terra<\/a> (2012).<\/li><\/ul>\n\n\n\n<p><\/p>\n","protected":false},"excerpt":{"rendered":"<p>A Declara\u00e7\u00e3o Universal dos Direitos Humanos &#8211; No dia 10 de dezembro de 1948, a Organiza\u00e7\u00e3o das Na\u00e7\u00f5es Unidas (ONU) \u2013 na ocasi\u00e3o composta por 58 Estados-membros, entre eles o Brasil \u2013 instituiu a Declara\u00e7\u00e3o Universal dos Direitos Humanos. O documento define os direitos b\u00e1sicos do ser humano. A Carta Magna de 1988. Carta de &hellip; <a href=\"https:\/\/treinamentolivre.com\/aluno02\/as-leis\" class=\"more-link\">Continue reading <span class=\"screen-reader-text\">Leis<\/span> <span class=\"meta-nav\">&rarr;<\/span><\/a><\/p>\n","protected":false},"author":1,"featured_media":0,"parent":0,"menu_order":0,"comment_status":"closed","ping_status":"closed","template":"","meta":[],"_links":{"self":[{"href":"https:\/\/treinamentolivre.com\/aluno02\/wp-json\/wp\/v2\/pages\/251"}],"collection":[{"href":"https:\/\/treinamentolivre.com\/aluno02\/wp-json\/wp\/v2\/pages"}],"about":[{"href":"https:\/\/treinamentolivre.com\/aluno02\/wp-json\/wp\/v2\/types\/page"}],"author":[{"embeddable":true,"href":"https:\/\/treinamentolivre.com\/aluno02\/wp-json\/wp\/v2\/users\/1"}],"replies":[{"embeddable":true,"href":"https:\/\/treinamentolivre.com\/aluno02\/wp-json\/wp\/v2\/comments?post=251"}],"version-history":[{"count":4,"href":"https:\/\/treinamentolivre.com\/aluno02\/wp-json\/wp\/v2\/pages\/251\/revisions"}],"predecessor-version":[{"id":386,"href":"https:\/\/treinamentolivre.com\/aluno02\/wp-json\/wp\/v2\/pages\/251\/revisions\/386"}],"wp:attachment":[{"href":"https:\/\/treinamentolivre.com\/aluno02\/wp-json\/wp\/v2\/media?parent=251"}],"curies":[{"name":"wp","href":"https:\/\/api.w.org\/{rel}","templated":true}]}}