{"id":24,"date":"2021-04-07T06:08:01","date_gmt":"2021-04-07T09:08:01","guid":{"rendered":"http:\/\/treinamentolivre.com\/aluno02\/?page_id=24"},"modified":"2023-04-13T09:44:31","modified_gmt":"2023-04-13T12:44:31","slug":"o-novo-umoma-abre-suas-portas-2","status":"publish","type":"page","link":"https:\/\/treinamentolivre.com\/aluno02\/","title":{"rendered":"In\u00edcio"},"content":{"rendered":"\n<p>Filosofia combina com pol\u00edtica ? Sei l\u00e1. O fato \u00e9 que desenvolvi interesse pelo primeiro assunto desde cedo, a ponto de frequentar o curso de Filosofia da UERJ em 2000. A pol\u00edtica apareceu em minha lista de maneira urgente, a partir de 2018. <\/p>\n\n\n\n<blockquote class=\"wp-block-quote\"><p>\u201cA doen\u00e7a torna doce a sa\u00fade, a fome torna doce a saciedade e a fadiga torna doce o repouso.\u201d<\/p><p>&#8220;N\u00e3o conheceriam nem sequer o nome da justi\u00e7a se n\u00e3o existisse a ofensa.&#8221;<\/p><cite>Her\u00e1clito DE \u00e9FESO<\/cite><\/blockquote>\n\n\n\n<p><\/p>\n\n\n\n<p>Ol\u00e1 ! Eu sou o Dr. Hali Omani e tamb\u00e9m sou um personagem de <a rel=\"noreferrer noopener\" href=\"https:\/\/pt.wikipedia.org\/wiki\/Isaac_Asimov\" target=\"_blank\">Isaac Asimov<\/a>. E este \u00e9 um site de exerc\u00edcio da turma de WordPress do Instituto Imbuhy.<\/p>\n\n\n\n<p><\/p>\n\n\n\n<p><\/p>\n","protected":false},"excerpt":{"rendered":"<p>Filosofia combina com pol\u00edtica ? Sei l\u00e1. O fato \u00e9 que desenvolvi interesse pelo primeiro assunto desde cedo, a ponto de frequentar o curso de Filosofia da UERJ em 2000. A pol\u00edtica apareceu em minha lista de maneira urgente, a partir de 2018. \u201cA doen\u00e7a torna doce a sa\u00fade, a fome torna doce a saciedade &hellip; <a href=\"https:\/\/treinamentolivre.com\/aluno02\/\" class=\"more-link\">Continue reading <span class=\"screen-reader-text\">In\u00edcio<\/span> <span class=\"meta-nav\">&rarr;<\/span><\/a><\/p>\n","protected":false},"author":1,"featured_media":0,"parent":0,"menu_order":0,"comment_status":"closed","ping_status":"closed","template":"","meta":[],"_links":{"self":[{"href":"https:\/\/treinamentolivre.com\/aluno02\/wp-json\/wp\/v2\/pages\/24"}],"collection":[{"href":"https:\/\/treinamentolivre.com\/aluno02\/wp-json\/wp\/v2\/pages"}],"about":[{"href":"https:\/\/treinamentolivre.com\/aluno02\/wp-json\/wp\/v2\/types\/page"}],"author":[{"embeddable":true,"href":"https:\/\/treinamentolivre.com\/aluno02\/wp-json\/wp\/v2\/users\/1"}],"replies":[{"embeddable":true,"href":"https:\/\/treinamentolivre.com\/aluno02\/wp-json\/wp\/v2\/comments?post=24"}],"version-history":[{"count":37,"href":"https:\/\/treinamentolivre.com\/aluno02\/wp-json\/wp\/v2\/pages\/24\/revisions"}],"predecessor-version":[{"id":662,"href":"https:\/\/treinamentolivre.com\/aluno02\/wp-json\/wp\/v2\/pages\/24\/revisions\/662"}],"wp:attachment":[{"href":"https:\/\/treinamentolivre.com\/aluno02\/wp-json\/wp\/v2\/media?parent=24"}],"curies":[{"name":"wp","href":"https:\/\/api.w.org\/{rel}","templated":true}]}}