{"id":234,"date":"2022-10-31T18:18:24","date_gmt":"2022-10-31T21:18:24","guid":{"rendered":"https:\/\/treinamentolivre.com\/aluno02\/?page_id=234"},"modified":"2024-05-08T21:30:50","modified_gmt":"2024-05-09T00:30:50","slug":"problemas-brasileiros","status":"publish","type":"page","link":"https:\/\/treinamentolivre.com\/aluno02\/problemas-brasileiros","title":{"rendered":"Problemas"},"content":{"rendered":"\n<ol><li>Seguran\u00e7a<ol><li>Seguran\u00e7a alimentar<ol><li><a rel=\"noreferrer noopener\" href=\"https:\/\/youtu.be\/UmOXb5zLqJQ\" target=\"_blank\">Como o Brasil produz tanto e tem tanta <strong>fome<\/strong><\/a> ?<\/li><li><a rel=\"noreferrer noopener\" href=\"https:\/\/pt.org.br\/novo-governo-saiba-como-lula-vai-tirar-o-brasil-do-mapa-da-fome-de-novo\/\" target=\"_blank\">Como Lula vai tirar o Brasil do Mapa da Fome de novo<\/a>.<\/li><\/ol><\/li><\/ol><\/li><li>O Brasil e a Agenda 2030.<ul><li>Clima<ul><li><a rel=\"noreferrer noopener\" href=\"https:\/\/g1.globo.com\/jornal-hoje\/noticia\/2023\/06\/07\/fumaca-de-incendios-no-canada-invade-os-eua-e-autoridades-pedem-para-as-pessoas-nao-ficarem-nas-ruas.ghtml\" target=\"_blank\">Fuma\u00e7a de inc\u00eandios no Canad\u00e1 invade os EUA e autoridades pedem para as pessoas n\u00e3o ficarem nas ruas<\/a>.<\/li><li><a rel=\"noreferrer noopener\" href=\"https:\/\/youtu.be\/LhogNGPgOMQ\" target=\"_blank\">O monstro h\u00fangaro que apagou o inferno na Terra<\/a>.<\/li><li><a rel=\"noreferrer noopener\" href=\"https:\/\/www.nationalgeographicbrasil.com\/ciencia\/2022\/02\/mudancas-climaticas-como-o-aquecimento-global-afeta-a-vida-no-brasil\" target=\"_blank\">Mudan\u00e7as clim\u00e1ticas: como o aquecimento global afeta a vida no Brasil<\/a>.<\/li><li><a rel=\"noreferrer noopener\" href=\"https:\/\/treinamentolivre.com\/wikademics\/node\/25\" target=\"_blank\">Nobel de F\u00edsica 2021 vai para pesquisa de sistemas complexos, com destaque para predi\u00e7\u00e3o do aquecimento global<\/a>.<\/li><li><a rel=\"noreferrer noopener\" href=\"https:\/\/www.undp.org\/press-releases\/pakistan-flood-damages-and-economic-losses-over-usd-30-billion-and-reconstruction-needs-over-usd-16-billion-new-assessmen\" target=\"_blank\">Pakistan: Flood Damages and Economic Losses Over USD 30 billion and Reconstruction Needs Over USD 16 billion<\/a>.<\/li><li><a rel=\"noreferrer noopener\" href=\"https:\/\/news.un.org\/pt\/story\/2016\/02\/1539731\" target=\"_blank\">Sahel continua a enfrentar forte press\u00e3o da mudan\u00e7a clim\u00e1tica<\/a>.<\/li><li><a rel=\"noreferrer noopener\" href=\"https:\/\/g1.globo.com\/jornal-nacional\/noticia\/2021\/10\/01\/desmatamento-na-amazonia-pode-elevar-temperaturas-a-ponto-intoleravel-ao-corpo-humano-diz-estudo.ghtml\" target=\"_blank\">Desmatamento na amaz\u00f4nia pode elevar temperaturas a ponto intoler\u00e1vel ao corpo humano diz estudo.<\/a><\/li><li><a rel=\"noreferrer noopener\" href=\"https:\/\/youtu.be\/2LOrjPszLWI\" target=\"_blank\">Aquecimento global \u00e9 real e est\u00e1 aumentando<\/a>.<\/li><li><a rel=\"noreferrer noopener\" href=\"https:\/\/tvcultura.com.br\/busca\/?q=mudanca-climatica-global-efeito-estufa-e-a-temperatura-do-planeta-terra-1&amp;fq=module:videos&amp;mt=videos\" target=\"_blank\">TV Cultura &#8211; Programas sobre aquecimento global.<\/a><\/li><li>Kiribati: <a rel=\"noreferrer noopener\" href=\"https:\/\/www.bbc.com\/portuguese\/internacional-51197329\" target=\"_blank\">O pa\u00eds superpovoado que poder\u00e1 ficar inabit\u00e1vel em 15 anos<\/a>.<\/li><li><a rel=\"noreferrer noopener\" href=\"https:\/\/www.bbc.com\/portuguese\/geral-51111499\" target=\"_blank\">YouTube promove v\u00eddeos com desinforma\u00e7\u00e3o sobre mudan\u00e7a clim\u00e1tica<\/a>, mostra estudo.<\/li><li><a rel=\"noreferrer noopener\" href=\"https:\/\/www.reuters.com\/news\/picture\/south-americas-largest-lake-approaches-a-idUSRTSM7PQX\" target=\"_blank\">Lago Titicaca, o maior da Am\u00e9rica do Sul, \u00e0 beira da extin\u00e7\u00e3o<\/a>.<\/li><\/ul><\/li><\/ul><ul><li><a rel=\"noreferrer noopener\" href=\"https:\/\/www10.trf2.jus.br\/corregedoria\/transparencia\/agenda-2030\/\" target=\"_blank\">O TRF2 e a Agenda 2030<\/a>.<\/li><\/ul><\/li><li>\u00c1gua pot\u00e1vel.<ul><li>Brasil tem<a rel=\"noreferrer noopener\" href=\"https:\/\/tvbrasil.ebc.com.br\/reporter-brasil\/2018\/01\/reporter-brasil-noite-10012018-1\" target=\"_blank\"> as duas maiores reservas de \u00e1gua pot\u00e1vel do planeta<\/a>&#8211; Rep\u00f3rter Brasil &#8211; 10\/01\/2018 &#8211; 21:00.<\/li><li><a rel=\"noreferrer noopener\" href=\"https:\/\/www.ufrgs.br\/proir\/tecnologia-desenvolvida-na-ufrgs-utiliza-luz-solar-para-entregar-agua-potavel-a-periferias-urbanas\/\" target=\"_blank\">Tecnologia desenvolvida na UFRGS<\/a> utiliza luz solar para entregar \u00e1gua pot\u00e1vel a periferias urbanas.<\/li><li><a rel=\"noreferrer noopener\" href=\"https:\/\/youtu.be\/wiHHUQiH2_s\" target=\"_blank\">Novo estudo alerta que o ciclo das \u00e1guas no Pantanal est\u00e1 sendo alterado pelo aumento da temperatura e por a\u00e7\u00f5es humanas.<\/a><\/li><li>Carta aberta ao povo de Teres\u00f3polis (sobre a <a rel=\"noreferrer noopener\" href=\"http:\/\/treinamentolivre.com\/aluno02\/wp-content\/uploads\/2023\/05\/carta_ao_povo_de_teresopois-scaled.jpeg\" target=\"_blank\">privatiza\u00e7\u00e3o das \u00e1guas<\/a>).<\/li><li><a rel=\"noreferrer noopener\" href=\"https:\/\/treinamentolivre.com\/aluno02\/arquivos\/679\" target=\"_blank\">\u00c1gua: poder e pol\u00edtica em Teres\u00f3polis<\/a>.<\/li><\/ul><\/li><li>Previd\u00eancia Social<ul><li><a rel=\"noreferrer noopener\" href=\"https:\/\/treinamentolivre.com\/aluno02\/arquivos\/569\" target=\"_blank\">Previd\u00eancia no servi\u00e7o p\u00fablico federal<\/a>.<\/li><\/ul><\/li><li>O uso e dom\u00ednio e prote\u00e7\u00e3o do mar.<ul><li><a rel=\"noreferrer noopener\" href=\"https:\/\/www.tamar.org.br\/\" target=\"_blank\">Projeto Tamar<\/a>.<\/li><\/ul><\/li><li>Crime, justi\u00e7a e castigo.<ul><li><a rel=\"noreferrer noopener\" href=\"https:\/\/www.youtube.com\/watch?v=a_Cj13GY3iY\" target=\"_blank\">O sistema prisional e a re-socializa\u00e7\u00e3o<\/a>.<\/li><li><a rel=\"noreferrer noopener\" href=\"https:\/\/treinamentolivre.com\/aluno02\/arquivos\/733\" target=\"_blank\">Proteger o idoso e a pessoa com defici\u00eancia<\/a>.<\/li><\/ul><\/li><li>Educa\u00e7\u00e3o para todos.<ul><li>Alfabetiza\u00e7\u00e3o de adultos<\/li><li><a rel=\"noreferrer noopener\" href=\"https:\/\/crianca.mppr.mp.br\/pagina-1796.html#\" target=\"_blank\">Educa\u00e7\u00e3o para todos<\/a>.<\/li><li><a rel=\"noreferrer noopener\" href=\"https:\/\/www.cpt.com.br\/pcn\/pcn-parametros-curriculares-nacionais-documento-completo-atualizado-e-interativo#:~:text=Os%20PCNs%20%2D%20Par%C3%A2metros%20Curriculares%20Nacionais,fundamentais%20concernentes%20a%20cada%20disciplina&amp;text=Os%20PCNs%20servem%20como%20norteadores,adapt%C3%A1%2Dlos%20%C3%A0s%20peculiaridades%20locais.\" target=\"_blank\">Par\u00e2metros Curriculares Nacionais<\/a>.<\/li><li><a rel=\"noreferrer noopener\" href=\"https:\/\/observatorio.movimentopelabase.org.br\/analise-desafios-e-perspectivas-para-a-implantacao-do-novo-ensino-medio\/\" target=\"_blank\">Desafios e perspectivas para a implanta\u00e7\u00e3o do Novo Ensino M\u00e9dio<\/a>.<\/li><li>Capacita\u00e7\u00e3o profissional de n\u00edvel m\u00e9dio.<\/li><li><a rel=\"noreferrer noopener\" href=\"https:\/\/treinamentolivre.com\/aluno02\/arquivos\/700\" target=\"_blank\">Impacto do novo ensino m\u00e9dio nos trabalhadores da educa\u00e7\u00e3o do Rio<\/a>.<\/li><\/ul><\/li><li>Sa\u00fade e bem-estar para todos<ul><li><a rel=\"noreferrer noopener\" href=\"https:\/\/globoplay.globo.com\/v\/7761920\/\" target=\"_blank\">Programas voltados para idosos no RJ e em SP incentivam o envelhecimento saud\u00e1vel<\/a>.<\/li><li><a rel=\"noreferrer noopener\" href=\"https:\/\/g1.globo.com\/globo-reporter\/noticia\/2022\/11\/04\/saiba-mais-sobre-a-rede-de-voluntarios-conte-comigo.ghtml\" target=\"_blank\">Saiba mais sobre a rede de volunt\u00e1rios &#8220;Conte Comigo<\/a>&#8220;.<\/li><li><a rel=\"noreferrer noopener\" href=\"https:\/\/www.unasus.gov.br\/noticia\/como-e-o-novo-tratamento-para-alzheimer-o-1o-aprovado-em-18-anos\" target=\"_blank\">Como \u00e9 o novo tratamento para Alzheimer, o 1\u00ba aprovado em 18 anos<\/a>.<\/li><li><a rel=\"noreferrer noopener\" href=\"https:\/\/exame.com\/esg\/governo-e-responsavel-pela-felicidade-diz-ex-primeiro-ministro-do-butao\/\" target=\"_blank\">O But\u00e3o e o Minist\u00e9rio da Felicidade<\/a>.<\/li><\/ul><\/li><li>O Programa espacial.<ul><li><a rel=\"noreferrer noopener\" href=\"http:\/\/treinamentolivre.com\/aluno02\/wp-content\/uploads\/2022\/11\/Politica-Espacial-Brasileira-Consolidado.pdf\" target=\"_blank\">A pol\u00edtica espacial brasileira<\/a>.<\/li><li><a rel=\"noreferrer noopener\" href=\"https:\/\/revistagalileu.globo.com\/Ciencia\/Espaco\/noticia\/2019\/04\/11-mitos-e-verdades-sobre-base-de-alcantara-e-o-acordo-com-os-eua.html\" target=\"_blank\">11 mitos e verdades sobre a base de Alc\u00e2ntara e o acordo com os EUA<\/a>.<\/li><li><a rel=\"noreferrer noopener\" href=\"https:\/\/g1.globo.com\/ma\/maranhao\/noticia\/2022\/08\/23\/maior-acidente-da-historia-do-programa-espacial-brasileiro-completa-19-anos.ghtml\" target=\"_blank\">Base de Alc\u00e2ntara: Maior acidente da hist\u00f3ria do Programa Espacial Brasileiro completa 19 anos<\/a>.<\/li><\/ul><\/li><li>Or\u00e7amento, distribui\u00e7\u00e3o de renda, trabalho e pol\u00edtica fiscal.<ul><li><a rel=\"noreferrer noopener\" href=\"https:\/\/www.portaltransparencia.gov.br\/orcamento?ano=2022\" target=\"_blank\">Controladoria Geral da Uni\u00e3o &#8211; Or\u00e7amento Anual<\/a>.<\/li><\/ul><\/li><li>O estado democr\u00e1tico de direito, informa\u00e7\u00e3o e intelig\u00eancia.<ul><li><a href=\"https:\/\/www.gov.br\/abin\/pt-br\/centrais-de-conteudo\/publicacoes\/politica-nacional-de-inteligencia-1\/politica-nacional-de-inteligencia\">A Abin<\/a>.<ul><li><a rel=\"noreferrer noopener\" href=\"http:\/\/www.planalto.gov.br\/ccivil_03\/leis\/l9883.htm\" target=\"_blank\">Lei No 9.883, De 7 De Dezembro de 1999<\/a>. Institui o Sistema Brasileiro de Intelig\u00eancia, cria a Ag\u00eancia Brasileira de Intelig\u00eancia &#8211; ABIN, e d\u00e1 outras provid\u00eancias.<\/li><li>A ABIN e o estado democr\u00e1tico de Direito: Palestras do Tte. Cel. Tenente-Coronel Andr\u00e9 Soares, Diretor-Presidente de Intelig\u00eancia Operacional da ABIN, Biblioteca Nacional\/DF, 06 de setembro de 2013.<ul><li><a rel=\"noreferrer noopener\" href=\"http:\/\/treinamentolivre.com\/aluno02\/wp-content\/uploads\/2023\/01\/A-ABIN-e-o-estado-democratico-de-direito-Parte-1.mp4\" target=\"_blank\">Parte#1<\/a><\/li><li>Parte#2<\/li><li>Parte#3<\/li><li>Parte#4<\/li><\/ul><\/li><li><a rel=\"noreferrer noopener\" href=\"http:\/\/treinamentolivre.com\/aluno02\/wp-content\/uploads\/2023\/01\/Andre-Soares-relembra-operacoes-da-ABIN-Identidade-Geral.mp4\" target=\"_blank\">Andr\u00e9 Soares relembra opera\u00e7\u00f5es da ABIN<\/a> &#8211; Programa Identidade Geral.<\/li><\/ul><\/li><li>For\u00e7as Armadas n\u00e3o s\u00e3o poder moderador, diz <a rel=\"noreferrer noopener\" href=\"https:\/\/g1.globo.com\/politica\/blog\/andreia-sadi\/post\/2023\/03\/16\/forcas-armadas-nao-sao-poder-moderador-diz-presidente-do-superior-tribunal-militar.ghtml\" target=\"_blank\">novo presidente do Superior Tribunal Militar<\/a>.<\/li><li><a rel=\"noreferrer noopener\" href=\"https:\/\/pt.wikipedia.org\/wiki\/Marco_Civil_da_Internet\" target=\"_blank\">O Marco civil da internet<\/a>.<\/li><\/ul><ul><li><a rel=\"noreferrer noopener\" href=\"https:\/\/pt.wikipedia.org\/wiki\/Lei_Geral_de_Prote%C3%A7%C3%A3o_de_Dados_Pessoais\" target=\"_blank\">A LGPD<\/a> .<\/li><li><a rel=\"noreferrer noopener\" href=\"https:\/\/pt.wikipedia.org\/wiki\/Marco_Civil_da_Internet\" target=\"_blank\">Problemas nas redes sociais<\/a>.<\/li><\/ul><ul><li>Revista Piau\u00ed: <a rel=\"noreferrer noopener\" href=\"https:\/\/piaui.folha.uol.com.br\/investigacoes-sobre-o-diretor-da-prf-estao-protegidas-por-sigilo-de-100-anos\/\" target=\"_blank\">Investiga\u00e7\u00f5es sobre o diretor da PRF est\u00e3o protegidas por sigilo de 100 Anos<\/a>.<\/li><li><a href=\"https:\/\/www.netflix.com\/br\/title\/81254224?s=a&amp;trkid=13747225&amp;trg=cp&amp;vlang=pt&amp;clip=81571034\" target=\"_blank\" rel=\"noreferrer noopener\">O Dilema das Redes<\/a><\/li><\/ul><\/li><li>Tend\u00eancias demogr\u00e1ficas.<\/li><li>Definindo e protegendo a cultura nacional.<ul><li>Mem\u00f3ria.<\/li><li>Artes<\/li><li>Arquitetura<\/li><li>Gastronomia<\/li><li>Os falares nacionais<\/li><li>Antropologia cultural<\/li><li>Literatura<\/li><\/ul><\/li><li>Ci\u00eancia, \u00e9tica, tecnologia, prepara\u00e7\u00e3o e aproveitamento de pessoal.<ul><li>Pol\u00edtica nuclear: <a rel=\"noreferrer noopener\" href=\"https:\/\/youtu.be\/nmgFG7PUHfo\" target=\"_blank\">The Most Important Algorithm Of All Time<\/a>.<\/li><li><a href=\"https:\/\/treinamentolivre.com\/aluno01\/?s=%C3%A9tica\">Intelig\u00eancia artificial e direitos fundamentais<\/a>.<\/li><\/ul><\/li><li>Defesa<ul><li><a rel=\"noreferrer noopener\" href=\"https:\/\/www.youtube.com\/watch?v=MyJPnPiA6Jk\" target=\"_blank\">Conhe\u00e7a detalhes do maior navio de guerra do Brasil.<\/a><\/li><li><a rel=\"noreferrer noopener\" href=\"https:\/\/www.youtube.com\/watch?v=B0XzTxVcLvo\" target=\"_blank\">O Brasil vai mesmo construir um porta-avi\u00f5es<\/a> ?<\/li><li><a rel=\"noreferrer noopener\" href=\"https:\/\/youtu.be\/RmTqGErIcXQ\" target=\"_blank\">Os 4 novos ca\u00e7as Gripen da FAB<\/a>.<\/li><\/ul><\/li><li>A precariedade da infraestrutura.<ul><li>Saneamento<\/li><li>Transportes<\/li><li>Telecomunica\u00e7\u00f5es<\/li><li>Energia<ul><li><a rel=\"noreferrer noopener\" href=\"https:\/\/valorinveste.globo.com\/mercados\/brasil-e-politica\/noticia\/2021\/06\/14\/5-fragilidades-do-sistema-eletrico-que-voltam-a-tona-com-crise-hidrica.ghtml\" target=\"_blank\">5 fragilidades do sistema el\u00e9trico que voltam \u00e0 tona com crise h\u00eddrica<\/a>.<\/li><\/ul><\/li><\/ul><\/li><li>Extremismo, terrorismo e experi\u00eancias sociais.<ul><li>O <a rel=\"noreferrer noopener\" href=\"https:\/\/treinamentolivre.com\/aluno02\/arquivos\/641\" target=\"_blank\">Projeto Camelot<\/a><\/li><\/ul><\/li><li>Os centros de tecnologia da informa\u00e7\u00e3o.<ul><li><a rel=\"noreferrer noopener\" href=\"https:\/\/congressoemfoco.uol.com.br\/tipo\/patrocinado\/salve-seus-dados\/apos-anos-de-tentativa-de-privatizacao-dataprev-e-serpro-sao-chamadas-de-parceiras\/\" target=\"_blank\">Ap\u00f3s anos de tentativa de privatiza\u00e7\u00e3o, Dataprev e Serpro s\u00e3o chamadas de \u201cparceiras&#8221;<\/a>.<\/li><li><a rel=\"noreferrer noopener\" href=\"https:\/\/congressoemfoco.uol.com.br\/tipo\/patrocinado\/salve-seus-dados\/dataprev-e-serpro-sao-fundamentais-para-a-manutencao-da-democracia\/\" target=\"_blank\">Dataprev E Serpro S\u00e3o Fundamentais Para A Manuten\u00e7\u00e3o Da Democracia<\/a>.<\/li><\/ul><\/li><li>Um pa\u00eds \u00e9 um sistema complexo ?<ul><li><a rel=\"noreferrer noopener\" href=\"https:\/\/passapalavra.info\/2020\/10\/134803\/\" target=\"_blank\">O problema da escala: pol\u00edtica entre o micro e o macro.<\/a><\/li><\/ul><\/li><li>Corrup\u00e7\u00e3o<ul><li><a rel=\"noreferrer noopener\" href=\"https:\/\/youtu.be\/CaqiAZbmtNA\" target=\"_blank\">Que Brasil queremos? &#8211; Leandro Karnal<\/a><\/li><\/ul><\/li><li>Povos Origin\u00e1rios<ul><li><a rel=\"noreferrer noopener\" href=\"https:\/\/g1.globo.com\/rr\/roraima\/noticia\/2023\/01\/20\/ministerio-da-saude-atende-indigenas-e-elabora-diagnostico-sobre-crise-sanitaria-yanomami.ghtml\" target=\"_blank\">Minist\u00e9rio da Sa\u00fade resgata ind\u00edgenas Yanomami com desnutri\u00e7\u00e3o grave e mal\u00e1ria<\/a><\/li><\/ul><\/li><li>A quest\u00e3o nuclear<\/li><li>O processo de elei\u00e7\u00f5es, a representatividade e a transi\u00e7\u00e3o pol\u00edtica<ul><li><a rel=\"noreferrer noopener\" href=\"https:\/\/youtu.be\/Q6HvLoFMeEw\" target=\"_blank\">Entrevista especial: Fernando Henrique Cardoso<\/a>.<\/li><li>Ass\u00e9dio eleitoral em<a rel=\"noreferrer noopener\" href=\"https:\/\/youtu.be\/KSncRowxmZw\" target=\"_blank\"> Coronel Sapucaia<\/a> (MS) &#8211; 2022.<\/li><li>Bolsonarismo no Brasil, bloqueios e sil\u00eancio de Bolsonaro: <a rel=\"noreferrer noopener\" href=\"https:\/\/youtu.be\/kQqzF_ksoQc\" target=\"_blank\">Jo\u00e3o Cezar de Castro Rocha<\/a> analisa.<\/li><li>Maierovitch: <a rel=\"noreferrer noopener\" href=\"https:\/\/noticias.uol.com.br\/videos\/2022\/11\/01\/maierovitch-bloqueio-de-rodovias-e-arma-engatilhada-nas-maos-de-bolsonaro.htm\" target=\"_blank\">Bloqueio de rodovias \u00e9 arma engatilhada nas m\u00e3os de Bolsonaro.<\/a><\/li><li><a rel=\"noreferrer noopener\" href=\"https:\/\/www.band.uol.com.br\/noticias\/exercito-divulga-relatorio-de-fiscalizacao-das-urnas-eletronicas-16562192\" target=\"_blank\">Minist\u00e9rio da Defesa divulga relat\u00f3rio de fiscaliza\u00e7\u00e3o das urnas eletr\u00f4nicas<\/a>.<\/li><li><a rel=\"noreferrer noopener\" href=\"https:\/\/gabinetedatransicao.com.br\/noticias\/gabinete-de-transicao-alckmin-anuncia-integrantes-de-mais-16-grupos-tecnicos\/\" target=\"_blank\">Grupos T\u00e9cnicos do Gabinete de Transi\u00e7\u00e3o<\/a> &#8211; An\u00fancio dos nomes dos integrantes foi realizado no CCBB em Bras\u00edlia, sede da transi\u00e7\u00e3o de governo.<\/li><\/ul><\/li><\/ol>\n\n\n\n<p><\/p>\n","protected":false},"excerpt":{"rendered":"<p>Seguran\u00e7a Seguran\u00e7a alimentar Como o Brasil produz tanto e tem tanta fome ? Como Lula vai tirar o Brasil do Mapa da Fome de novo. O Brasil e a Agenda 2030. Clima Fuma\u00e7a de inc\u00eandios no Canad\u00e1 invade os EUA e autoridades pedem para as pessoas n\u00e3o ficarem nas ruas. O monstro h\u00fangaro que apagou &hellip; <a href=\"https:\/\/treinamentolivre.com\/aluno02\/problemas-brasileiros\" class=\"more-link\">Continue reading <span class=\"screen-reader-text\">Problemas<\/span> <span class=\"meta-nav\">&rarr;<\/span><\/a><\/p>\n","protected":false},"author":1,"featured_media":0,"parent":0,"menu_order":0,"comment_status":"closed","ping_status":"closed","template":"","meta":[],"_links":{"self":[{"href":"https:\/\/treinamentolivre.com\/aluno02\/wp-json\/wp\/v2\/pages\/234"}],"collection":[{"href":"https:\/\/treinamentolivre.com\/aluno02\/wp-json\/wp\/v2\/pages"}],"about":[{"href":"https:\/\/treinamentolivre.com\/aluno02\/wp-json\/wp\/v2\/types\/page"}],"author":[{"embeddable":true,"href":"https:\/\/treinamentolivre.com\/aluno02\/wp-json\/wp\/v2\/users\/1"}],"replies":[{"embeddable":true,"href":"https:\/\/treinamentolivre.com\/aluno02\/wp-json\/wp\/v2\/comments?post=234"}],"version-history":[{"count":145,"href":"https:\/\/treinamentolivre.com\/aluno02\/wp-json\/wp\/v2\/pages\/234\/revisions"}],"predecessor-version":[{"id":820,"href":"https:\/\/treinamentolivre.com\/aluno02\/wp-json\/wp\/v2\/pages\/234\/revisions\/820"}],"wp:attachment":[{"href":"https:\/\/treinamentolivre.com\/aluno02\/wp-json\/wp\/v2\/media?parent=234"}],"curies":[{"name":"wp","href":"https:\/\/api.w.org\/{rel}","templated":true}]}}