{"id":151,"date":"2022-04-27T21:20:26","date_gmt":"2022-04-28T00:20:26","guid":{"rendered":"https:\/\/treinamentolivre.com\/aluno02\/?page_id=151"},"modified":"2023-11-01T08:55:41","modified_gmt":"2023-11-01T11:55:41","slug":"seus-dados","status":"publish","type":"page","link":"https:\/\/treinamentolivre.com\/aluno02\/seus-dados","title":{"rendered":"Seus dados"},"content":{"rendered":"\n<p>Aqui voc\u00ea fica sabendo quais s\u00e3o os dados que temos ao seu respeito e como esses dados s\u00e3o tratados.<\/p>\n\n\n\n<p>Por enquanto, s\u00f3 coletamos seus dados se voc\u00ea fizer algum coment\u00e1rio. E os dados coletados est\u00e3o l\u00e1, bem claros.<\/p>\n\n\n\n<p>O seu endere\u00e7o IP ? N\u00e3o nos interessa.<\/p>\n\n\n\n<p><\/p>\n\n\n\n<p><\/p>\n","protected":false},"excerpt":{"rendered":"<p>Aqui voc\u00ea fica sabendo quais s\u00e3o os dados que temos ao seu respeito e como esses dados s\u00e3o tratados. Por enquanto, s\u00f3 coletamos seus dados se voc\u00ea fizer algum coment\u00e1rio. E os dados coletados est\u00e3o l\u00e1, bem claros. O seu endere\u00e7o IP ? N\u00e3o nos interessa.<\/p>\n","protected":false},"author":1,"featured_media":0,"parent":0,"menu_order":0,"comment_status":"closed","ping_status":"closed","template":"","meta":[],"_links":{"self":[{"href":"https:\/\/treinamentolivre.com\/aluno02\/wp-json\/wp\/v2\/pages\/151"}],"collection":[{"href":"https:\/\/treinamentolivre.com\/aluno02\/wp-json\/wp\/v2\/pages"}],"about":[{"href":"https:\/\/treinamentolivre.com\/aluno02\/wp-json\/wp\/v2\/types\/page"}],"author":[{"embeddable":true,"href":"https:\/\/treinamentolivre.com\/aluno02\/wp-json\/wp\/v2\/users\/1"}],"replies":[{"embeddable":true,"href":"https:\/\/treinamentolivre.com\/aluno02\/wp-json\/wp\/v2\/comments?post=151"}],"version-history":[{"count":4,"href":"https:\/\/treinamentolivre.com\/aluno02\/wp-json\/wp\/v2\/pages\/151\/revisions"}],"predecessor-version":[{"id":726,"href":"https:\/\/treinamentolivre.com\/aluno02\/wp-json\/wp\/v2\/pages\/151\/revisions\/726"}],"wp:attachment":[{"href":"https:\/\/treinamentolivre.com\/aluno02\/wp-json\/wp\/v2\/media?parent=151"}],"curies":[{"name":"wp","href":"https:\/\/api.w.org\/{rel}","templated":true}]}}