{"id":147,"date":"2022-04-27T21:17:27","date_gmt":"2022-04-28T00:17:27","guid":{"rendered":"https:\/\/treinamentolivre.com\/aluno02\/?page_id=147"},"modified":"2022-11-01T19:49:05","modified_gmt":"2022-11-01T22:49:05","slug":"ajuda","status":"publish","type":"page","link":"https:\/\/treinamentolivre.com\/aluno02\/ajuda","title":{"rendered":"Sobre o site"},"content":{"rendered":"\n<blockquote class=\"wp-block-quote\"><p>Este \u00e9 um site de exerc\u00edcios do curso de <a rel=\"noreferrer noopener\" href=\"https:\/\/treinamentolivre.com\/?page_id=42\" target=\"_blank\">WordPress<\/a> do <a rel=\"noreferrer noopener\" href=\"http:\/\/imbuhy.com\" data-type=\"URL\" data-id=\"imbuhy.com\" target=\"_blank\">Instituto Imbuhy<\/a>. \u00c9 s\u00f3 uma distra\u00e7\u00e3o \u00fatil, ok ?<\/p><p><\/p><\/blockquote>\n\n\n\n<p><strong>A mentira como arma<\/strong>.<\/p>\n\n\n\n<p>A mentira desponta como um dos fatores mais eficientes contra a felicidade da humanidade e o futuro dos povos. \u00c9 um dos instrumentos de domina\u00e7\u00e3o, destinado a gerar o caos.  Al\u00e9m dela, o \u00f3dio e o desrespeito com as diferen\u00e7as, a gan\u00e2ncia, o desrespeito aos direitos humanos, a destrui\u00e7\u00e3o do meio-ambiente, a riqueza de poucos e a mis\u00e9ria de muitos. A falta de generosidade e empatia completam esse quadro pavoroso. <\/p>\n\n\n\n<p><\/p>\n\n\n\n<p><strong>Nossos valores:<\/strong><\/p>\n\n\n\n<ul><li>A prote\u00e7\u00e3o do Dharma<\/li><li>A validade do caminho \u00f3ctuplo<\/li><\/ul>\n\n\n\n<p><\/p>\n\n\n\n<p><strong>Objetivos:<\/strong><\/p>\n\n\n\n<ul><li>Progresso do Brasil;<\/li><li>Protagonismo de nossa na\u00e7\u00e3o na melhoria da qualidade da vida mundial;<\/li><li>Minimiza\u00e7\u00e3o do sofrimento em nossa terra;<\/li><li>Uso os preceitos do budismo na pol\u00edtica;<\/li><li>An\u00e1lise l\u00f3gica da pol\u00edtica brasileira.<\/li><\/ul>\n\n\n\n<p><\/p>\n\n\n\n<p>Lembramos ao visitante que budismo n\u00e3o \u00e9 religi\u00e3o; \u00e9 filosofia e \u00e9tica &#8211; baseada num arcabou\u00e7o l\u00f3gico bem consistente ! <\/p>\n","protected":false},"excerpt":{"rendered":"<p>Este \u00e9 um site de exerc\u00edcios do curso de WordPress do Instituto Imbuhy. \u00c9 s\u00f3 uma distra\u00e7\u00e3o \u00fatil, ok ? A mentira como arma. A mentira desponta como um dos fatores mais eficientes contra a felicidade da humanidade e o futuro dos povos. \u00c9 um dos instrumentos de domina\u00e7\u00e3o, destinado a gerar o caos. Al\u00e9m &hellip; <a href=\"https:\/\/treinamentolivre.com\/aluno02\/ajuda\" class=\"more-link\">Continue reading <span class=\"screen-reader-text\">Sobre o site<\/span> <span class=\"meta-nav\">&rarr;<\/span><\/a><\/p>\n","protected":false},"author":1,"featured_media":0,"parent":0,"menu_order":0,"comment_status":"closed","ping_status":"closed","template":"","meta":[],"_links":{"self":[{"href":"https:\/\/treinamentolivre.com\/aluno02\/wp-json\/wp\/v2\/pages\/147"}],"collection":[{"href":"https:\/\/treinamentolivre.com\/aluno02\/wp-json\/wp\/v2\/pages"}],"about":[{"href":"https:\/\/treinamentolivre.com\/aluno02\/wp-json\/wp\/v2\/types\/page"}],"author":[{"embeddable":true,"href":"https:\/\/treinamentolivre.com\/aluno02\/wp-json\/wp\/v2\/users\/1"}],"replies":[{"embeddable":true,"href":"https:\/\/treinamentolivre.com\/aluno02\/wp-json\/wp\/v2\/comments?post=147"}],"version-history":[{"count":32,"href":"https:\/\/treinamentolivre.com\/aluno02\/wp-json\/wp\/v2\/pages\/147\/revisions"}],"predecessor-version":[{"id":349,"href":"https:\/\/treinamentolivre.com\/aluno02\/wp-json\/wp\/v2\/pages\/147\/revisions\/349"}],"wp:attachment":[{"href":"https:\/\/treinamentolivre.com\/aluno02\/wp-json\/wp\/v2\/media?parent=147"}],"curies":[{"name":"wp","href":"https:\/\/api.w.org\/{rel}","templated":true}]}}