{"id":539,"date":"2021-05-22T09:46:06","date_gmt":"2021-05-22T12:46:06","guid":{"rendered":"http:\/\/treinamentolivre.com\/aluno01\/?page_id=539"},"modified":"2024-02-13T16:05:28","modified_gmt":"2024-02-13T19:05:28","slug":"filmes","status":"publish","type":"page","link":"https:\/\/treinamentolivre.com\/aluno01\/filmes","title":{"rendered":"Mass Media"},"content":{"rendered":"\n<p>Falar de filmes que te fa\u00e7am pensar em IA de modo criativo e cient\u00edfico n\u00e3o \u00e9 facil. Seria mais simples fazer uma lista de filmes que eu n\u00e3o aconselharia, por exemplo a nova s\u00e9rie Perdidos no Espa\u00e7o, da Netflix. Apesar do rob\u00f4 ter uma concep\u00e7\u00e3o mec\u00e2nica muito interessante, a narrativa cansa e isso me faz perder o foco em IA. De certa  forma, a excelente atua\u00e7\u00e3o da &#8220;Dra. Smith&#8221;  \u00e9 irritante.<\/p>\n\n\n\n<p><\/p>\n\n\n\n<p>Minha primeira indica\u00e7\u00e3o ser\u00e1 o primeiro cap\u00edtulo de Love, Death &amp; Robots, da Netflix, uma deliciosa alegor\u00eda sobre um aspirador de p\u00f3 descontrolado. O epis\u00f3dio ajuda numa bela discuss\u00e3o sobre seguran\u00e7a de rob\u00f4s e tamb\u00e9m sobre a perniciosa evolu\u00e7\u00e3o dos servi\u00e7os de atendimento ao cliente. A gente nunca pensa num helpdesk para clientes de servi\u00e7os de IA. Em compensa\u00e7\u00e3o o uso atual de IA em helpdesk irrita&#8230;<\/p>\n\n\n\n<p>Siga aqui os posts sobre este e outros filmes interessantes e motivadores.<\/p>\n\n\n\n<p><\/p>\n\n\n\n<figure class=\"wp-block-embed is-type-wp-embed is-provider-i-2-inteligencia-artificial wp-block-embed-i-2-inteligencia-artificial\"><div class=\"wp-block-embed__wrapper\">\n<blockquote class=\"wp-embedded-content\" data-secret=\"vvf0ZzMU5T\"><a href=\"https:\/\/treinamentolivre.com\/aluno01\/arquivos\/1561\">Better than us.<\/a><\/blockquote><iframe class=\"wp-embedded-content\" sandbox=\"allow-scripts\" security=\"restricted\" style=\"position: absolute; clip: rect(1px, 1px, 1px, 1px);\" title=\"&#8220;Better than us.&#8221; &#8212; I2 - Intelig\u00eancia Artificial\" src=\"https:\/\/treinamentolivre.com\/aluno01\/arquivos\/1561\/embed#?secret=vvf0ZzMU5T\" data-secret=\"vvf0ZzMU5T\" width=\"500\" height=\"282\" frameborder=\"0\" marginwidth=\"0\" marginheight=\"0\" scrolling=\"no\"><\/iframe>\n<\/div><\/figure>\n\n\n\n<p><\/p>\n\n\n\n<figure class=\"wp-block-embed is-type-wp-embed is-provider-i-2-inteligencia-artificial wp-block-embed-i-2-inteligencia-artificial\"><div class=\"wp-block-embed__wrapper\">\n<blockquote class=\"wp-embedded-content\" data-secret=\"raw1PkvSd5\"><a href=\"http:\/\/treinamentolivre.com\/aluno01\/arquivos\/550\">Atendimento autom\u00e1tico ao cliente.<\/a><\/blockquote><iframe class=\"wp-embedded-content\" sandbox=\"allow-scripts\" security=\"restricted\" style=\"position: absolute; clip: rect(1px, 1px, 1px, 1px);\" title=\"&#8220;Atendimento autom\u00e1tico ao cliente.&#8221; &#8212; I2 - Intelig\u00eancia Artificial\" src=\"http:\/\/treinamentolivre.com\/aluno01\/arquivos\/550\/embed#?secret=raw1PkvSd5\" data-secret=\"raw1PkvSd5\" width=\"500\" height=\"282\" frameborder=\"0\" marginwidth=\"0\" marginheight=\"0\" scrolling=\"no\"><\/iframe>\n<\/div><\/figure>\n\n\n\n<figure class=\"wp-block-embed is-type-wp-embed is-provider-i-2-inteligencia-artificial wp-block-embed-i-2-inteligencia-artificial\"><div class=\"wp-block-embed__wrapper\">\n<blockquote class=\"wp-embedded-content\" data-secret=\"47Mk04SndZ\"><a href=\"http:\/\/treinamentolivre.com\/aluno01\/arquivos\/556\">EX_MACHINA<\/a><\/blockquote><iframe class=\"wp-embedded-content\" sandbox=\"allow-scripts\" security=\"restricted\" style=\"position: absolute; clip: rect(1px, 1px, 1px, 1px);\" title=\"&#8220;EX_MACHINA&#8221; &#8212; I2 - Intelig\u00eancia Artificial\" src=\"http:\/\/treinamentolivre.com\/aluno01\/arquivos\/556\/embed#?secret=47Mk04SndZ\" data-secret=\"47Mk04SndZ\" width=\"500\" height=\"282\" frameborder=\"0\" marginwidth=\"0\" marginheight=\"0\" scrolling=\"no\"><\/iframe>\n<\/div><\/figure>\n\n\n\n<figure class=\"wp-block-embed is-type-wp-embed is-provider-i-2-inteligencia-artificial wp-block-embed-i-2-inteligencia-artificial\"><div class=\"wp-block-embed__wrapper\">\n<blockquote class=\"wp-embedded-content\" data-secret=\"65hOJLeMrJ\"><a href=\"http:\/\/treinamentolivre.com\/aluno01\/arquivos\/570\">&#8220;Blade Runner&#8221;<\/a><\/blockquote><iframe class=\"wp-embedded-content\" sandbox=\"allow-scripts\" security=\"restricted\" style=\"position: absolute; clip: rect(1px, 1px, 1px, 1px);\" title=\"&#8220;&#8220;Blade Runner&#8221;&#8221; &#8212; I2 - Intelig\u00eancia Artificial\" src=\"http:\/\/treinamentolivre.com\/aluno01\/arquivos\/570\/embed#?secret=65hOJLeMrJ\" data-secret=\"65hOJLeMrJ\" width=\"500\" height=\"282\" frameborder=\"0\" marginwidth=\"0\" marginheight=\"0\" scrolling=\"no\"><\/iframe>\n<\/div><\/figure>\n\n\n\n<p><\/p>\n\n\n\n<p><\/p>\n\n\n\n<p><\/p>\n\n\n\n<p><\/p>\n\n\n\n<figure class=\"wp-block-embed is-type-wp-embed is-provider-i-2-inteligencia-artificial wp-block-embed-i-2-inteligencia-artificial\"><div class=\"wp-block-embed__wrapper\">\n<blockquote class=\"wp-embedded-content\" data-secret=\"guAhNJugZt\"><a href=\"https:\/\/treinamentolivre.com\/aluno01\/arquivos\/1915\">\u2018Deepfakes, destruction\u2019: Artificial intelligence&#8217;s \u2018real danger\u2019 to humanity<\/a><\/blockquote><iframe class=\"wp-embedded-content\" sandbox=\"allow-scripts\" security=\"restricted\" style=\"position: absolute; clip: rect(1px, 1px, 1px, 1px);\" title=\"&#8220;\u2018Deepfakes, destruction\u2019: Artificial intelligence&#8217;s \u2018real danger\u2019 to humanity&#8221; &#8212; I2 - Intelig\u00eancia Artificial\" src=\"https:\/\/treinamentolivre.com\/aluno01\/arquivos\/1915\/embed#?secret=8iHCLTU7b9#?secret=guAhNJugZt\" data-secret=\"guAhNJugZt\" width=\"500\" height=\"282\" frameborder=\"0\" marginwidth=\"0\" marginheight=\"0\" scrolling=\"no\"><\/iframe>\n<\/div><\/figure>\n","protected":false},"excerpt":{"rendered":"<p>Falar de filmes que te fa\u00e7am pensar em IA de modo criativo e cient\u00edfico n\u00e3o \u00e9 facil. Seria mais simples fazer uma lista de filmes que eu n\u00e3o aconselharia, por&#8230;<\/p>\n<div class=\"more-link-wrapper\"><a class=\"more-link\" href=\"https:\/\/treinamentolivre.com\/aluno01\/filmes\">Continuar a ler&#8230;<span class=\"screen-reader-text\">Mass Media<\/span><\/a><\/div>\n","protected":false},"author":2,"featured_media":0,"parent":0,"menu_order":0,"comment_status":"closed","ping_status":"closed","template":"","meta":{"footnotes":""},"_links":{"self":[{"href":"https:\/\/treinamentolivre.com\/aluno01\/wp-json\/wp\/v2\/pages\/539"}],"collection":[{"href":"https:\/\/treinamentolivre.com\/aluno01\/wp-json\/wp\/v2\/pages"}],"about":[{"href":"https:\/\/treinamentolivre.com\/aluno01\/wp-json\/wp\/v2\/types\/page"}],"author":[{"embeddable":true,"href":"https:\/\/treinamentolivre.com\/aluno01\/wp-json\/wp\/v2\/users\/2"}],"replies":[{"embeddable":true,"href":"https:\/\/treinamentolivre.com\/aluno01\/wp-json\/wp\/v2\/comments?post=539"}],"version-history":[{"count":14,"href":"https:\/\/treinamentolivre.com\/aluno01\/wp-json\/wp\/v2\/pages\/539\/revisions"}],"predecessor-version":[{"id":1949,"href":"https:\/\/treinamentolivre.com\/aluno01\/wp-json\/wp\/v2\/pages\/539\/revisions\/1949"}],"wp:attachment":[{"href":"https:\/\/treinamentolivre.com\/aluno01\/wp-json\/wp\/v2\/media?parent=539"}],"curies":[{"name":"wp","href":"https:\/\/api.w.org\/{rel}","templated":true}]}}