{"id":406,"date":"2021-04-24T10:19:37","date_gmt":"2021-04-24T13:19:37","guid":{"rendered":"http:\/\/treinamentolivre.com\/aluno01\/?page_id=406"},"modified":"2023-08-17T22:18:42","modified_gmt":"2023-08-18T01:18:42","slug":"livros","status":"publish","type":"page","link":"https:\/\/treinamentolivre.com\/aluno01\/livros","title":{"rendered":"Livros"},"content":{"rendered":"\n<figure class=\"wp-block-embed is-type-wp-embed is-provider-i-2-inteligencia-artificial wp-block-embed-i-2-inteligencia-artificial\"><div class=\"wp-block-embed__wrapper\">\n<blockquote class=\"wp-embedded-content\" data-secret=\"nKLoGZqpTN\"><a href=\"https:\/\/treinamentolivre.com\/aluno01\/arquivos\/1766\">Deep Learning<\/a><\/blockquote><iframe class=\"wp-embedded-content\" sandbox=\"allow-scripts\" security=\"restricted\" style=\"position: absolute; clip: rect(1px, 1px, 1px, 1px);\" title=\"&#8220;Deep Learning&#8221; &#8212; I2 - Intelig\u00eancia Artificial\" src=\"https:\/\/treinamentolivre.com\/aluno01\/arquivos\/1766\/embed#?secret=nKLoGZqpTN\" data-secret=\"nKLoGZqpTN\" width=\"500\" height=\"282\" frameborder=\"0\" marginwidth=\"0\" marginheight=\"0\" scrolling=\"no\"><\/iframe>\n<\/div><\/figure>\n\n\n\n<p><\/p>\n\n\n\n<figure class=\"wp-block-embed is-type-wp-embed is-provider-i-2-inteligencia-artificial wp-block-embed-i-2-inteligencia-artificial\"><div class=\"wp-block-embed__wrapper\">\n<blockquote class=\"wp-embedded-content\" data-secret=\"TlKHdkjLKU\"><a href=\"https:\/\/treinamentolivre.com\/aluno01\/arquivos\/1609\">OpenAI: Qual \u00e9 o melhor livro dispon\u00edvel sobre intelig\u00eancia artificial ?<\/a><\/blockquote><iframe class=\"wp-embedded-content\" sandbox=\"allow-scripts\" security=\"restricted\" style=\"position: absolute; clip: rect(1px, 1px, 1px, 1px);\" title=\"&#8220;OpenAI: Qual \u00e9 o melhor livro dispon\u00edvel sobre intelig\u00eancia artificial ?&#8221; &#8212; I2 - Intelig\u00eancia Artificial\" src=\"https:\/\/treinamentolivre.com\/aluno01\/arquivos\/1609\/embed#?secret=TlKHdkjLKU\" data-secret=\"TlKHdkjLKU\" width=\"500\" height=\"282\" frameborder=\"0\" marginwidth=\"0\" marginheight=\"0\" scrolling=\"no\"><\/iframe>\n<\/div><\/figure>\n\n\n\n<p>Zhongzhi Shi: <a rel=\"noreferrer noopener\" href=\"https:\/\/www.estantevirtual.com.br\/umlivro\/zhongzhi-shi-advanced-artificial-intelligence-3630542397?gclid=CjwKCAiAoL6eBhA3EiwAXDom5lh8C6GYeVortbtt74XmfnKETo5K5VHtuDZXBl77U2mDlHVkW9qJXxoCBokQAvD_BwE\" target=\"_blank\">Advanced Artificial Intelligence<\/a><\/p>\n\n\n\n<p>Expert Academy: <a rel=\"noreferrer noopener\" href=\"https:\/\/iaexpert.academy\/livros-inteligencia-artificial\/\" target=\"_blank\">Livros sobre Intelig\u00eancia Artificial<\/a>.<\/p>\n\n\n\n<p><\/p>\n\n\n\n<figure class=\"wp-block-embed is-type-wp-embed is-provider-i-2-inteligencia-artificial wp-block-embed-i-2-inteligencia-artificial\"><div class=\"wp-block-embed__wrapper\">\n<blockquote class=\"wp-embedded-content\" data-secret=\"TTyFxFlUXR\"><a href=\"https:\/\/treinamentolivre.com\/aluno01\/arquivos\/1273\">Richard Forsyth: &#8220;Machine Learning&#8221;<\/a><\/blockquote><iframe class=\"wp-embedded-content\" sandbox=\"allow-scripts\" security=\"restricted\" style=\"position: absolute; clip: rect(1px, 1px, 1px, 1px);\" title=\"&#8220;Richard Forsyth: &#8220;Machine Learning&#8221;&#8221; &#8212; I2 - Intelig\u00eancia Artificial\" src=\"https:\/\/treinamentolivre.com\/aluno01\/arquivos\/1273\/embed#?secret=TTyFxFlUXR\" data-secret=\"TTyFxFlUXR\" width=\"500\" height=\"282\" frameborder=\"0\" marginwidth=\"0\" marginheight=\"0\" scrolling=\"no\"><\/iframe>\n<\/div><\/figure>\n\n\n\n<figure class=\"wp-block-embed is-type-wp-embed is-provider-i-2-inteligencia-artificial wp-block-embed-i-2-inteligencia-artificial\"><div class=\"wp-block-embed__wrapper\">\n<blockquote class=\"wp-embedded-content\" data-secret=\"sVOd9c0rYC\"><a href=\"https:\/\/treinamentolivre.com\/aluno01\/arquivos\/521\">Algoritmos de destrui\u00e7\u00e3o em massa<\/a><\/blockquote><iframe class=\"wp-embedded-content\" sandbox=\"allow-scripts\" security=\"restricted\" style=\"position: absolute; clip: rect(1px, 1px, 1px, 1px);\" title=\"&#8220;Algoritmos de destrui\u00e7\u00e3o em massa&#8221; &#8212; I2 - Intelig\u00eancia Artificial\" src=\"https:\/\/treinamentolivre.com\/aluno01\/arquivos\/521\/embed#?secret=sVOd9c0rYC\" data-secret=\"sVOd9c0rYC\" width=\"500\" height=\"282\" frameborder=\"0\" marginwidth=\"0\" marginheight=\"0\" scrolling=\"no\"><\/iframe>\n<\/div><\/figure>\n\n\n\n<p><\/p>\n\n\n\n<figure class=\"wp-block-embed is-type-wp-embed is-provider-i-2-inteligencia-artificial wp-block-embed-i-2-inteligencia-artificial\"><div class=\"wp-block-embed__wrapper\">\n<blockquote class=\"wp-embedded-content\" data-secret=\"8rm2Hn8UYP\"><a href=\"https:\/\/treinamentolivre.com\/aluno01\/ficcao-cientifica-e-ia\">Fic\u00e7\u00e3o cient\u00edfica e IA.<\/a><\/blockquote><iframe class=\"wp-embedded-content\" sandbox=\"allow-scripts\" security=\"restricted\" style=\"position: absolute; clip: rect(1px, 1px, 1px, 1px);\" title=\"&#8220;Fic\u00e7\u00e3o cient\u00edfica e IA.&#8221; &#8212; I2 - Intelig\u00eancia Artificial\" src=\"https:\/\/treinamentolivre.com\/aluno01\/ficcao-cientifica-e-ia\/embed#?secret=8rm2Hn8UYP\" data-secret=\"8rm2Hn8UYP\" width=\"500\" height=\"282\" frameborder=\"0\" marginwidth=\"0\" marginheight=\"0\" scrolling=\"no\"><\/iframe>\n<\/div><\/figure>\n","protected":false},"excerpt":{"rendered":"<p>Zhongzhi Shi: Advanced Artificial Intelligence Expert Academy: Livros sobre Intelig\u00eancia Artificial.<\/p>\n","protected":false},"author":2,"featured_media":0,"parent":0,"menu_order":0,"comment_status":"closed","ping_status":"closed","template":"","meta":{"footnotes":""},"_links":{"self":[{"href":"https:\/\/treinamentolivre.com\/aluno01\/wp-json\/wp\/v2\/pages\/406"}],"collection":[{"href":"https:\/\/treinamentolivre.com\/aluno01\/wp-json\/wp\/v2\/pages"}],"about":[{"href":"https:\/\/treinamentolivre.com\/aluno01\/wp-json\/wp\/v2\/types\/page"}],"author":[{"embeddable":true,"href":"https:\/\/treinamentolivre.com\/aluno01\/wp-json\/wp\/v2\/users\/2"}],"replies":[{"embeddable":true,"href":"https:\/\/treinamentolivre.com\/aluno01\/wp-json\/wp\/v2\/comments?post=406"}],"version-history":[{"count":14,"href":"https:\/\/treinamentolivre.com\/aluno01\/wp-json\/wp\/v2\/pages\/406\/revisions"}],"predecessor-version":[{"id":1771,"href":"https:\/\/treinamentolivre.com\/aluno01\/wp-json\/wp\/v2\/pages\/406\/revisions\/1771"}],"wp:attachment":[{"href":"https:\/\/treinamentolivre.com\/aluno01\/wp-json\/wp\/v2\/media?parent=406"}],"curies":[{"name":"wp","href":"https:\/\/api.w.org\/{rel}","templated":true}]}}