{"id":396,"date":"2021-04-23T20:34:33","date_gmt":"2021-04-23T23:34:33","guid":{"rendered":"http:\/\/treinamentolivre.com\/aluno01\/?page_id=396"},"modified":"2024-07-01T14:57:00","modified_gmt":"2024-07-01T17:57:00","slug":"escolas","status":"publish","type":"page","link":"https:\/\/treinamentolivre.com\/aluno01\/escolas","title":{"rendered":"Escolas"},"content":{"rendered":"\n<figure class=\"wp-block-embed is-type-wp-embed is-provider-i-2-inteligencia-artificial wp-block-embed-i-2-inteligencia-artificial\"><div class=\"wp-block-embed__wrapper\">\n<blockquote class=\"wp-embedded-content\" data-secret=\"0RH15rtK7C\"><a href=\"https:\/\/treinamentolivre.com\/aluno01\/arquivos\/2167\">Unicarioca: P\u00f3s em Intelig\u00eancia Artificial (IA)<\/a><\/blockquote><iframe class=\"wp-embedded-content\" sandbox=\"allow-scripts\" security=\"restricted\" style=\"position: absolute; clip: rect(1px, 1px, 1px, 1px);\" title=\"&#8220;Unicarioca: P\u00f3s em Intelig\u00eancia Artificial (IA)&#8221; &#8212; I2 - Intelig\u00eancia Artificial\" src=\"https:\/\/treinamentolivre.com\/aluno01\/arquivos\/2167\/embed#?secret=YC8j6S8vPX#?secret=0RH15rtK7C\" data-secret=\"0RH15rtK7C\" width=\"500\" height=\"282\" frameborder=\"0\" marginwidth=\"0\" marginheight=\"0\" scrolling=\"no\"><\/iframe>\n<\/div><\/figure>\n\n\n\n<figure class=\"wp-block-embed is-type-wp-embed is-provider-i-2-inteligencia-artificial wp-block-embed-i-2-inteligencia-artificial\"><div class=\"wp-block-embed__wrapper\">\n<blockquote class=\"wp-embedded-content\" data-secret=\"f1YoczIgHC\"><a href=\"https:\/\/treinamentolivre.com\/aluno01\/arquivos\/1957\">The Data School: Londres<\/a><\/blockquote><iframe class=\"wp-embedded-content\" sandbox=\"allow-scripts\" security=\"restricted\" style=\"position: absolute; clip: rect(1px, 1px, 1px, 1px);\" title=\"&#8220;The Data School: Londres&#8221; &#8212; I2 - Intelig\u00eancia Artificial\" src=\"https:\/\/treinamentolivre.com\/aluno01\/arquivos\/1957\/embed#?secret=1cPdHGkkQt#?secret=f1YoczIgHC\" data-secret=\"f1YoczIgHC\" width=\"500\" height=\"282\" frameborder=\"0\" marginwidth=\"0\" marginheight=\"0\" scrolling=\"no\"><\/iframe>\n<\/div><\/figure>\n\n\n\n<figure class=\"wp-block-embed is-type-wp-embed is-provider-i-2-inteligencia-artificial wp-block-embed-i-2-inteligencia-artificial\"><div class=\"wp-block-embed__wrapper\">\n<blockquote class=\"wp-embedded-content\" data-secret=\"euaSPLLWav\"><a href=\"https:\/\/treinamentolivre.com\/aluno01\/arquivos\/1576\">Programa de P\u00f3s-gradua\u00e7\u00e3o em Ci\u00eancias Computacionais (PPG-CCOMP) do IME \/ UERJ.<\/a><\/blockquote><iframe class=\"wp-embedded-content\" sandbox=\"allow-scripts\" security=\"restricted\" style=\"position: absolute; clip: rect(1px, 1px, 1px, 1px);\" title=\"&#8220;Programa de P\u00f3s-gradua\u00e7\u00e3o em Ci\u00eancias Computacionais (PPG-CCOMP) do IME \/ UERJ.&#8221; &#8212; I2 - Intelig\u00eancia Artificial\" src=\"https:\/\/treinamentolivre.com\/aluno01\/arquivos\/1576\/embed#?secret=euaSPLLWav\" data-secret=\"euaSPLLWav\" width=\"500\" height=\"282\" frameborder=\"0\" marginwidth=\"0\" marginheight=\"0\" scrolling=\"no\"><\/iframe>\n<\/div><\/figure>\n\n\n\n<figure class=\"wp-block-embed is-type-wp-embed is-provider-i-2-inteligencia-artificial wp-block-embed-i-2-inteligencia-artificial\"><div class=\"wp-block-embed__wrapper\">\n<blockquote class=\"wp-embedded-content\" data-secret=\"yeYtJd0HY8\"><a href=\"https:\/\/treinamentolivre.com\/aluno01\/arquivos\/1551\">IA na Escola Superior do Minist\u00e9rio P\u00fablico.<\/a><\/blockquote><iframe class=\"wp-embedded-content\" sandbox=\"allow-scripts\" security=\"restricted\" style=\"position: absolute; clip: rect(1px, 1px, 1px, 1px);\" title=\"&#8220;IA na Escola Superior do Minist\u00e9rio P\u00fablico.&#8221; &#8212; I2 - Intelig\u00eancia Artificial\" src=\"https:\/\/treinamentolivre.com\/aluno01\/arquivos\/1551\/embed#?secret=yeYtJd0HY8\" data-secret=\"yeYtJd0HY8\" width=\"500\" height=\"282\" frameborder=\"0\" marginwidth=\"0\" marginheight=\"0\" scrolling=\"no\"><\/iframe>\n<\/div><\/figure>\n\n\n\n<figure class=\"wp-block-embed is-type-wp-embed is-provider-i-2-inteligencia-artificial wp-block-embed-i-2-inteligencia-artificial\"><div class=\"wp-block-embed__wrapper\">\n<blockquote class=\"wp-embedded-content\" data-secret=\"njAE4L2vvF\"><a href=\"https:\/\/treinamentolivre.com\/aluno01\/arquivos\/1409\">Mackenzie: Curso de Especializa\u00e7\u00e3o EAD em Ci\u00eancia de Dados (Big Data Processing and Analytics)<\/a><\/blockquote><iframe class=\"wp-embedded-content\" sandbox=\"allow-scripts\" security=\"restricted\" style=\"position: absolute; clip: rect(1px, 1px, 1px, 1px);\" title=\"&#8220;Mackenzie: Curso de Especializa\u00e7\u00e3o EAD em Ci\u00eancia de Dados (Big Data Processing and Analytics)&#8221; &#8212; I2 - Intelig\u00eancia Artificial\" src=\"https:\/\/treinamentolivre.com\/aluno01\/arquivos\/1409\/embed#?secret=njAE4L2vvF\" data-secret=\"njAE4L2vvF\" width=\"500\" height=\"282\" frameborder=\"0\" marginwidth=\"0\" marginheight=\"0\" scrolling=\"no\"><\/iframe>\n<\/div><\/figure>\n\n\n\n<figure class=\"wp-block-embed is-type-wp-embed is-provider-i-2-inteligencia-artificial wp-block-embed-i-2-inteligencia-artificial\"><div class=\"wp-block-embed__wrapper\">\n<blockquote class=\"wp-embedded-content\" data-secret=\"JbDB9xwSf2\"><a href=\"https:\/\/treinamentolivre.com\/aluno01\/arquivos\/1186\">Curso Machine Learning em Projetos<\/a><\/blockquote><iframe class=\"wp-embedded-content\" sandbox=\"allow-scripts\" security=\"restricted\" style=\"position: absolute; clip: rect(1px, 1px, 1px, 1px);\" title=\"&#8220;Curso Machine Learning em Projetos&#8221; &#8212; I2 - Intelig\u00eancia Artificial\" src=\"https:\/\/treinamentolivre.com\/aluno01\/arquivos\/1186\/embed#?secret=JbDB9xwSf2\" data-secret=\"JbDB9xwSf2\" width=\"500\" height=\"282\" frameborder=\"0\" marginwidth=\"0\" marginheight=\"0\" scrolling=\"no\"><\/iframe>\n<\/div><\/figure>\n\n\n\n<figure class=\"wp-block-embed is-type-wp-embed is-provider-i-2-inteligencia-artificial wp-block-embed-i-2-inteligencia-artificial\"><div class=\"wp-block-embed__wrapper\">\n<blockquote class=\"wp-embedded-content\" data-secret=\"C9ZjYHvyvN\"><a href=\"https:\/\/treinamentolivre.com\/aluno01\/arquivos\/1191\">Machine Learning Bras\u00edlia.<\/a><\/blockquote><iframe class=\"wp-embedded-content\" sandbox=\"allow-scripts\" security=\"restricted\" style=\"position: absolute; clip: rect(1px, 1px, 1px, 1px);\" title=\"&#8220;Machine Learning Bras\u00edlia.&#8221; &#8212; I2 - Intelig\u00eancia Artificial\" src=\"https:\/\/treinamentolivre.com\/aluno01\/arquivos\/1191\/embed#?secret=C9ZjYHvyvN\" data-secret=\"C9ZjYHvyvN\" width=\"500\" height=\"282\" frameborder=\"0\" marginwidth=\"0\" marginheight=\"0\" scrolling=\"no\"><\/iframe>\n<\/div><\/figure>\n\n\n\n<figure class=\"wp-block-embed is-type-wp-embed is-provider-i-2-inteligencia-artificial wp-block-embed-i-2-inteligencia-artificial\"><div class=\"wp-block-embed__wrapper\">\n<blockquote class=\"wp-embedded-content\" data-secret=\"2xGCUxhS7z\"><a href=\"https:\/\/treinamentolivre.com\/aluno01\/arquivos\/1044\">Usp: ICMC: N\u00facleo Interinstitucional de Intelig\u00eancia Computacional (NILC).<\/a><\/blockquote><iframe class=\"wp-embedded-content\" sandbox=\"allow-scripts\" security=\"restricted\" style=\"position: absolute; clip: rect(1px, 1px, 1px, 1px);\" title=\"&#8220;Usp: ICMC: N\u00facleo Interinstitucional de Intelig\u00eancia Computacional (NILC).&#8221; &#8212; I2 - Intelig\u00eancia Artificial\" src=\"https:\/\/treinamentolivre.com\/aluno01\/arquivos\/1044\/embed#?secret=2xGCUxhS7z\" data-secret=\"2xGCUxhS7z\" width=\"500\" height=\"282\" frameborder=\"0\" marginwidth=\"0\" marginheight=\"0\" scrolling=\"no\"><\/iframe>\n<\/div><\/figure>\n\n\n\n<figure class=\"wp-block-embed is-type-wp-embed is-provider-i-2-inteligencia-artificial wp-block-embed-i-2-inteligencia-artificial\"><div class=\"wp-block-embed__wrapper\">\n<blockquote class=\"wp-embedded-content\" data-secret=\"6JniEiKS4W\"><a href=\"https:\/\/treinamentolivre.com\/aluno01\/arquivos\/684\">Univesp &#8211; Bacharelado em Ci\u00eancia de Dados<\/a><\/blockquote><iframe class=\"wp-embedded-content\" sandbox=\"allow-scripts\" security=\"restricted\" style=\"position: absolute; clip: rect(1px, 1px, 1px, 1px);\" title=\"&#8220;Univesp &#8211; Bacharelado em Ci\u00eancia de Dados&#8221; &#8212; I2 - Intelig\u00eancia Artificial\" src=\"https:\/\/treinamentolivre.com\/aluno01\/arquivos\/684\/embed#?secret=6JniEiKS4W\" data-secret=\"6JniEiKS4W\" width=\"500\" height=\"282\" frameborder=\"0\" marginwidth=\"0\" marginheight=\"0\" scrolling=\"no\"><\/iframe>\n<\/div><\/figure>\n\n\n\n<figure class=\"wp-block-embed is-type-wp-embed is-provider-i-2-inteligencia-artificial wp-block-embed-i-2-inteligencia-artificial\"><div class=\"wp-block-embed__wrapper\">\n<blockquote class=\"wp-embedded-content\" data-secret=\"o7qi5oDvnU\"><a href=\"https:\/\/treinamentolivre.com\/aluno01\/arquivos\/668\">Learn to create Machine Learning Algorithms in Python and R from two Data Science experts. Code templates included.<\/a><\/blockquote><iframe class=\"wp-embedded-content\" sandbox=\"allow-scripts\" security=\"restricted\" style=\"position: absolute; clip: rect(1px, 1px, 1px, 1px);\" title=\"&#8220;Learn to create Machine Learning Algorithms in Python and R from two Data Science experts. Code templates included.&#8221; &#8212; I2 - Intelig\u00eancia Artificial\" src=\"https:\/\/treinamentolivre.com\/aluno01\/arquivos\/668\/embed#?secret=o7qi5oDvnU\" data-secret=\"o7qi5oDvnU\" width=\"500\" height=\"282\" frameborder=\"0\" marginwidth=\"0\" marginheight=\"0\" scrolling=\"no\"><\/iframe>\n<\/div><\/figure>\n\n\n\n<figure class=\"wp-block-embed is-type-wp-embed is-provider-i-2-inteligencia-artificial wp-block-embed-i-2-inteligencia-artificial\"><div class=\"wp-block-embed__wrapper\">\n<blockquote class=\"wp-embedded-content\" data-secret=\"7B0rhnaTWm\"><a href=\"https:\/\/treinamentolivre.com\/aluno01\/arquivos\/513\">Engenharia de Rob\u00f4s<\/a><\/blockquote><iframe class=\"wp-embedded-content\" sandbox=\"allow-scripts\" security=\"restricted\" style=\"position: absolute; clip: rect(1px, 1px, 1px, 1px);\" title=\"&#8220;Engenharia de Rob\u00f4s&#8221; &#8212; I2 - Intelig\u00eancia Artificial\" src=\"https:\/\/treinamentolivre.com\/aluno01\/arquivos\/513\/embed#?secret=7B0rhnaTWm\" data-secret=\"7B0rhnaTWm\" width=\"500\" height=\"282\" frameborder=\"0\" marginwidth=\"0\" marginheight=\"0\" scrolling=\"no\"><\/iframe>\n<\/div><\/figure>\n","protected":false},"excerpt":{"rendered":"","protected":false},"author":2,"featured_media":0,"parent":0,"menu_order":0,"comment_status":"closed","ping_status":"closed","template":"","meta":{"footnotes":""},"_links":{"self":[{"href":"https:\/\/treinamentolivre.com\/aluno01\/wp-json\/wp\/v2\/pages\/396"}],"collection":[{"href":"https:\/\/treinamentolivre.com\/aluno01\/wp-json\/wp\/v2\/pages"}],"about":[{"href":"https:\/\/treinamentolivre.com\/aluno01\/wp-json\/wp\/v2\/types\/page"}],"author":[{"embeddable":true,"href":"https:\/\/treinamentolivre.com\/aluno01\/wp-json\/wp\/v2\/users\/2"}],"replies":[{"embeddable":true,"href":"https:\/\/treinamentolivre.com\/aluno01\/wp-json\/wp\/v2\/comments?post=396"}],"version-history":[{"count":14,"href":"https:\/\/treinamentolivre.com\/aluno01\/wp-json\/wp\/v2\/pages\/396\/revisions"}],"predecessor-version":[{"id":2169,"href":"https:\/\/treinamentolivre.com\/aluno01\/wp-json\/wp\/v2\/pages\/396\/revisions\/2169"}],"wp:attachment":[{"href":"https:\/\/treinamentolivre.com\/aluno01\/wp-json\/wp\/v2\/media?parent=396"}],"curies":[{"name":"wp","href":"https:\/\/api.w.org\/{rel}","templated":true}]}}