{"id":390,"date":"2021-04-23T20:33:42","date_gmt":"2021-04-23T23:33:42","guid":{"rendered":"http:\/\/treinamentolivre.com\/aluno01\/?page_id=390"},"modified":"2025-07-28T21:30:25","modified_gmt":"2025-07-29T00:30:25","slug":"empresas","status":"publish","type":"page","link":"https:\/\/treinamentolivre.com\/aluno01\/empresas","title":{"rendered":"Organiza\u00e7\u00f5es"},"content":{"rendered":"\n<p>Uma lista de organiza\u00e7\u00f5es (empresas, laborat\u00f3rios, grupos de estudo etc) importantes no cen\u00e1rio da IA. As escolas onde o estudioso pode aprender IA est\u00e3o em <a href=\"http:\/\/treinamentolivre.com\/aluno01\/escolas\">p\u00e1gina espec\u00edfica<\/a> deste site.<\/p>\n\n\n\n<blockquote class=\"wp-block-quote\">\n<p><a rel=\"noreferrer noopener\" href=\"https:\/\/www.dair-institute.org\/\" target=\"_blank\">Distributed AI Research Institute<\/a> &#8211; O Distributed AI Research Institute (DAIR), fundado por <a href=\"https:\/\/pt.wikipedia.org\/wiki\/Timnit_Gebru\" target=\"_blank\" rel=\"noreferrer noopener\">TIMNIT GEBRU<\/a>, \u00e9 um espa\u00e7o para pesquisa de IA independente e enraizada na comunidade, livre da influ\u00eancia generalizada das Big Techs.<\/p>\n<\/blockquote>\n\n\n\n<p><\/p>\n\n\n\n<figure class=\"wp-block-embed is-type-wp-embed is-provider-i-2-inteligencia-artificial wp-block-embed-i-2-inteligencia-artificial\"><div class=\"wp-block-embed__wrapper\">\n<blockquote class=\"wp-embedded-content\" data-secret=\"FciOV2gGGN\"><a href=\"https:\/\/treinamentolivre.com\/aluno01\/arquivos\/1950\">The Alan Turing Institute: Londres<\/a><\/blockquote><iframe class=\"wp-embedded-content\" sandbox=\"allow-scripts\" security=\"restricted\" style=\"position: absolute; clip: rect(1px, 1px, 1px, 1px);\" title=\"&#8220;The Alan Turing Institute: Londres&#8221; &#8212; I2 - Intelig\u00eancia Artificial\" src=\"https:\/\/treinamentolivre.com\/aluno01\/arquivos\/1950\/embed#?secret=rGJRvNyxoO#?secret=FciOV2gGGN\" data-secret=\"FciOV2gGGN\" width=\"500\" height=\"282\" frameborder=\"0\" marginwidth=\"0\" marginheight=\"0\" scrolling=\"no\"><\/iframe>\n<\/div><\/figure>\n\n\n\n<figure class=\"wp-block-embed is-type-wp-embed is-provider-escola-de-dados wp-block-embed-escola-de-dados\"><div class=\"wp-block-embed__wrapper\">\n<blockquote class=\"wp-embedded-content\" data-secret=\"PZsezxxQk1\"><a href=\"https:\/\/escoladedados.org\/contrate-a-escola-de-dados\/\">Contrate a Escola de Dados<\/a><\/blockquote><iframe class=\"wp-embedded-content\" sandbox=\"allow-scripts\" security=\"restricted\" style=\"position: absolute; clip: rect(1px, 1px, 1px, 1px);\" title=\"&#8220;Contrate a Escola de Dados&#8221; &#8212; Escola de Dados\" src=\"https:\/\/escoladedados.org\/contrate-a-escola-de-dados\/embed\/#?secret=YjiCrN0OYJ#?secret=PZsezxxQk1\" data-secret=\"PZsezxxQk1\" width=\"500\" height=\"282\" frameborder=\"0\" marginwidth=\"0\" marginheight=\"0\" scrolling=\"no\"><\/iframe>\n<\/div><\/figure>\n\n\n\n<blockquote class=\"wp-block-quote\">\n<p><a rel=\"noreferrer noopener\" href=\"https:\/\/datalabe.org\/sobre\/\" target=\"_blank\">Data_Labe<\/a> &#8211; O data_labe \u00e9 um laborat\u00f3rio de dados e narrativas na favela da Mar\u00e9 \u2013 Rio de Janeiro. A <a rel=\"noreferrer noopener\" href=\"contato@datalabe.org\" target=\"_blank\">equipe<\/a> \u00e9 composta por jovens moradores de territ\u00f3rios populares que produzem novas narrativas por meio de dados.<\/p>\n<\/blockquote>\n\n\n\n<p><\/p>\n\n\n\n<figure class=\"wp-block-embed is-type-wp-embed is-provider-i-2-inteligencia-artificial wp-block-embed-i-2-inteligencia-artificial\"><div class=\"wp-block-embed__wrapper\">\n<blockquote class=\"wp-embedded-content\" data-secret=\"R7PtNRuRPV\"><a href=\"https:\/\/treinamentolivre.com\/aluno01\/arquivos\/1556\">3A Institute.<\/a><\/blockquote><iframe class=\"wp-embedded-content\" sandbox=\"allow-scripts\" security=\"restricted\" style=\"position: absolute; clip: rect(1px, 1px, 1px, 1px);\" title=\"&#8220;3A Institute.&#8221; &#8212; I2 - Intelig\u00eancia Artificial\" src=\"https:\/\/treinamentolivre.com\/aluno01\/arquivos\/1556\/embed#?secret=ikUSnt6so8#?secret=R7PtNRuRPV\" data-secret=\"R7PtNRuRPV\" width=\"500\" height=\"282\" frameborder=\"0\" marginwidth=\"0\" marginheight=\"0\" scrolling=\"no\"><\/iframe>\n<\/div><\/figure>\n\n\n\n<figure class=\"wp-block-embed is-type-wp-embed is-provider-i-2-inteligencia-artificial wp-block-embed-i-2-inteligencia-artificial\"><div class=\"wp-block-embed__wrapper\">\n<blockquote class=\"wp-embedded-content\" data-secret=\"T3koyMlwOG\"><a href=\"https:\/\/treinamentolivre.com\/aluno01\/arquivos\/1065\">Que servi\u00e7os presta a IA ?<\/a><\/blockquote><iframe class=\"wp-embedded-content\" sandbox=\"allow-scripts\" security=\"restricted\" style=\"position: absolute; clip: rect(1px, 1px, 1px, 1px);\" title=\"&#8220;Que servi\u00e7os presta a IA ?&#8221; &#8212; I2 - Intelig\u00eancia Artificial\" src=\"https:\/\/treinamentolivre.com\/aluno01\/arquivos\/1065\/embed#?secret=Mxgj3Lf5Fx#?secret=T3koyMlwOG\" data-secret=\"T3koyMlwOG\" width=\"500\" height=\"282\" frameborder=\"0\" marginwidth=\"0\" marginheight=\"0\" scrolling=\"no\"><\/iframe>\n<\/div><figcaption class=\"wp-element-caption\"> <\/figcaption><\/figure>\n\n\n\n<figure class=\"wp-block-embed is-type-wp-embed is-provider-i-2-inteligencia-artificial wp-block-embed-i-2-inteligencia-artificial\"><div class=\"wp-block-embed__wrapper\">\n<blockquote class=\"wp-embedded-content\" data-secret=\"GNp6Z2kbCK\"><a href=\"https:\/\/treinamentolivre.com\/aluno01\/arquivos\/1051\">ACL &#8211; Association for Computational Linguistics.<\/a><\/blockquote><iframe class=\"wp-embedded-content\" sandbox=\"allow-scripts\" security=\"restricted\" style=\"position: absolute; clip: rect(1px, 1px, 1px, 1px);\" title=\"&#8220;ACL &#8211; Association for Computational Linguistics.&#8221; &#8212; I2 - Intelig\u00eancia Artificial\" src=\"https:\/\/treinamentolivre.com\/aluno01\/arquivos\/1051\/embed#?secret=7TvDilE0Kv#?secret=GNp6Z2kbCK\" data-secret=\"GNp6Z2kbCK\" width=\"500\" height=\"282\" frameborder=\"0\" marginwidth=\"0\" marginheight=\"0\" scrolling=\"no\"><\/iframe>\n<\/div><\/figure>\n\n\n\n<figure class=\"wp-block-embed is-type-wp-embed is-provider-i-2-inteligencia-artificial wp-block-embed-i-2-inteligencia-artificial\"><div class=\"wp-block-embed__wrapper\">\n<blockquote class=\"wp-embedded-content\" data-secret=\"k9NoDDHhmO\"><a href=\"https:\/\/treinamentolivre.com\/aluno01\/arquivos\/1048\">CE-PLN &#8211; Comiss\u00e3o Especial de Processamento de Linguagem Natural.<\/a><\/blockquote><iframe class=\"wp-embedded-content\" sandbox=\"allow-scripts\" security=\"restricted\" style=\"position: absolute; clip: rect(1px, 1px, 1px, 1px);\" title=\"&#8220;CE-PLN &#8211; Comiss\u00e3o Especial de Processamento de Linguagem Natural.&#8221; &#8212; I2 - Intelig\u00eancia Artificial\" src=\"https:\/\/treinamentolivre.com\/aluno01\/arquivos\/1048\/embed#?secret=UmVGs0h1ST#?secret=k9NoDDHhmO\" data-secret=\"k9NoDDHhmO\" width=\"500\" height=\"282\" frameborder=\"0\" marginwidth=\"0\" marginheight=\"0\" scrolling=\"no\"><\/iframe>\n<\/div><\/figure>\n\n\n\n<figure class=\"wp-block-embed is-type-wp-embed is-provider-i-2-inteligencia-artificial wp-block-embed-i-2-inteligencia-artificial\"><div class=\"wp-block-embed__wrapper\">\n<blockquote class=\"wp-embedded-content\" data-secret=\"Rx2rxtwMFo\"><a href=\"https:\/\/treinamentolivre.com\/aluno01\/arquivos\/968\">speechelo.com<\/a><\/blockquote><iframe class=\"wp-embedded-content\" sandbox=\"allow-scripts\" security=\"restricted\" style=\"position: absolute; clip: rect(1px, 1px, 1px, 1px);\" title=\"&#8220;speechelo.com&#8221; &#8212; I2 - Intelig\u00eancia Artificial\" src=\"https:\/\/treinamentolivre.com\/aluno01\/arquivos\/968\/embed#?secret=CJSckTNghj#?secret=Rx2rxtwMFo\" data-secret=\"Rx2rxtwMFo\" width=\"500\" height=\"282\" frameborder=\"0\" marginwidth=\"0\" marginheight=\"0\" scrolling=\"no\"><\/iframe>\n<\/div><\/figure>\n\n\n\n<figure class=\"wp-block-embed is-type-wp-embed is-provider-i-2-inteligencia-artificial wp-block-embed-i-2-inteligencia-artificial\"><div class=\"wp-block-embed__wrapper\">\n<blockquote class=\"wp-embedded-content\" data-secret=\"1R21Yiuonk\"><a href=\"https:\/\/treinamentolivre.com\/aluno01\/arquivos\/1541\">USP d\u00e1 in\u00edcio \u00e0s atividades do mais moderno Centro de Intelig\u00eancia Artificial do Brasil.<\/a><\/blockquote><iframe class=\"wp-embedded-content\" sandbox=\"allow-scripts\" security=\"restricted\" style=\"position: absolute; clip: rect(1px, 1px, 1px, 1px);\" title=\"&#8220;USP d\u00e1 in\u00edcio \u00e0s atividades do mais moderno Centro de Intelig\u00eancia Artificial do Brasil.&#8221; &#8212; I2 - Intelig\u00eancia Artificial\" src=\"https:\/\/treinamentolivre.com\/aluno01\/arquivos\/1541\/embed#?secret=pPhM4uLTBI#?secret=1R21Yiuonk\" data-secret=\"1R21Yiuonk\" width=\"500\" height=\"282\" frameborder=\"0\" marginwidth=\"0\" marginheight=\"0\" scrolling=\"no\"><\/iframe>\n<\/div><\/figure>\n","protected":false},"excerpt":{"rendered":"<p>Uma lista de organiza\u00e7\u00f5es (empresas, laborat\u00f3rios, grupos de estudo etc) importantes no cen\u00e1rio da IA. As escolas onde o estudioso pode aprender IA est\u00e3o em p\u00e1gina espec\u00edfica deste site. Distributed&#8230;<\/p>\n<div class=\"more-link-wrapper\"><a class=\"more-link\" href=\"https:\/\/treinamentolivre.com\/aluno01\/empresas\">Continuar a ler&#8230;<span class=\"screen-reader-text\">Organiza\u00e7\u00f5es<\/span><\/a><\/div>\n","protected":false},"author":2,"featured_media":0,"parent":0,"menu_order":0,"comment_status":"closed","ping_status":"closed","template":"","meta":{"footnotes":""},"_links":{"self":[{"href":"https:\/\/treinamentolivre.com\/aluno01\/wp-json\/wp\/v2\/pages\/390"}],"collection":[{"href":"https:\/\/treinamentolivre.com\/aluno01\/wp-json\/wp\/v2\/pages"}],"about":[{"href":"https:\/\/treinamentolivre.com\/aluno01\/wp-json\/wp\/v2\/types\/page"}],"author":[{"embeddable":true,"href":"https:\/\/treinamentolivre.com\/aluno01\/wp-json\/wp\/v2\/users\/2"}],"replies":[{"embeddable":true,"href":"https:\/\/treinamentolivre.com\/aluno01\/wp-json\/wp\/v2\/comments?post=390"}],"version-history":[{"count":22,"href":"https:\/\/treinamentolivre.com\/aluno01\/wp-json\/wp\/v2\/pages\/390\/revisions"}],"predecessor-version":[{"id":2612,"href":"https:\/\/treinamentolivre.com\/aluno01\/wp-json\/wp\/v2\/pages\/390\/revisions\/2612"}],"wp:attachment":[{"href":"https:\/\/treinamentolivre.com\/aluno01\/wp-json\/wp\/v2\/media?parent=390"}],"curies":[{"name":"wp","href":"https:\/\/api.w.org\/{rel}","templated":true}]}}