{"id":371,"date":"2021-04-23T19:32:44","date_gmt":"2021-04-23T22:32:44","guid":{"rendered":"http:\/\/treinamentolivre.com\/aluno01\/?page_id=371"},"modified":"2021-08-23T21:42:07","modified_gmt":"2021-08-24T00:42:07","slug":"the-age-of-a-i","status":"publish","type":"page","link":"https:\/\/treinamentolivre.com\/aluno01\/the-age-of-a-i","title":{"rendered":"The Age of A.I."},"content":{"rendered":"\n<blockquote class=\"wp-block-quote\"><p>The Age of A.I. \u00e9 uma s\u00e9rie documental de oito partes apresentada por Robert Downey Junior abordando as formas que a Intelig\u00eancia Artificial, a aprendizagem autom\u00e1tica e as redes neurais artificiais que mudar\u00e3o o mundo. <\/p><\/blockquote>\n\n\n\n<p>Aqui,, voc\u00ea encontra os links para todos os v\u00eddeos, em ordem de apresenta\u00e7\u00e3o.<\/p>\n\n\n\n<p><\/p>\n\n\n\n<p><\/p>\n\n\n\n<figure class=\"wp-block-embed is-type-video is-provider-youtube wp-block-embed-youtube wp-embed-aspect-16-9 wp-has-aspect-ratio\"><div class=\"wp-block-embed__wrapper\">\n<iframe loading=\"lazy\" title=\"How Far is Too Far? | The Age of A.I.\" width=\"500\" height=\"281\" src=\"https:\/\/www.youtube.com\/embed\/UwsrzCVZAb8?feature=oembed\" frameborder=\"0\" allow=\"accelerometer; autoplay; clipboard-write; encrypted-media; gyroscope; picture-in-picture\" allowfullscreen><\/iframe>\n<\/div><figcaption>The Age of A.I. T1 \u2022 E1<br>O Que \u00c9 Longe Demais ?<\/figcaption><\/figure>\n\n\n\n<p><\/p>\n\n\n\n<figure class=\"wp-block-embed is-type-video is-provider-youtube wp-block-embed-youtube wp-embed-aspect-16-9 wp-has-aspect-ratio\"><div class=\"wp-block-embed__wrapper\">\n<iframe loading=\"lazy\" title=\"Healed through A.I. | The Age of A.I.\" width=\"500\" height=\"281\" src=\"https:\/\/www.youtube.com\/embed\/V5aZjsWM2wo?feature=oembed\" frameborder=\"0\" allow=\"accelerometer; autoplay; clipboard-write; encrypted-media; gyroscope; picture-in-picture\" allowfullscreen><\/iframe>\n<\/div><figcaption>The Age of A.I. T1 \u2022 E2<br>Cura Atrav\u00e9s da I.A.<\/figcaption><\/figure>\n\n\n\n<p><\/p>\n\n\n\n<figure class=\"wp-block-embed is-type-video is-provider-youtube wp-block-embed-youtube wp-embed-aspect-16-9 wp-has-aspect-ratio\"><div class=\"wp-block-embed__wrapper\">\n<iframe loading=\"lazy\" title=\"Using A.I. to build a better human | The Age of A.I.\" width=\"500\" height=\"281\" src=\"https:\/\/www.youtube.com\/embed\/lrv8ga02VNg?feature=oembed\" frameborder=\"0\" allow=\"accelerometer; autoplay; clipboard-write; encrypted-media; gyroscope; picture-in-picture\" allowfullscreen><\/iframe>\n<\/div><figcaption>The Age of A.I. T1 \u2022 E3<br>Usando a I.A. para Fazer um Humano Melhor<\/figcaption><\/figure>\n\n\n\n<figure class=\"wp-block-embed is-type-video is-provider-youtube wp-block-embed-youtube wp-embed-aspect-16-9 wp-has-aspect-ratio\"><div class=\"wp-block-embed__wrapper\">\n<iframe loading=\"lazy\" title=\"Love, art and stories: decoded | The Age of A.I.\" width=\"500\" height=\"281\" src=\"https:\/\/www.youtube.com\/embed\/Kr1fmKVY3cA?feature=oembed\" frameborder=\"0\" allow=\"accelerometer; autoplay; clipboard-write; encrypted-media; gyroscope; picture-in-picture\" allowfullscreen><\/iframe>\n<\/div><figcaption>The Age of A.I. T1 \u2022 E4<br>Amor, Arte e Hist\u00f3rias: Decifrados<\/figcaption><\/figure>\n\n\n\n<p><\/p>\n\n\n\n<figure class=\"wp-block-embed is-type-video is-provider-youtube wp-block-embed-youtube wp-embed-aspect-16-9 wp-has-aspect-ratio\"><div class=\"wp-block-embed__wrapper\">\n<iframe loading=\"lazy\" title=\"The &#039;Space Architects&#039; of Mars | The Age of A.I.\" width=\"500\" height=\"281\" src=\"https:\/\/www.youtube.com\/embed\/lIvrIKaNCRE?feature=oembed\" frameborder=\"0\" allow=\"accelerometer; autoplay; clipboard-write; encrypted-media; gyroscope; picture-in-picture\" allowfullscreen><\/iframe>\n<\/div><figcaption>The Age of A.I. T1 \u2022 E5<br>Os &#8216;Arquitetos Espaciais&#8217; de Marte<\/figcaption><\/figure>\n\n\n\n<figure class=\"wp-block-embed is-type-video is-provider-youtube wp-block-embed-youtube wp-embed-aspect-16-9 wp-has-aspect-ratio\"><div class=\"wp-block-embed__wrapper\">\n<iframe loading=\"lazy\" title=\"Will a robot take my job? | The Age of A.I.\" width=\"500\" height=\"281\" src=\"https:\/\/www.youtube.com\/embed\/f2aocKWrPG8?feature=oembed\" frameborder=\"0\" allow=\"accelerometer; autoplay; clipboard-write; encrypted-media; gyroscope; picture-in-picture\" allowfullscreen><\/iframe>\n<\/div><figcaption>THE AGE OF A.I. T1 \u2022 E6<br>Um Rob\u00f4 Tomar\u00e1 meu Emprego? | The Age of A.I.<\/figcaption><\/figure>\n\n\n\n<figure class=\"wp-block-embed is-type-video is-provider-youtube wp-block-embed-youtube wp-embed-aspect-16-9 wp-has-aspect-ratio\"><div class=\"wp-block-embed__wrapper\">\n<iframe loading=\"lazy\" title=\"Saving the world one algorithm at a time | The Age of A.I.\" width=\"500\" height=\"281\" src=\"https:\/\/www.youtube.com\/embed\/0wy4u34fii4?feature=oembed\" frameborder=\"0\" allow=\"accelerometer; autoplay; clipboard-write; encrypted-media; gyroscope; picture-in-picture\" allowfullscreen><\/iframe>\n<\/div><figcaption>THE AGE OF A.I. T1 \u2022 E7<br>Salvando o Mundo com um Algoritmo de Cada Vez | The Age of A.I.<\/figcaption><\/figure>\n\n\n\n<figure class=\"wp-block-embed is-type-video is-provider-youtube wp-block-embed-youtube wp-embed-aspect-16-9 wp-has-aspect-ratio\"><div class=\"wp-block-embed__wrapper\">\n<iframe loading=\"lazy\" title=\"How A.I. is searching for Aliens | The Age of A.I.\" width=\"500\" height=\"281\" src=\"https:\/\/www.youtube.com\/embed\/VwtC_4t2g5M?feature=oembed\" frameborder=\"0\" allow=\"accelerometer; autoplay; clipboard-write; encrypted-media; gyroscope; picture-in-picture\" allowfullscreen><\/iframe>\n<\/div><figcaption>THE AGE OF A.I. T1 \u2022 E8<br>Como a I.A. Est\u00e1 Procurando Alien\u00edgenas | The Age of A.I.<\/figcaption><\/figure>\n\n\n\n<figure class=\"wp-block-embed is-type-wp-embed is-provider-i-2-inteligencia-artificial wp-block-embed-i-2-inteligencia-artificial\"><div class=\"wp-block-embed__wrapper\">\n<blockquote class=\"wp-embedded-content\" data-secret=\"m3zokloj8t\"><a href=\"http:\/\/treinamentolivre.com\/aluno01\/arquivos\/1011\">In the Age of AI (filme completo) | s\u00e9rie FRONTLINE<\/a><\/blockquote><iframe class=\"wp-embedded-content\" sandbox=\"allow-scripts\" security=\"restricted\" style=\"position: absolute; clip: rect(1px, 1px, 1px, 1px);\" title=\"&#8220;In the Age of AI (filme completo) | s\u00e9rie FRONTLINE&#8221; &#8212; I2 - Intelig\u00eancia Artificial\" src=\"http:\/\/treinamentolivre.com\/aluno01\/arquivos\/1011\/embed#?secret=m3zokloj8t\" data-secret=\"m3zokloj8t\" width=\"500\" height=\"282\" frameborder=\"0\" marginwidth=\"0\" marginheight=\"0\" scrolling=\"no\"><\/iframe>\n<\/div><\/figure>\n","protected":false},"excerpt":{"rendered":"<p>The Age of A.I. \u00e9 uma s\u00e9rie documental de oito partes apresentada por Robert Downey Junior abordando as formas que a Intelig\u00eancia Artificial, a aprendizagem autom\u00e1tica e as redes neurais&#8230;<\/p>\n<div class=\"more-link-wrapper\"><a class=\"more-link\" href=\"https:\/\/treinamentolivre.com\/aluno01\/the-age-of-a-i\">Continuar a ler&#8230;<span class=\"screen-reader-text\">The Age of A.I.<\/span><\/a><\/div>\n","protected":false},"author":2,"featured_media":0,"parent":0,"menu_order":0,"comment_status":"closed","ping_status":"closed","template":"","meta":{"footnotes":""},"_links":{"self":[{"href":"https:\/\/treinamentolivre.com\/aluno01\/wp-json\/wp\/v2\/pages\/371"}],"collection":[{"href":"https:\/\/treinamentolivre.com\/aluno01\/wp-json\/wp\/v2\/pages"}],"about":[{"href":"https:\/\/treinamentolivre.com\/aluno01\/wp-json\/wp\/v2\/types\/page"}],"author":[{"embeddable":true,"href":"https:\/\/treinamentolivre.com\/aluno01\/wp-json\/wp\/v2\/users\/2"}],"replies":[{"embeddable":true,"href":"https:\/\/treinamentolivre.com\/aluno01\/wp-json\/wp\/v2\/comments?post=371"}],"version-history":[{"count":14,"href":"https:\/\/treinamentolivre.com\/aluno01\/wp-json\/wp\/v2\/pages\/371\/revisions"}],"predecessor-version":[{"id":1016,"href":"https:\/\/treinamentolivre.com\/aluno01\/wp-json\/wp\/v2\/pages\/371\/revisions\/1016"}],"wp:attachment":[{"href":"https:\/\/treinamentolivre.com\/aluno01\/wp-json\/wp\/v2\/media?parent=371"}],"curies":[{"name":"wp","href":"https:\/\/api.w.org\/{rel}","templated":true}]}}