{"id":317,"date":"2021-04-16T18:47:11","date_gmt":"2021-04-16T21:47:11","guid":{"rendered":"http:\/\/treinamentolivre.com\/aluno01\/?page_id=317"},"modified":"2023-01-08T19:24:24","modified_gmt":"2023-01-08T22:24:24","slug":"ficcao-cientifica-e-ia","status":"publish","type":"page","link":"https:\/\/treinamentolivre.com\/aluno01\/ficcao-cientifica-e-ia","title":{"rendered":"Fic\u00e7\u00e3o cient\u00edfica e IA."},"content":{"rendered":"\n<p>A fic\u00e7\u00e3o cient\u00edfica tem servido como est\u00edmulo de carreiras na \u00e1rea de ci\u00eancia e tecnologia. Carl Sagan , Isaac Asimov, Robert Heinlein, Jos\u00e9 Maria Dom\u00e9nech, George Orwell, William Gibson, Philip K. Dick, Frank Herbert, Ray Bradbury, Mary Shelley, Stanislaw Lem, Arthur C. Clarke, H. G. Wells, s\u00e3o apenas alguns nomes de minha gera\u00e7\u00e3o que inspiraram grande cientistas de hoje. Neil deGrasse Tyson foi influenciado por Sagan. Marcelo Gleiser por Asimov. E \u00e9 com Asimov que eu abro esta p\u00e1gina, afinal foi ele que lan\u00e7ou as Tr\u00eas Leis da Rob\u00f3tica: <\/p>\n\n\n\n<ul><li>Um rob\u00f4 n\u00e3o pode ferir um humano ou permitir que um humano sofra algum mal;<\/li><li>Os rob\u00f4s devem obedecer \u00e0s ordens dos humanos, exceto nos casos em que tais ordens entrem em conflito com a primeira lei;<\/li><li>Um rob\u00f4 deve proteger sua pr\u00f3pria exist\u00eancia, desde que n\u00e3o entre em conflito com as leis anteriores.<\/li><\/ul>\n\n\n\n<p>Elas deveriam nortear a pesquisa de IA mas, desafortunadamente, elas n\u00e3o pegaram no mundo real. Para a tristeza da humanidade, os rob\u00f4s assassinos est\u00e3o a\u00ed, voando sobre as pessoas ou trotando nas fronteiras, segurando rifles e pistolas. <\/p>\n\n\n\n<p>O livro que recomendo para o aficcionado da IA \u00e9 &#8220;Eu rob\u00f4&#8221;.  Foi publicado em 2 de dezembro de 1950. \u00c9 simplesmente a melhor obra sobre rob\u00f4s j\u00e1 escrita. \u00c9 claro que minha avalia\u00e7\u00e3o \u00e9 totalmente parcial, pois j\u00e1 li dezenas das centenas dos livros de Asimov. Mas as quest\u00f5es levantadas no livro ainda est\u00e3o na fronteira da rob\u00f3tica e da IA, da psicologia e da \u00e9tica.<\/p>\n\n\n\n<p>S\u00e3o 10 contos sensacionais e instigantes, com retoques psicol\u00f3gicos profundos que valem a leitura em uma tarde e depois outra e outra em releituras.<\/p>\n\n\n\n<p><\/p>\n\n\n\n<div class=\"wp-block-image\"><figure class=\"aligncenter size-large\"><img decoding=\"async\" loading=\"lazy\" width=\"180\" height=\"270\" src=\"http:\/\/treinamentolivre.com\/aluno01\/wp-content\/uploads\/2021\/04\/eu_robo.jpg\" alt=\"\" class=\"wp-image-321\"\/><\/figure><\/div>\n\n\n\n<p><\/p>\n\n\n\n<ol><li>&#8220;Introdu\u00e7\u00e3o&#8221; (trecho inicial para contextualiza\u00e7\u00e3o ou texto de liga\u00e7\u00e3o)<\/li><li>&#8220;Robbie&#8221; (1940, 1950)<\/li><li>&#8220;C\u00edrculo vicioso&#8221; (1942)<\/li><li>&#8220;Raz\u00e3o&#8221; (1941)<\/li><li>&#8220;Pegar o Coelho&#8221; (1944)<\/li><li>&#8220;Mentiroso!&#8221; (1941)<\/li><li>&#8220;Pobre Rob\u00f4 Perdido&#8221; (1947)<\/li><li>&#8220;Fuga!&#8221; (1945)<\/li><li>&#8220;Prova&#8221; (1946)<\/li><li>&#8220;O Conflito Evit\u00e1vel&#8221; (1950)<\/li><\/ol>\n\n\n\n<p>Qual \u00e9 o melhor conto ? Dif\u00edcil. Eu gosto de &#8220;Mentiroso&#8221; por apresentar uma Dra. Susan Calvin, robopsic\u00f3loga normalmente racional e equilibrada, mas agora cruel e vingativa. Voc\u00ea vai ler um final realmente inesperado.<\/p>\n\n\n\n<p><\/p>\n","protected":false},"excerpt":{"rendered":"<p>A fic\u00e7\u00e3o cient\u00edfica tem servido como est\u00edmulo de carreiras na \u00e1rea de ci\u00eancia e tecnologia. Carl Sagan , Isaac Asimov, Robert Heinlein, Jos\u00e9 Maria Dom\u00e9nech, George Orwell, William Gibson, Philip&#8230;<\/p>\n<div class=\"more-link-wrapper\"><a class=\"more-link\" href=\"https:\/\/treinamentolivre.com\/aluno01\/ficcao-cientifica-e-ia\">Continuar a ler&#8230;<span class=\"screen-reader-text\">Fic\u00e7\u00e3o cient\u00edfica e IA.<\/span><\/a><\/div>\n","protected":false},"author":2,"featured_media":0,"parent":0,"menu_order":0,"comment_status":"closed","ping_status":"closed","template":"","meta":{"footnotes":""},"_links":{"self":[{"href":"https:\/\/treinamentolivre.com\/aluno01\/wp-json\/wp\/v2\/pages\/317"}],"collection":[{"href":"https:\/\/treinamentolivre.com\/aluno01\/wp-json\/wp\/v2\/pages"}],"about":[{"href":"https:\/\/treinamentolivre.com\/aluno01\/wp-json\/wp\/v2\/types\/page"}],"author":[{"embeddable":true,"href":"https:\/\/treinamentolivre.com\/aluno01\/wp-json\/wp\/v2\/users\/2"}],"replies":[{"embeddable":true,"href":"https:\/\/treinamentolivre.com\/aluno01\/wp-json\/wp\/v2\/comments?post=317"}],"version-history":[{"count":10,"href":"https:\/\/treinamentolivre.com\/aluno01\/wp-json\/wp\/v2\/pages\/317\/revisions"}],"predecessor-version":[{"id":1550,"href":"https:\/\/treinamentolivre.com\/aluno01\/wp-json\/wp\/v2\/pages\/317\/revisions\/1550"}],"wp:attachment":[{"href":"https:\/\/treinamentolivre.com\/aluno01\/wp-json\/wp\/v2\/media?parent=317"}],"curies":[{"name":"wp","href":"https:\/\/api.w.org\/{rel}","templated":true}]}}