{"id":2584,"date":"2025-07-21T17:23:45","date_gmt":"2025-07-21T20:23:45","guid":{"rendered":"https:\/\/treinamentolivre.com\/aluno01\/?page_id=2584"},"modified":"2026-04-06T14:34:20","modified_gmt":"2026-04-06T17:34:20","slug":"teste","status":"publish","type":"page","link":"https:\/\/treinamentolivre.com\/aluno01\/teste","title":{"rendered":"Nomes importantes da IA."},"content":{"rendered":"<p><a href='?ordem=desc'>Inverter ordem de data (atual: ASC)<\/a><\/p><ul><li><a href='#' onclick=\"alert('Prof. Livre Docente, Instituto de Matem\u00e1tica e Estat\u00edstica da USP, 2005. P\u00f3s-Doutorado, Instituto de Matem\u00e1tica e Estat\u00edstica da USP, 2001. Doutorado, Ci\u00eancia da Computa\u00e7\u00e3o, Universiteit van Amsterdam, UvA, Holanda, 2000. Mestrado em Matem\u00e1tica Aplicada, Instituto de Matem\u00e1tica e Estat\u00edstica da -USP, 1995. Gradua\u00e7\u00e3o em Ci\u00eancia da Computa\u00e7\u00e3o, Instituto de Matem\u00e1tica e Estat\u00edstica da USP, 1991. Fonte: [ https:\/\/www.ime.usp.br\/renata\/ ].'); return false;\">RENATA WASSERMAN<\/a> ( DC)<\/li><li><a href='#' onclick=\"alert('Dora Kaufman \u00e9 uma renomada professora e pesquisadora brasileira, especializada em Intelig\u00eancia Artificial (IA) e Design Digital. Com vasta experi\u00eancia acad\u00eamica e pr\u00e1tica, ela destaca-se por seu compromisso com quest\u00f5es \u00e9ticas e sociais relacionadas \u00e0 IA. Al\u00e9m de lecionar na PUC SP, \u00e9 colunista da revista \u00c9pocaNeg\u00f3cios, palestrante e autora do livro \u201cDesmistificando a Intelig\u00eancia Artificial\u201d. Sua abordagem abrange inova\u00e7\u00e3o, regula\u00e7\u00e3o e a interse\u00e7\u00e3o entre arte, \u00e9tica e IA, contribuindo significativamente para o debate sobre o futuro dessa tecnologia.. Fonte: [ https:\/\/epocanegocios.globo.com\/autores\/dora-kaufman\/ ]. Veja os escritos da Dra. Kaufman em [ https:\/\/scholar.google.com\/citations?user=Z5Ba6rkAAAAJ&amp;hl=pt-BR ].'); return false;\">DORA KAUFMAN<\/a> ( DC)<\/li><li><a href='#' onclick=\"alert('Futurista pelo IFTF (Institute For The Future), engenheira (UNICAMP), p\u00f3s graduada em Marketing (ESPM) e design (Belas Artes), mestre e PhD em artes pela ECA\/USP e forma\u00e7\u00e3o executiva pelo MIT Sloan, \u00e9 autora dos best-sellers &quot;Liderando o Futuro&quot;, &quot;Intelig\u00eancia Artificial: do zero a superpoderes&quot;, &quot;Marketing na Era Digital&quot;, &quot;Educa\u00e7\u00e3o na Era Digital&quot; (finalista do Pr\u00eamio Jabuti) e &quot;Voc\u00ea, Eu e os Rob\u00f4s&quot; (finalista do Pr\u00eamio Jabuti). Veja https:\/\/www.martha.com.br\/ .'); return false;\">MARTHA GABRIEL<\/a> ( DC)<\/li><li>SZYMAN SIDOR ( DC)<\/li><li><a href='#' onclick=\"alert('Caroline Ferreira Ribeirinha  \u00e9 Analista de Suporte Computacional e Embaixadora IA na Stefanini Consultoria e Assessoria em Inform\u00e1tica S.A. Fonte: [ https:\/\/www.linkedin.com\/in\/caroline-ferreira-ribeirinha\/ ].'); return false;\">CAROLINE FERREIRA RIBERINHA<\/a> ( DC)<\/li><li><a href='#' onclick=\"alert('Analista de IA do PNUD e membro da equipe do Sinapses do Programa Justi\u00e7a 4.0. Fonte: CEAJUD - CNJ [ https:\/\/youtu.be\/8aw48a0b8zw?si=_E54DOL90CsdV2jv ].'); return false;\">JOS\u00c9 AVELINO PLACCA<\/a> ( DC)<\/li><li><a href='#' onclick=\"alert('Analista de IA junto ao PNUD no escopo do Projeto Justi\u00e7a 4.0 e membro do time SINAPSES. Fonte: [ https:\/\/www.cnj.jus.br\/eadcnj\/mod\/book\/view.php?id=133329&amp;chapterid=22383 ]. Consulte tamb\u00e9m a aula de machine learning [ https:\/\/www.youtube.com\/live\/c3WvKtiu6dM?si=cVJ4gTD2vOwJzHt4 ].'); return false;\">SILVIA MARIA WANDERLEY MORAES<\/a> ( DC)<\/li><li><a href='#' onclick=\"alert('Engenheiro de IA do Google, contratado em 2025 pela Microsoft. Veja o perfil em https:\/\/www.linkedin.com\/in\/adamsadovsky\/ .'); return false;\">ADAM SADOVSKY<\/a> ( DC)<\/li><li><a href='#' onclick=\"alert('Ex-vice-presidente de engenharia no Google. Contratado em 2025 pela Microsoft.'); return false;\">AMAR SUBRAMANYA<\/a> ( DC)<\/li><li><a href='#' onclick=\"alert('Presidente e diretor de produtos da Cisco. Anteriormente, foi Vice-Presidente Executivo e Gerente Geral de Seguran\u00e7a e Colabora\u00e7\u00e3o da Cisco. Antes de ingressar na Cisco em 2020, Jeetu foi Diretor de Produto (CPO) e Diretor de Estrat\u00e9gia (CSO) na Box. Jeetu \u00e9 bacharel em Ci\u00eancias de Decis\u00e3o da Informa\u00e7\u00e3o pela Universidade de Illinois, Chicago, e mora na \u00e1rea da Ba\u00eda de S\u00e3o Francisco com sua fam\u00edlia.'); return false;\">JEETU PATEL<\/a> ( DC)<\/li><li>NORBERT WIENER (1894 DC)<\/li><li>WARREN STURGIS McCULOCH (1898 DC)<\/li><li>ALAN MATHISON TURING (1912 DC)<\/li><li>WALTER HARRY PITTS (1923 DC)<\/li><li>MARVIN MINSKY (1927 DC)<\/li><li><a href='#' onclick=\"alert('Elaine Alice Rich \u00e9 uma cientista da computa\u00e7\u00e3o americana, conhecida por seus livros did\u00e1ticos sobre intelig\u00eancia artificial e teoria dos aut\u00f4matos, al\u00e9m de sua pesquisa sobre modelagem de usu\u00e1rios. Ela \u00e9 professora s\u00eanior aposentada da Universidade do Texas em Austin. Fonte: Wikipedia.'); return false;\">ELAINE ALICE RICH<\/a> (1944 DC)<\/li><li><a href='#' onclick=\"alert('Paul John Werbos (nascido em 4 de setembro de 1947) \u00e9 um cientista social americano e pioneiro do aprendizado de m\u00e1quina. Ele \u00e9 mais conhecido por sua disserta\u00e7\u00e3o de 1974, que descreveu pela primeira vez o processo de treinamento de redes neurais artificiais por meio da retropropaga\u00e7\u00e3o de erros. Ele tamb\u00e9m foi um pioneiro das redes neurais recorrentes. Werbos foi um dos tr\u00eas presidentes originais da Sociedade Internacional de Redes Neurais (INNS), que ocupou o cargo por dois anos. Em 1995, recebeu o Pr\u00eamio IEEE de Pioneiro em Redes Neurais pela descoberta da retropropaga\u00e7\u00e3o e de outras estruturas b\u00e1sicas de aprendizado de redes neurais, como a Programa\u00e7\u00e3o Din\u00e2mica Adaptativa. Fonte: Wikipedia.'); return false;\">PAUL JOHN WERBOS<\/a> (1947 DC)<\/li><li><a href='#' onclick=\"alert('Geoffrey Everest Hinton, pr\u00eamio Nobel de F\u00edsica, \u00e9 um cientista da computa\u00e7\u00e3o brit\u00e2nico-canadense, cientista cognitivo e psic\u00f3logo cognitivo conhecido por seu trabalho em redes neurais artificiais, que lhe rendeu o t\u00edtulo de &quot;o Poderoso Chef\u00e3o da IA&quot;. Hinton \u00e9 professor universit\u00e1rio em\u00e9rito da Universidade de Toronto . De 2013 a 2023, ele dividiu seu tempo trabalhando para o Google ( Google Brain ) e a Universidade de Toronto antes de anunciar publicamente sua sa\u00edda do Google em maio de 2023, citando preocupa\u00e7\u00f5es sobre os muitos riscos da tecnologia de intelig\u00eancia artificial (IA).  Em 2017, ele \u00e9 co-fundador e se tornou o principal consultor cient\u00edfico do Vector Institute em Toronto. Fonte: Wikipedia.'); return false;\">GEOFFREY HINTON<\/a> (1947 DC)<\/li><li>RICHARD FORSYTH (1949 DC)<\/li><li><a href='#' onclick=\"alert('Peter Norvig \u00e9 um cientista da computa\u00e7\u00e3o americano e membro ilustre do programa de educa\u00e7\u00e3o do Instituto Stanford para IA Centrada no Homem. Anteriormente, atuou como diretor de pesquisa e qualidade de pesquisa no Google. Norvig \u00e9 coautor, com Stuart J. Russell, do livro did\u00e1tico mais popular na \u00e1rea de IA: Intelig\u00eancia Artificial: Uma Abordagem Moderna, utilizado em mais de 1.500 universidades em 135 pa\u00edses. Fonte: [ https:\/\/en.wikipedia.org\/wiki\/Peter_Norvig ] (traduzida).'); return false;\">PETER NORVIG<\/a> (1956 DC)<\/li><li><a href='#' onclick=\"alert('Miguel Angelo Laporta Nicolelis nasceu em S\u00e3o Paulo, em 27 de mar\u00e7o de 1961. \u00c9 um m\u00e9dico, neurocientista e pesquisador brasileiro amplamente reconhecido como um dos pioneiros mundiais no campo das interface c\u00e9rebro-computador e das neuropr\u00f3teses voltadas \u00e0 reabilita\u00e7\u00e3o de pacientes com paralisia, considerado um dos vinte maiores cientistas em sua \u00e1rea pela revista Scientific American. Formado em Medicina pela Universidade de S\u00e3o Paulo e doutor em Ci\u00eancias pela mesma institui\u00e7\u00e3o, destacou-se desde o in\u00edcio da carreira por desenvolver m\u00e9todos inovadores para registrar simultaneamente a atividade de grandes popula\u00e7\u00f5es de neur\u00f4nios, contribuindo para a consolida\u00e7\u00e3o da neurofisiologia de popula\u00e7\u00f5es neurais como \u00e1rea central da neuroci\u00eancia moderna. Mudou-se para os Estados Unidos no fim da d\u00e9cada de 1980, onde realizou p\u00f3s-doutorado em Fisiologia e Biof\u00edsica e, posteriormente, estabeleceu uma carreira de grande impacto na Universidade Duke, na Carolina do Norte. Ali tornou-se Professor Titular de Neurobiologia e Engenharia Biom\u00e9dica, cofundou o Center for Neuroengineering e liderou um dos laborat\u00f3rios mais influentes do mundo na pesquisa de sistemas neurais e controle motor. Nesse per\u00edodo, seu grupo demonstrou pela primeira vez que primatas podiam controlar bra\u00e7os rob\u00f3ticos por meio da atividade cerebral, estabelecendo bases conceituais e tecnol\u00f3gicas que influenciariam diversas linhas de pesquisa e empresas especializadas em implantes neurais d\u00e9cadas depois. Fonte: [ Wikipedia ].\r\n'); return false;\">MIGUEL ANGELO LAPORTA NICOLELIS<\/a> (1961 DC)<\/li><li><a href='#' onclick=\"alert('Stanford University, 2011. A cientista da computa\u00e7\u00e3o Daphne Koller e um colega - o tamb\u00e9m famoso Andrew Ng -  publicaram cursos gratuitos na \u00e1rea de IA (Stanford Free Courses Online). N\u00e3o era preciso pagamento. Os interessados s\u00f3 precisavam ir ao site e come\u00e7ar. Em semanas o n\u00famero de acessos come\u00e7ou a explodir. N\u00e3o apenas atrav\u00e9s de alunos de computa\u00e7\u00e3o. Pessoas comuns estavam interessadas nos cursos - machine learning, por exemplo. De refugiados a m\u00e3es de fam\u00edlia. Literalmente, dezenas de milhares de pessoas. Ap\u00f3s a forte resist\u00eancia da comunidade acad\u00eamica, em 2012 Daphne fundou o Coursera - 160 mil alunos, de 90 pa\u00edses inscritos em poucas semanas. Hoje, mais de 150 milh\u00f5es de pessoas se beneficiam do Coursera.\r\nHoje uma credencial do Coursera pode custar 35 d\u00f3lares por m\u00eas. Universidades com Duke, Johns Hopkins e Vanderbilt est\u00e3o na iniciativa. Afinal, o capitalismo seguiu seu rumo - Ainda h\u00e1 cursos gratuitos no Coursera, mas voc\u00ea paga para obter o certificado.'); return false;\">DAPHNE KOLLER<\/a> (1968 DC)<\/li><li><a href='#' onclick=\"alert('Andrew Ng \u00e9 um dos nomes mais influentes do mundo em IA e machine learning. Ele \u00e9 conhecido por tornar o ensino de IA acess\u00edvel globalmente e por liderar projetos que moldaram o futuro da tecnologia. Andrew \u00e9 fundador da DeepLearning.AI, da Landing AI. Cofundador da Coursera, Criador do Google Brain, projeto pioneiro em redes neurais profundas. Ex-cientista-chefe da Baidu, Professor adjunto em Stanford, onde ensina e pesquisa IA e rob\u00f3tica. Seus cursos online, como &quot;Machine Learning&quot; e &quot;AI for Everyone&quot;, j\u00e1 ensinaram milh\u00f5es de pessoas. Foi nomeado pela &quot;Time&quot; como uma das 100 pessoas mais influentes em IA em 2023. Autor de mais de 200 artigos cient\u00edficos nas \u00e1reas de IA, rob\u00f3tica e vis\u00e3o computacional.'); return false;\">ANDREW NG<\/a> (1976 DC)<\/li><li><a href='#' onclick=\"alert('Fei-Fei Li \u00e9 uma cientista chinesa e professora na Universidade Stanford. Na universidade, ela \u00e9 co-diretora de institutos de pesquisa sobre intelig\u00eancia artificial, aprendizado de m\u00e1quina, deep learning, vis\u00e3o computacional e neuroci\u00eancia cognitiva. Li \u00e9 uma das principais pesquisadoras no ramo de intelig\u00eancia articial, tendo liderado a iniciativa ImageNet, um grande conjunto de dados de vis\u00e3o computacional. \u00c9 uma das 100 Mulheres da lista da BBC de 2019. Apelidada de &quot;A poderosa chefona da IA&quot;. Co-Fundadora e CEO da World Labs.'); return false;\">FEI-FEI LI<\/a> (1976 DC)<\/li><li><a href='#' onclick=\"alert('A Dra. Timnit Gebru \u00e9 fundadora e diretora executiva do Instituto de Pesquisa em Intelig\u00eancia Artificial Distribu\u00edda (DAIR). Antes disso, ela atuou como col\u00edder da equipe de pesquisa de IA \u00c9tica no Google at\u00e9 sua demiss\u00e3o em 2020 (junto com seu col\u00edder) por escrever um artigo alertando sobre os perigos de modelos de linguagem extensos e levantando quest\u00f5es de discrimina\u00e7\u00e3o no local de trabalho. Timnit tamb\u00e9m foi cofundadora da Black in AI, uma organiza\u00e7\u00e3o sem fins lucrativos que trabalha para aumentar a presen\u00e7a, inclus\u00e3o, visibilidade e sa\u00fade de pessoas negras na \u00e1rea de IA, e faz parte do conselho da AddisCoder, uma organiza\u00e7\u00e3o sem fins lucrativos dedicada ao ensino de algoritmos e programa\u00e7\u00e3o de computadores para estudantes do ensino m\u00e9dio et\u00edopes e jamaicanos. Ela recebeu v\u00e1rios elogios, incluindo ser nomeada uma das Dez Pessoas que Ajudaram a Moldar a Ci\u00eancia pela Nature e uma das Pessoas Mais Influentes do Mundo pela TIME 100. Atualmente, ela est\u00e1 escrevendo The View from Somewhere, um livro de mem\u00f3rias e manifesto que defende um futuro tecnol\u00f3gico que sirva \u00e0s nossas comunidades, em vez de um que seja usado para vigil\u00e2ncia, guerra e centraliza\u00e7\u00e3o de poder pelo Vale do Sil\u00edcio. Fonte: [ https:\/\/www.linkedin.com\/in\/timnit-gebru-7b3b407\/ ].'); return false;\">TIMNIT GEBRU<\/a> (1982 DC)<\/li><li><a href='#' onclick=\"alert('Ex-CEO da OpenAI. CEO de AI da Softmax.'); return false;\">EMMET SHEAR<\/a> (1983 DC)<\/li><li><a href='#' onclick=\"alert('Dario Amodei (1983) \u00e9 um pesquisador e empreendedor americano de intelig\u00eancia artificial. Ele \u00e9 o cofundador e CEO da Anthropic, a empresa por tr\u00e1s da s\u00e9rie de modelos de linguagem Claude. Anteriormente, foi vice-presidente de pesquisa na OpenAI.'); return false;\">DARIO AMODEI<\/a> (1983 DC)<\/li><li><a href='#' onclick=\"alert('Um dos fundadores do Google DeepMind. Contratado pela Microsoft em 2025 para acelerar seus avan\u00e7os em IA.'); return false;\">MUSTAFA SULEYMAN<\/a> (1984 DC)<\/li><li>SAMUEL HARRIS ALTMAN (1985 DC)<\/li><li><a href='#' onclick=\"alert('Ilya Sutskever FRS (nascido em 1985\/86) \u00e9 um cientista da computa\u00e7\u00e3o israelense-canadense nascido na R\u00fassia que trabalha com aprendizado de m\u00e1quina, conhecido por co-fundar e atuar como cientista-chefe na OpenAI. Ele fez v\u00e1rias contribui\u00e7\u00f5es importantes para o campo de deep learning. Ele \u00e9 o co-inventor, com Alex Krizhevsky e Geoffrey Hinton, da AlexNet, uma rede neural convolucional. Sutskever tamb\u00e9m \u00e9 um dos muitos autores do artigo da AlphaGo. Fonte: Wikipedia.'); return false;\">ILYA SUTSKEVER<\/a> (1986 DC)<\/li><li>GREG BROCKMAN (1987 DC)<\/li><li>JAKUB PACHOCKI (1991 DC)<\/li><li><a href='#' onclick=\"alert('Nina da Hora, \u00e9 uma cientista da computa\u00e7\u00e3o, pesquisadora e ativista brasileira. \u00c9 formada em ci\u00eancias da computa\u00e7\u00e3o pela PUC-Rio, foi pesquisadora assistente do Centro de Tecnologia e Sociedade da Funda\u00e7\u00e3o Get\u00falio Vargas, na qual publicou o artigo Deepfakes: ferramenta antidemocr\u00e1tica. Colunista da revista MIT Technology Review, integrante do Conselho de Seguran\u00e7a do TikTok, e participante da comiss\u00e3o de transpar\u00eancia das elei\u00e7\u00f5es brasileiras de 2022. Em 2021, foi inclu\u00edda na lista Forbes 30 Under 30 da Forbes Brasil.'); return false;\">NINA DA HORA<\/a> (1995 DC)<\/li><li><a href='#' onclick=\"alert('Connor Leahy \u00e9 um pesquisador e empreendedor de intelig\u00eancia artificial alem\u00e3o-americano conhecido por ser cofundador da EleutherAI e CEO da empresa de pesquisa de seguran\u00e7a de IA Conjecture. Ele alertou sobre o risco existencial da intelig\u00eancia artificial geral e pediu regulamenta\u00e7\u00e3o como &quot;uma morat\u00f3ria nas execu\u00e7\u00f5es de IA de fronteira&quot; implementada por meio de um limite na computa\u00e7\u00e3o. Fonte: Wikipedia.'); return false;\">CONNOR LEAHY<\/a> (1995 DC)<\/li><\/ul>\n","protected":false},"excerpt":{"rendered":"","protected":false},"author":3,"featured_media":0,"parent":0,"menu_order":0,"comment_status":"closed","ping_status":"closed","template":"","meta":{"footnotes":""},"_links":{"self":[{"href":"https:\/\/treinamentolivre.com\/aluno01\/wp-json\/wp\/v2\/pages\/2584"}],"collection":[{"href":"https:\/\/treinamentolivre.com\/aluno01\/wp-json\/wp\/v2\/pages"}],"about":[{"href":"https:\/\/treinamentolivre.com\/aluno01\/wp-json\/wp\/v2\/types\/page"}],"author":[{"embeddable":true,"href":"https:\/\/treinamentolivre.com\/aluno01\/wp-json\/wp\/v2\/users\/3"}],"replies":[{"embeddable":true,"href":"https:\/\/treinamentolivre.com\/aluno01\/wp-json\/wp\/v2\/comments?post=2584"}],"version-history":[{"count":7,"href":"https:\/\/treinamentolivre.com\/aluno01\/wp-json\/wp\/v2\/pages\/2584\/revisions"}],"predecessor-version":[{"id":2763,"href":"https:\/\/treinamentolivre.com\/aluno01\/wp-json\/wp\/v2\/pages\/2584\/revisions\/2763"}],"wp:attachment":[{"href":"https:\/\/treinamentolivre.com\/aluno01\/wp-json\/wp\/v2\/media?parent=2584"}],"curies":[{"name":"wp","href":"https:\/\/api.w.org\/{rel}","templated":true}]}}