{"id":2208,"date":"2024-07-09T13:28:22","date_gmt":"2024-07-09T16:28:22","guid":{"rendered":"https:\/\/treinamentolivre.com\/aluno01\/?page_id=2208"},"modified":"2025-07-02T21:45:25","modified_gmt":"2025-07-03T00:45:25","slug":"ferramentas","status":"publish","type":"page","link":"https:\/\/treinamentolivre.com\/aluno01\/ferramentas","title":{"rendered":"Ferramentas"},"content":{"rendered":"\n<ul>\n<li><a href=\"https:\/\/docs.arduino.cc\/hardware\/portenta-h7\/\">Arduino Potenta H7 with Cortex M7 microcontroller<\/a>&nbsp;\u2013 Hardware de baixo custo para experi\u00eancias de eletr\u00f4nica e IA de baixa pot\u00eancia de processamento.<\/li>\n\n\n\n<li><a href=\"https:\/\/studio.azureml.net\/\" target=\"_blank\" rel=\"noreferrer noopener\">Azure Machine Learning<\/a><\/li>\n<\/ul>\n\n\n\n<ul>\n<li><a rel=\"noreferrer noopener\" href=\"https:\/\/aws.amazon.com\/pt\/what-is\/blockchain\/?aws-products-all.sort-by=item.additionalFields.productNameLowercase&amp;aws-products-all.sort-order=asc\" target=\"_blank\">Blockchain<\/a>&nbsp;\u2013 Tecnologia de certifica\u00e7\u00e3o de opera\u00e7\u00f5es remotas.<\/li>\n<\/ul>\n\n\n\n<ul>\n<li><a rel=\"noreferrer noopener\" href=\"https:\/\/www.nomic.ai\/gpt4all\" target=\"_blank\">ChatGpt4All<\/a> &#8211; Um ChatGpt que cabe em sua m\u00e1quina (desde que ela seja uma <a href=\"https:\/\/treinamentolivre.com\/aluno01\/arquivos\/2440\" target=\"_blank\" rel=\"noreferrer noopener\">m\u00e1quina parruda<\/a>) e permite manter seus projetos de IA secretos.<\/li>\n\n\n\n<li><a rel=\"noreferrer noopener\" href=\"https:\/\/azure.microsoft.com\/en-us\/products\/cosmos-db\/\" target=\"_blank\">Cosmos DB<\/a>&nbsp;\u2013 A OpenAI depende do Cosmos DB para dimensionar dinamicamente seu servi\u00e7o ChatGPT \u2013 um dos aplicativos de consumo de crescimento mais r\u00e1pido de todos os tempos \u2013 permitindo alta confiabilidade e baixa manuten\u00e7\u00e3o.\u201d \u2013 Satya Nadella, presidente e CEO da Microsoft.<\/li>\n<\/ul>\n\n\n\n<ul>\n<li><a rel=\"noreferrer noopener\" href=\"https:\/\/github.com\/cvat-ai\/cvat\" target=\"_blank\">CVat<\/a>&nbsp;\u2013 CVAT \u00e9 o mecanismo de dados l\u00edder do setor para aprendizado de m\u00e1quina. Usado por equipes de qualquer escala, para dados de qualquer escala.<\/li>\n<\/ul>\n\n\n\n<ul>\n<li><a rel=\"noreferrer noopener\" href=\"https:\/\/www.edgeimpulse.com\/blog\/fomo-self-attention\/\" target=\"_blank\">Edge Impulse \u2013 FOMO<\/a><\/li>\n<\/ul>\n\n\n\n<ul>\n<li><a href=\"https:\/\/flowiseai.com\/\" target=\"_blank\" rel=\"noreferrer noopener\">Flowise AI<\/a><\/li>\n<\/ul>\n\n\n\n<ul>\n<li><a rel=\"noreferrer noopener\" href=\"https:\/\/huggingface.co\/\" target=\"_blank\">Hugging Face<\/a><\/li>\n<\/ul>\n\n\n\n<ul>\n<li><a rel=\"noreferrer noopener\" href=\"https:\/\/www.atlassian.com\/br\/software\/jira?&amp;aceid=&amp;adposition=&amp;adgroup=143040565565&amp;campaign=19324540271&amp;creative=662772150674&amp;device=c&amp;keyword=jira%20software&amp;matchtype=e&amp;network=g&amp;placement=&amp;ds_kids=p74609451302&amp;ds_e=GOOGLE&amp;ds_eid=700000001558501&amp;ds_e1=GOOGLE&amp;gad_source=1&amp;gclid=Cj0KCQjwv7O0BhDwARIsAC0sjWMbj4jkqNzZfLSRVzwB4pErhHCF3DJU3qPR0NflGxsouhkvPAfQbbsaAo_iEALw_wcB&amp;gclsrc=aw.ds\" target=\"_blank\">Jira<\/a>&nbsp;(Atlassian)<\/li>\n<\/ul>\n\n\n\n<ul>\n<li><a rel=\"noreferrer noopener\" href=\"https:\/\/llama.meta.com\/llama3\/\" target=\"_blank\">Lhama 3 (Meta)<\/a><\/li>\n<\/ul>\n\n\n\n<ul>\n<li><a href=\"https:\/\/scispace.com\/\">Limaps<\/a> \u2013 Litmaps changes the way researchers search for papers and conduct literature reviews. (Informa\u00e7\u00e3o do pr\u00f3prio site)<\/li>\n<\/ul>\n\n\n\n<ul>\n<li><a rel=\"noreferrer noopener\" href=\"https:\/\/www.python.org\/\" target=\"_blank\">Linguagem Python<\/a>&nbsp;\u2013 Ferramenta interpretada de uso geral, bastante usada em pacotes de IA.<\/li>\n<\/ul>\n\n\n\n<ul>\n<li><a rel=\"noreferrer noopener\" href=\"https:\/\/www.r-project.org\/\" target=\"_blank\">Linguagem R<\/a>&nbsp;\u2013 Ferramenta para atividades em estat\u00edstica e ci\u00eancia de dados.<\/li>\n<\/ul>\n\n\n\n<ul>\n<li><a rel=\"noreferrer noopener\" href=\"https:\/\/chat.maritaca.ai\/auth\" target=\"_blank\">Maritaca AI<\/a><\/li>\n<\/ul>\n\n\n\n<ul>\n<li><a rel=\"noreferrer noopener\" href=\"https:\/\/azure.microsoft.com\/en-us\/products\/ai-services\/ai-custom-vision\" target=\"_blank\">Microsoft Custom Vision<\/a><\/li>\n<\/ul>\n\n\n\n<ul>\n<li><a href=\"https:\/\/medium.com\/axinc-ai\/mobilenetssd-a-machine-learning-model-for-fast-object-detection-37352ce6da7d\">MobileNet SSD<\/a><\/li>\n<\/ul>\n\n\n\n<ul>\n<li><a rel=\"noreferrer noopener\" href=\"https:\/\/www.mongodb.com\/\" target=\"_blank\">MongoDB<\/a>&nbsp;\u2013 Banco de dados n\u00e3o relacional.<\/li>\n<\/ul>\n\n\n\n<ul>\n<li><a href=\"https:\/\/scispace.com\/\">Notebooklm<\/a> \u2013 O NotebookLM \u00e9 um assistente de pesquisa e escrita com tecnologia de IA que funciona melhor com as fontes enviadas. (Google)<\/li>\n<\/ul>\n\n\n\n<ul>\n<li><a rel=\"noreferrer noopener\" href=\"https:\/\/pypi.org\/project\/object-detection\/\" target=\"_blank\">Object Detection<\/a>&nbsp;\u2013 Tensorflow Object Detection API.<\/li>\n<\/ul>\n\n\n\n<ul>\n<li><a href=\"https:\/\/obsidian.md\/\">Obsidian<\/a> \u2013 The free and flexible app for your private thoughts. (Informa\u00e7\u00e3o do pr\u00f3prio site)<\/li>\n<\/ul>\n\n\n\n<ul>\n<li><a href=\"https:\/\/pt.overleaf.com\/\">Overleaf<\/a> \u2013 O Overleaf \u00e9 uma plataforma online para edi\u00e7\u00e3o e colabora\u00e7\u00e3o em documentos LaTeX. (https:\/\/blog.mettzer.com\/overleaf\/).<\/li>\n<\/ul>\n\n\n\n<ul>\n<li><a rel=\"noreferrer noopener\" href=\"https:\/\/www.postgresql.org\/\" target=\"_blank\">PostGresql<\/a>&nbsp;\u2013 Banco de dados relacional de alta capacidade de replica\u00e7\u00e3o.<\/li>\n<\/ul>\n\n\n\n<ul>\n<li><a href=\"https:\/\/spark.apache.org\/docs\/latest\/api\/python\/index.html\">PySpark<\/a>&nbsp;\u2013 PySpark \u00e9 a API Python para Apache Spark. Ele permite que voc\u00ea execute processamento de dados em grande escala e em tempo real em um ambiente distribu\u00eddo usando Python. Ele tamb\u00e9m fornece um shell PySpark para analisar seus dados de forma interativa.<\/li>\n<\/ul>\n\n\n\n<ul>\n<li><a rel=\"noreferrer noopener\" href=\"https:\/\/www.raspberrypi.com\/products\/raspberry-pi-4-model-b\/\" target=\"_blank\">Raspberry Pi 4<\/a><\/li>\n<\/ul>\n\n\n\n<ul>\n<li><a href=\"https:\/\/scispace.com\/\">Scispqce<\/a> \u2013 All-in-one AI tools for students and researchers. (Informa\u00e7\u00e3o do pr\u00f3prio site)<\/li>\n<\/ul>\n\n\n\n<ul>\n<li><a rel=\"noreferrer noopener\" href=\"https:\/\/www.youtube.com\/watch?v=VELQk2FveQs&amp;authuser=0\" target=\"_blank\">Tensor Flow Lite<\/a><\/li>\n<\/ul>\n\n\n\n<ul>\n<li><a rel=\"noreferrer noopener\" href=\"https:\/\/www.tensorflow.org\/?hl=pt-br\" target=\"_blank\">TensorFlow<\/a>&nbsp;\u2013 Biblioteca dispon\u00edvel em Python e o outras linguagens, para aplica\u00e7\u00f5es de IA.<\/li>\n<\/ul>\n\n\n\n<ul>\n<li><a rel=\"noreferrer noopener\" href=\"https:\/\/arxiv.org\/abs\/2108.11539\" target=\"_blank\">YOLOv5<\/a><\/li>\n<\/ul>\n","protected":false},"excerpt":{"rendered":"","protected":false},"author":3,"featured_media":0,"parent":0,"menu_order":0,"comment_status":"closed","ping_status":"closed","template":"","meta":{"footnotes":""},"_links":{"self":[{"href":"https:\/\/treinamentolivre.com\/aluno01\/wp-json\/wp\/v2\/pages\/2208"}],"collection":[{"href":"https:\/\/treinamentolivre.com\/aluno01\/wp-json\/wp\/v2\/pages"}],"about":[{"href":"https:\/\/treinamentolivre.com\/aluno01\/wp-json\/wp\/v2\/types\/page"}],"author":[{"embeddable":true,"href":"https:\/\/treinamentolivre.com\/aluno01\/wp-json\/wp\/v2\/users\/3"}],"replies":[{"embeddable":true,"href":"https:\/\/treinamentolivre.com\/aluno01\/wp-json\/wp\/v2\/comments?post=2208"}],"version-history":[{"count":43,"href":"https:\/\/treinamentolivre.com\/aluno01\/wp-json\/wp\/v2\/pages\/2208\/revisions"}],"predecessor-version":[{"id":2568,"href":"https:\/\/treinamentolivre.com\/aluno01\/wp-json\/wp\/v2\/pages\/2208\/revisions\/2568"}],"wp:attachment":[{"href":"https:\/\/treinamentolivre.com\/aluno01\/wp-json\/wp\/v2\/media?parent=2208"}],"curies":[{"name":"wp","href":"https:\/\/api.w.org\/{rel}","templated":true}]}}