{"id":171,"date":"2021-04-02T17:31:03","date_gmt":"2021-04-02T20:31:03","guid":{"rendered":"http:\/\/treinamentolivre.com\/aluno01\/?page_id=171"},"modified":"2023-04-22T19:38:15","modified_gmt":"2023-04-22T22:38:15","slug":"sobre-o-site","status":"publish","type":"page","link":"https:\/\/treinamentolivre.com\/aluno01\/sobre-o-site","title":{"rendered":"Sobre o site."},"content":{"rendered":"\n<p>Este \u00e9 o site dos estudantes de <em>Intelig\u00eancia Artificial<\/em>.<\/p>\n\n\n\n<p><\/p>\n\n\n\n<p><strong>Objetivos:<\/strong><\/p>\n\n\n\n<ol><li>Popularizar a IA (Intelig\u00eancia Artificial) de modo que o cidad\u00e3o comum possa entender seus conceitos e, de v\u00e1rios modos, &#8220;brincar&#8221; com eles, aproveitando as ferramentas dispon\u00edveis.<\/li><li>Ajudar os  estudantes que desejam evoluir no assunto.<\/li><li>Discutir a rela\u00e7\u00e3o da IA com os direitos humanos, com a \u00e9tica os principais problemas do uso dessa t\u00e9cnica.<\/li><\/ol>\n\n\n\n<p><\/p>\n\n\n\n<p>Atualizar um site sobre um assunto que evolui r\u00e1pido \u00e9 bem dif\u00edcil. E \u00e9 uma oportunidade para descobrir como a pr\u00f3pria IA pode faz\u00ea-lo, diminuindo o trabalho do administrador.<\/p>\n\n\n\n<p><\/p>\n\n\n\n<p><strong>Este site foi criado por:<\/strong><\/p>\n\n\n\n<p>(c) <a rel=\"noreferrer noopener\" href=\"http:\/\/imbuhy.com\" target=\"_blank\">Instituto Imbuhy<\/a><\/p>\n\n\n\n<p><\/p>\n\n\n\n<p><\/p>\n\n\n\n<p><\/p>\n","protected":false},"excerpt":{"rendered":"<p>Este \u00e9 o site dos estudantes de Intelig\u00eancia Artificial. Objetivos: Popularizar a IA (Intelig\u00eancia Artificial) de modo que o cidad\u00e3o comum possa entender seus conceitos e, de v\u00e1rios modos, &#8220;brincar&#8221;&#8230;<\/p>\n<div class=\"more-link-wrapper\"><a class=\"more-link\" href=\"https:\/\/treinamentolivre.com\/aluno01\/sobre-o-site\">Continuar a ler&#8230;<span class=\"screen-reader-text\">Sobre o site.<\/span><\/a><\/div>\n","protected":false},"author":2,"featured_media":0,"parent":0,"menu_order":0,"comment_status":"closed","ping_status":"closed","template":"","meta":{"footnotes":""},"_links":{"self":[{"href":"https:\/\/treinamentolivre.com\/aluno01\/wp-json\/wp\/v2\/pages\/171"}],"collection":[{"href":"https:\/\/treinamentolivre.com\/aluno01\/wp-json\/wp\/v2\/pages"}],"about":[{"href":"https:\/\/treinamentolivre.com\/aluno01\/wp-json\/wp\/v2\/types\/page"}],"author":[{"embeddable":true,"href":"https:\/\/treinamentolivre.com\/aluno01\/wp-json\/wp\/v2\/users\/2"}],"replies":[{"embeddable":true,"href":"https:\/\/treinamentolivre.com\/aluno01\/wp-json\/wp\/v2\/comments?post=171"}],"version-history":[{"count":17,"href":"https:\/\/treinamentolivre.com\/aluno01\/wp-json\/wp\/v2\/pages\/171\/revisions"}],"predecessor-version":[{"id":1711,"href":"https:\/\/treinamentolivre.com\/aluno01\/wp-json\/wp\/v2\/pages\/171\/revisions\/1711"}],"wp:attachment":[{"href":"https:\/\/treinamentolivre.com\/aluno01\/wp-json\/wp\/v2\/media?parent=171"}],"curies":[{"name":"wp","href":"https:\/\/api.w.org\/{rel}","templated":true}]}}