{"id":118,"date":"2021-04-01T18:29:37","date_gmt":"2021-04-01T21:29:37","guid":{"rendered":"http:\/\/treinamentolivre.com\/aluno01\/?page_id=118"},"modified":"2021-08-15T15:37:44","modified_gmt":"2021-08-15T18:37:44","slug":"profissao-ia","status":"publish","type":"page","link":"https:\/\/treinamentolivre.com\/aluno01\/profissao-ia","title":{"rendered":"Profiss\u00e3o: IA."},"content":{"rendered":"\n<p>Voc\u00ea conhece algu\u00e9m que trabalhe com IA, estude o assunto no mestrado, no doutorado ou no p\u00f3s-doutorado ? Se conhecer, compartilhe o contato conosco !<\/p>\n\n\n\n<p>Um sonho desej\u00e1vel \u00e9 provar que eu posso ensinar IA a mim mesmo, em grande velocidade, usando a pr\u00f3pria IA como ferramenta, sendo produtivo para a sociedade na \u00e1rea em tempo record e sendo capaz de fazer o mesmo por outros estudantes.<\/p>\n\n\n\n<p><\/p>\n\n\n\n<figure class=\"wp-block-embed is-type-wp-embed is-provider-i-2-inteligencia-artificial wp-block-embed-i-2-inteligencia-artificial\"><div class=\"wp-block-embed__wrapper\">\n<blockquote class=\"wp-embedded-content\" data-secret=\"MJxLTw6kGo\"><a href=\"http:\/\/treinamentolivre.com\/aluno01\/arquivos\/510\">Top 5 certifica\u00e7\u00f5es para Intelig\u00eancia Artificial.<\/a><\/blockquote><iframe class=\"wp-embedded-content\" sandbox=\"allow-scripts\" security=\"restricted\" style=\"position: absolute; clip: rect(1px, 1px, 1px, 1px);\" title=\"&#8220;Top 5 certifica\u00e7\u00f5es para Intelig\u00eancia Artificial.&#8221; &#8212; I2 - Intelig\u00eancia Artificial\" src=\"http:\/\/treinamentolivre.com\/aluno01\/arquivos\/510\/embed#?secret=MJxLTw6kGo\" data-secret=\"MJxLTw6kGo\" width=\"500\" height=\"282\" frameborder=\"0\" marginwidth=\"0\" marginheight=\"0\" scrolling=\"no\"><\/iframe>\n<\/div><\/figure>\n\n\n\n<p><\/p>\n\n\n\n<figure class=\"wp-block-embed is-type-wp-embed is-provider-instituto-imbuhy wp-block-embed-instituto-imbuhy\"><div class=\"wp-block-embed__wrapper\">\n<blockquote class=\"wp-embedded-content\" data-secret=\"EGheCCdIcO\"><a href=\"http:\/\/i23.hospedagemdesites.ws\/i2\/?p=2659\">USP desenvolve ferramenta de corre\u00e7\u00e3o autom\u00e1tica de reda\u00e7\u00f5es.<\/a><\/blockquote><iframe class=\"wp-embedded-content\" sandbox=\"allow-scripts\" security=\"restricted\" style=\"position: absolute; clip: rect(1px, 1px, 1px, 1px);\" title=\"&#8220;USP desenvolve ferramenta de corre\u00e7\u00e3o autom\u00e1tica de reda\u00e7\u00f5es.&#8221; &#8212; Instituto Imbuhy\" src=\"http:\/\/i23.hospedagemdesites.ws\/i2\/?p=2659&#038;embed=true#?secret=EGheCCdIcO\" data-secret=\"EGheCCdIcO\" width=\"500\" height=\"282\" frameborder=\"0\" marginwidth=\"0\" marginheight=\"0\" scrolling=\"no\"><\/iframe>\n<\/div><\/figure>\n\n\n\n<figure class=\"wp-block-embed is-type-wp-embed is-provider-instituto-imbuhy wp-block-embed-instituto-imbuhy\"><div class=\"wp-block-embed__wrapper\">\n<blockquote class=\"wp-embedded-content\" data-secret=\"SB7CTplFyD\"><a href=\"http:\/\/i23.hospedagemdesites.ws\/i2\/?p=1930\">&#8216;Algoritmo roubou meu futuro&#8217;: solu\u00e7\u00e3o para &#8216;Enem brit\u00e2nico&#8217; na pandemia provoca esc\u00e2ndalo<\/a><\/blockquote><iframe class=\"wp-embedded-content\" sandbox=\"allow-scripts\" security=\"restricted\" style=\"position: absolute; clip: rect(1px, 1px, 1px, 1px);\" title=\"&#8220;&#8216;Algoritmo roubou meu futuro&#8217;: solu\u00e7\u00e3o para &#8216;Enem brit\u00e2nico&#8217; na pandemia provoca esc\u00e2ndalo&#8221; &#8212; Instituto Imbuhy\" src=\"http:\/\/i23.hospedagemdesites.ws\/i2\/?p=1930&#038;embed=true#?secret=SB7CTplFyD\" data-secret=\"SB7CTplFyD\" width=\"500\" height=\"282\" frameborder=\"0\" marginwidth=\"0\" marginheight=\"0\" scrolling=\"no\"><\/iframe>\n<\/div><\/figure>\n\n\n\n<figure class=\"wp-block-embed is-type-wp-embed is-provider-instituto-imbuhy wp-block-embed-instituto-imbuhy\"><div class=\"wp-block-embed__wrapper\">\n<blockquote class=\"wp-embedded-content\" data-secret=\"QJxfHANeqt\"><a href=\"http:\/\/i23.hospedagemdesites.ws\/i2\/?p=1324\">Discovery Brasil &#8211; Intelig\u00eancia artificial &#8211; IBM<\/a><\/blockquote><iframe class=\"wp-embedded-content\" sandbox=\"allow-scripts\" security=\"restricted\" style=\"position: absolute; clip: rect(1px, 1px, 1px, 1px);\" title=\"&#8220;Discovery Brasil &#8211; Intelig\u00eancia artificial &#8211; IBM&#8221; &#8212; Instituto Imbuhy\" src=\"http:\/\/i23.hospedagemdesites.ws\/i2\/?p=1324&#038;embed=true#?secret=QJxfHANeqt\" data-secret=\"QJxfHANeqt\" width=\"500\" height=\"282\" frameborder=\"0\" marginwidth=\"0\" marginheight=\"0\" scrolling=\"no\"><\/iframe>\n<\/div><\/figure>\n\n\n\n<figure class=\"wp-block-embed is-type-wp-embed is-provider-instituto-imbuhy wp-block-embed-instituto-imbuhy\"><div class=\"wp-block-embed__wrapper\">\n<blockquote class=\"wp-embedded-content\" data-secret=\"eHKzElRmbp\"><a href=\"http:\/\/i23.hospedagemdesites.ws\/i2\/?p=1268\">Por uma justi\u00e7a eletr\u00f4nica ?<\/a><\/blockquote><iframe class=\"wp-embedded-content\" sandbox=\"allow-scripts\" security=\"restricted\" style=\"position: absolute; clip: rect(1px, 1px, 1px, 1px);\" title=\"&#8220;Por uma justi\u00e7a eletr\u00f4nica ?&#8221; &#8212; Instituto Imbuhy\" src=\"http:\/\/i23.hospedagemdesites.ws\/i2\/?p=1268&#038;embed=true#?secret=eHKzElRmbp\" data-secret=\"eHKzElRmbp\" width=\"500\" height=\"282\" frameborder=\"0\" marginwidth=\"0\" marginheight=\"0\" scrolling=\"no\"><\/iframe>\n<\/div><\/figure>\n\n\n\n<figure class=\"wp-block-embed is-type-wp-embed is-provider-instituto-imbuhy wp-block-embed-instituto-imbuhy\"><div class=\"wp-block-embed__wrapper\">\n<blockquote class=\"wp-embedded-content\" data-secret=\"O716t3k488\"><a href=\"http:\/\/i23.hospedagemdesites.ws\/i2\/?p=1061\">Atualizando os t\u00f3picos da IA.<\/a><\/blockquote><iframe class=\"wp-embedded-content\" sandbox=\"allow-scripts\" security=\"restricted\" style=\"position: absolute; clip: rect(1px, 1px, 1px, 1px);\" title=\"&#8220;Atualizando os t\u00f3picos da IA.&#8221; &#8212; Instituto Imbuhy\" src=\"http:\/\/i23.hospedagemdesites.ws\/i2\/?p=1061&#038;embed=true#?secret=O716t3k488\" data-secret=\"O716t3k488\" width=\"500\" height=\"282\" frameborder=\"0\" marginwidth=\"0\" marginheight=\"0\" scrolling=\"no\"><\/iframe>\n<\/div><\/figure>\n\n\n\n<figure class=\"wp-block-embed is-type-wp-embed is-provider-instituto-imbuhy wp-block-embed-instituto-imbuhy\"><div class=\"wp-block-embed__wrapper\">\n<blockquote class=\"wp-embedded-content\" data-secret=\"GJoFQ2eLrZ\"><a href=\"http:\/\/i23.hospedagemdesites.ws\/i2\/?p=1053\">A verdadeira intelig\u00eancia artificial vai mudar tudo.<\/a><\/blockquote><iframe class=\"wp-embedded-content\" sandbox=\"allow-scripts\" security=\"restricted\" style=\"position: absolute; clip: rect(1px, 1px, 1px, 1px);\" title=\"&#8220;A verdadeira intelig\u00eancia artificial vai mudar tudo.&#8221; &#8212; Instituto Imbuhy\" src=\"http:\/\/i23.hospedagemdesites.ws\/i2\/?p=1053&#038;embed=true#?secret=GJoFQ2eLrZ\" data-secret=\"GJoFQ2eLrZ\" width=\"500\" height=\"282\" frameborder=\"0\" marginwidth=\"0\" marginheight=\"0\" scrolling=\"no\"><\/iframe>\n<\/div><\/figure>\n\n\n\n<figure class=\"wp-block-embed is-type-wp-embed is-provider-instituto-imbuhy wp-block-embed-instituto-imbuhy\"><div class=\"wp-block-embed__wrapper\">\n<blockquote class=\"wp-embedded-content\" data-secret=\"wQecR4JDpl\"><a href=\"http:\/\/i23.hospedagemdesites.ws\/i2\/?p=1047\">Intelig\u00eancia Artificial: Ela vai nos matar ?<\/a><\/blockquote><iframe class=\"wp-embedded-content\" sandbox=\"allow-scripts\" security=\"restricted\" style=\"position: absolute; clip: rect(1px, 1px, 1px, 1px);\" title=\"&#8220;Intelig\u00eancia Artificial: Ela vai nos matar ?&#8221; &#8212; Instituto Imbuhy\" src=\"http:\/\/i23.hospedagemdesites.ws\/i2\/?p=1047&#038;embed=true#?secret=wQecR4JDpl\" data-secret=\"wQecR4JDpl\" width=\"500\" height=\"282\" frameborder=\"0\" marginwidth=\"0\" marginheight=\"0\" scrolling=\"no\"><\/iframe>\n<\/div><\/figure>\n","protected":false},"excerpt":{"rendered":"<p>Voc\u00ea conhece algu\u00e9m que trabalhe com IA, estude o assunto no mestrado, no doutorado ou no p\u00f3s-doutorado ? Se conhecer, compartilhe o contato conosco ! Um sonho desej\u00e1vel \u00e9 provar&#8230;<\/p>\n<div class=\"more-link-wrapper\"><a class=\"more-link\" href=\"https:\/\/treinamentolivre.com\/aluno01\/profissao-ia\">Continuar a ler&#8230;<span class=\"screen-reader-text\">Profiss\u00e3o: IA.<\/span><\/a><\/div>\n","protected":false},"author":2,"featured_media":0,"parent":0,"menu_order":0,"comment_status":"closed","ping_status":"closed","template":"","meta":{"footnotes":""},"_links":{"self":[{"href":"https:\/\/treinamentolivre.com\/aluno01\/wp-json\/wp\/v2\/pages\/118"}],"collection":[{"href":"https:\/\/treinamentolivre.com\/aluno01\/wp-json\/wp\/v2\/pages"}],"about":[{"href":"https:\/\/treinamentolivre.com\/aluno01\/wp-json\/wp\/v2\/types\/page"}],"author":[{"embeddable":true,"href":"https:\/\/treinamentolivre.com\/aluno01\/wp-json\/wp\/v2\/users\/2"}],"replies":[{"embeddable":true,"href":"https:\/\/treinamentolivre.com\/aluno01\/wp-json\/wp\/v2\/comments?post=118"}],"version-history":[{"count":9,"href":"https:\/\/treinamentolivre.com\/aluno01\/wp-json\/wp\/v2\/pages\/118\/revisions"}],"predecessor-version":[{"id":967,"href":"https:\/\/treinamentolivre.com\/aluno01\/wp-json\/wp\/v2\/pages\/118\/revisions\/967"}],"wp:attachment":[{"href":"https:\/\/treinamentolivre.com\/aluno01\/wp-json\/wp\/v2\/media?parent=118"}],"curies":[{"name":"wp","href":"https:\/\/api.w.org\/{rel}","templated":true}]}}