{"id":112,"date":"2021-04-01T18:28:43","date_gmt":"2021-04-01T21:28:43","guid":{"rendered":"http:\/\/treinamentolivre.com\/aluno01\/?page_id=112"},"modified":"2025-07-11T18:57:02","modified_gmt":"2025-07-11T21:57:02","slug":"laboratorio","status":"publish","type":"page","link":"https:\/\/treinamentolivre.com\/aluno01\/laboratorio","title":{"rendered":"Laborat\u00f3rio"},"content":{"rendered":"\n<p>Lembre-se que IA n\u00e3o \u00e9 \u00fatil se n\u00e3o for usada (e se voc\u00ea n\u00e3o tiver dados para ela). Aqui vamos testar na pr\u00e1tica alguns conceitos e aplica\u00e7\u00f5es. Para que voc\u00ea seja reconhecido na \u00e1rea de IA, voc\u00ea precisa (idealmente):<\/p>\n\n\n\n<ul>\n<li>Saber usar adequadamente uma ferramenta de IA. \u00c9 importante voc\u00ea poder dizer: &#8211; Eu testei a ferramenta desse modo e ela se comporta deste modo &#8230; ;<\/li>\n\n\n\n<li>Ter desenvolvido e implementado uma solu\u00e7\u00e3o utilizando um conceito, princ\u00edpio da ci\u00eancia ou ferramenta, na academia ou no mercado;<\/li>\n\n\n\n<li>Escrever um artigo in\u00e9dito e inovador sobre o assunto em publica\u00e7\u00e3o respeitada ou f\u00f3rum confi\u00e1vel aprovado por seus pares;<\/li>\n\n\n\n<li>Ser aprovado num programa (mestrado, doutorado, extens\u00e3o), prova ou certifica\u00e7\u00e3o;<\/li>\n\n\n\n<li>Trabalhar numa iniciativa aberta ligada \u00e0 IA como volunt\u00e1rio (um treinamento gr\u00e1tis, monitoria etc);<\/li>\n\n\n\n<li>(O mais dif\u00edcil) Ter uma patente na especialidade;<\/li>\n\n\n\n<li>Produzir uma obra sobre o assunto (livro), que seja bem recebida por seus pares.<\/li>\n<\/ul>\n\n\n\n<p> <\/p>\n\n\n\n<p>\u00c9 um longo caminho ! Enquanto isso n\u00e3o acontece, conhe\u00e7a as ferramentas a seguir.<\/p>\n\n\n\n<figure class=\"wp-block-embed is-type-wp-embed is-provider-i-2-inteligencia-artificial wp-block-embed-i-2-inteligencia-artificial\"><div class=\"wp-block-embed__wrapper\">\n<blockquote class=\"wp-embedded-content\" data-secret=\"UkXhug8SKn\"><a href=\"https:\/\/treinamentolivre.com\/aluno01\/arquivos\/1609\">OpenAI: Qual \u00e9 o melhor livro dispon\u00edvel sobre intelig\u00eancia artificial ?<\/a><\/blockquote><iframe class=\"wp-embedded-content\" sandbox=\"allow-scripts\" security=\"restricted\" style=\"position: absolute; clip: rect(1px, 1px, 1px, 1px);\" title=\"&#8220;OpenAI: Qual \u00e9 o melhor livro dispon\u00edvel sobre intelig\u00eancia artificial ?&#8221; &#8212; I2 - Intelig\u00eancia Artificial\" src=\"https:\/\/treinamentolivre.com\/aluno01\/arquivos\/1609\/embed#?secret=rwmDDzXHMc#?secret=UkXhug8SKn\" data-secret=\"UkXhug8SKn\" width=\"500\" height=\"282\" frameborder=\"0\" marginwidth=\"0\" marginheight=\"0\" scrolling=\"no\"><\/iframe>\n<\/div><\/figure>\n\n\n\n<figure class=\"wp-block-embed is-type-wp-embed is-provider-i-2-inteligencia-artificial wp-block-embed-i-2-inteligencia-artificial\"><div class=\"wp-block-embed__wrapper\">\n<blockquote class=\"wp-embedded-content\" data-secret=\"3zowyxjheo\"><a href=\"https:\/\/treinamentolivre.com\/aluno01\/arquivos\/1027\">Programando em Python com o Google Colab.<\/a><\/blockquote><iframe class=\"wp-embedded-content\" sandbox=\"allow-scripts\" security=\"restricted\" style=\"position: absolute; clip: rect(1px, 1px, 1px, 1px);\" title=\"&#8220;Programando em Python com o Google Colab.&#8221; &#8212; I2 - Intelig\u00eancia Artificial\" src=\"https:\/\/treinamentolivre.com\/aluno01\/arquivos\/1027\/embed#?secret=PhwldA4dqT#?secret=3zowyxjheo\" data-secret=\"3zowyxjheo\" width=\"500\" height=\"282\" frameborder=\"0\" marginwidth=\"0\" marginheight=\"0\" scrolling=\"no\"><\/iframe>\n<\/div><\/figure>\n\n\n\n<figure class=\"wp-block-embed is-type-wp-embed is-provider-i-2-inteligencia-artificial wp-block-embed-i-2-inteligencia-artificial\"><div class=\"wp-block-embed__wrapper\">\n<blockquote class=\"wp-embedded-content\" data-secret=\"eL87MsFsbn\"><a href=\"https:\/\/treinamentolivre.com\/aluno01\/arquivos\/581\">O que \u00e9 o Google BERT ?<\/a><\/blockquote><iframe class=\"wp-embedded-content\" sandbox=\"allow-scripts\" security=\"restricted\" style=\"position: absolute; clip: rect(1px, 1px, 1px, 1px);\" title=\"&#8220;O que \u00e9 o Google BERT ?&#8221; &#8212; I2 - Intelig\u00eancia Artificial\" src=\"https:\/\/treinamentolivre.com\/aluno01\/arquivos\/581\/embed#?secret=DdLwZJnegd#?secret=eL87MsFsbn\" data-secret=\"eL87MsFsbn\" width=\"500\" height=\"282\" frameborder=\"0\" marginwidth=\"0\" marginheight=\"0\" scrolling=\"no\"><\/iframe>\n<\/div><\/figure>\n\n\n\n<figure class=\"wp-block-embed is-type-wp-embed is-provider-i-2-inteligencia-artificial wp-block-embed-i-2-inteligencia-artificial\"><div class=\"wp-block-embed__wrapper\">\n<blockquote class=\"wp-embedded-content\" data-secret=\"cqGjeR8YoX\"><a href=\"https:\/\/treinamentolivre.com\/aluno01\/arquivos\/578\">Jogue xadrez !<\/a><\/blockquote><iframe class=\"wp-embedded-content\" sandbox=\"allow-scripts\" security=\"restricted\" style=\"position: absolute; clip: rect(1px, 1px, 1px, 1px);\" title=\"&#8220;Jogue xadrez !&#8221; &#8212; I2 - Intelig\u00eancia Artificial\" src=\"https:\/\/treinamentolivre.com\/aluno01\/arquivos\/578\/embed#?secret=hW7yZ5Uq7w#?secret=cqGjeR8YoX\" data-secret=\"cqGjeR8YoX\" width=\"500\" height=\"282\" frameborder=\"0\" marginwidth=\"0\" marginheight=\"0\" scrolling=\"no\"><\/iframe>\n<\/div><\/figure>\n\n\n\n<figure class=\"wp-block-embed is-type-wp-embed is-provider-i-2-inteligencia-artificial wp-block-embed-i-2-inteligencia-artificial\"><div class=\"wp-block-embed__wrapper\">\n<blockquote class=\"wp-embedded-content\" data-secret=\"NycsWxGei3\"><a href=\"https:\/\/treinamentolivre.com\/aluno01\/arquivos\/367\">PyTorch ou TensorFlow ?<\/a><\/blockquote><iframe class=\"wp-embedded-content\" sandbox=\"allow-scripts\" security=\"restricted\" style=\"position: absolute; clip: rect(1px, 1px, 1px, 1px);\" title=\"&#8220;PyTorch ou TensorFlow ?&#8221; &#8212; I2 - Intelig\u00eancia Artificial\" src=\"https:\/\/treinamentolivre.com\/aluno01\/arquivos\/367\/embed#?secret=eZgmHtFdGy#?secret=NycsWxGei3\" data-secret=\"NycsWxGei3\" width=\"500\" height=\"282\" frameborder=\"0\" marginwidth=\"0\" marginheight=\"0\" scrolling=\"no\"><\/iframe>\n<\/div><\/figure>\n\n\n\n<p><\/p>\n\n\n\n<figure class=\"wp-block-embed is-type-wp-embed is-provider-i-2-inteligencia-artificial wp-block-embed-i-2-inteligencia-artificial\"><div class=\"wp-block-embed__wrapper\">\n<blockquote class=\"wp-embedded-content\" data-secret=\"VCOVHRL4u2\"><a href=\"https:\/\/treinamentolivre.com\/aluno01\/arquivos\/271\">Unificando o cliente de banco de dados para Oracle e Mysql.<\/a><\/blockquote><iframe class=\"wp-embedded-content\" sandbox=\"allow-scripts\" security=\"restricted\" style=\"position: absolute; clip: rect(1px, 1px, 1px, 1px);\" title=\"&#8220;Unificando o cliente de banco de dados para Oracle e Mysql.&#8221; &#8212; I2 - Intelig\u00eancia Artificial\" src=\"https:\/\/treinamentolivre.com\/aluno01\/arquivos\/271\/embed#?secret=DR8T7l2rVZ#?secret=VCOVHRL4u2\" data-secret=\"VCOVHRL4u2\" width=\"500\" height=\"282\" frameborder=\"0\" marginwidth=\"0\" marginheight=\"0\" scrolling=\"no\"><\/iframe>\n<\/div><\/figure>\n\n\n\n<p><\/p>\n\n\n\n<figure class=\"wp-block-embed is-type-wp-embed is-provider-i-2-inteligencia-artificial wp-block-embed-i-2-inteligencia-artificial\"><div class=\"wp-block-embed__wrapper\">\n<blockquote class=\"wp-embedded-content\" data-secret=\"3pt2GeIkKa\"><a href=\"https:\/\/treinamentolivre.com\/aluno01\/arquivos\/83\">Linguagem Python: Instale agora !<\/a><\/blockquote><iframe class=\"wp-embedded-content\" sandbox=\"allow-scripts\" security=\"restricted\" style=\"position: absolute; clip: rect(1px, 1px, 1px, 1px);\" title=\"&#8220;Linguagem Python: Instale agora !&#8221; &#8212; I2 - Intelig\u00eancia Artificial\" src=\"https:\/\/treinamentolivre.com\/aluno01\/arquivos\/83\/embed#?secret=ez6ngo76zi#?secret=3pt2GeIkKa\" data-secret=\"3pt2GeIkKa\" width=\"500\" height=\"282\" frameborder=\"0\" marginwidth=\"0\" marginheight=\"0\" scrolling=\"no\"><\/iframe>\n<\/div><\/figure>\n\n\n\n<figure class=\"wp-block-embed is-type-wp-embed is-provider-i-2-inteligencia-artificial wp-block-embed-i-2-inteligencia-artificial\"><div class=\"wp-block-embed__wrapper\">\n<blockquote class=\"wp-embedded-content\" data-secret=\"YkGBIHBWy3\"><a href=\"https:\/\/treinamentolivre.com\/aluno01\/arquivos\/139\">Converse com Eliza.<\/a><\/blockquote><iframe class=\"wp-embedded-content\" sandbox=\"allow-scripts\" security=\"restricted\" style=\"position: absolute; clip: rect(1px, 1px, 1px, 1px);\" title=\"&#8220;Converse com Eliza.&#8221; &#8212; I2 - Intelig\u00eancia Artificial\" src=\"https:\/\/treinamentolivre.com\/aluno01\/arquivos\/139\/embed#?secret=XHWfQ4gXOu#?secret=YkGBIHBWy3\" data-secret=\"YkGBIHBWy3\" width=\"500\" height=\"282\" frameborder=\"0\" marginwidth=\"0\" marginheight=\"0\" scrolling=\"no\"><\/iframe>\n<\/div><\/figure>\n","protected":false},"excerpt":{"rendered":"<p>Lembre-se que IA n\u00e3o \u00e9 \u00fatil se n\u00e3o for usada (e se voc\u00ea n\u00e3o tiver dados para ela). Aqui vamos testar na pr\u00e1tica alguns conceitos e aplica\u00e7\u00f5es. Para que voc\u00ea&#8230;<\/p>\n<div class=\"more-link-wrapper\"><a class=\"more-link\" href=\"https:\/\/treinamentolivre.com\/aluno01\/laboratorio\">Continuar a ler&#8230;<span class=\"screen-reader-text\">Laborat\u00f3rio<\/span><\/a><\/div>\n","protected":false},"author":2,"featured_media":0,"parent":0,"menu_order":0,"comment_status":"closed","ping_status":"closed","template":"","meta":{"footnotes":""},"_links":{"self":[{"href":"https:\/\/treinamentolivre.com\/aluno01\/wp-json\/wp\/v2\/pages\/112"}],"collection":[{"href":"https:\/\/treinamentolivre.com\/aluno01\/wp-json\/wp\/v2\/pages"}],"about":[{"href":"https:\/\/treinamentolivre.com\/aluno01\/wp-json\/wp\/v2\/types\/page"}],"author":[{"embeddable":true,"href":"https:\/\/treinamentolivre.com\/aluno01\/wp-json\/wp\/v2\/users\/2"}],"replies":[{"embeddable":true,"href":"https:\/\/treinamentolivre.com\/aluno01\/wp-json\/wp\/v2\/comments?post=112"}],"version-history":[{"count":24,"href":"https:\/\/treinamentolivre.com\/aluno01\/wp-json\/wp\/v2\/pages\/112\/revisions"}],"predecessor-version":[{"id":2574,"href":"https:\/\/treinamentolivre.com\/aluno01\/wp-json\/wp\/v2\/pages\/112\/revisions\/2574"}],"wp:attachment":[{"href":"https:\/\/treinamentolivre.com\/aluno01\/wp-json\/wp\/v2\/media?parent=112"}],"curies":[{"name":"wp","href":"https:\/\/api.w.org\/{rel}","templated":true}]}}