{"id":109,"date":"2021-04-01T18:28:03","date_gmt":"2021-04-01T21:28:03","guid":{"rendered":"http:\/\/treinamentolivre.com\/aluno01\/?page_id=109"},"modified":"2023-08-03T07:56:08","modified_gmt":"2023-08-03T10:56:08","slug":"como-comecar","status":"publish","type":"page","link":"https:\/\/treinamentolivre.com\/aluno01\/como-comecar","title":{"rendered":"Qual o caminho ?"},"content":{"rendered":"\n<blockquote class=\"wp-block-quote\"><p>Voc\u00ea j\u00e1 come\u00e7ou ! Est\u00e1 num site sobre Intelig\u00eancia Artificial. Parab\u00e9ns !!<\/p><p>Agora, paci\u00eancia, persist\u00eancia e disciplina.<\/p><\/blockquote>\n\n\n\n<ul><li><strong>Preciso ser um g\u00eanio matem\u00e1tico com mestrado para entender e atuar na Intelig\u00eancia artificial ?<\/strong><\/li><\/ul>\n\n\n\n<p><\/p>\n\n\n\n<p>Claro que n\u00e3o !  <a rel=\"noreferrer noopener\" href=\"http:\/\/i23.hospedagemdesites.ws\/i2\/?p=2817\" target=\"_blank\">Nem os grandes empregadores exigem mais diploma<\/a>, se voc\u00ea for bom no que faz. Se voc\u00ea tiver o ensino m\u00e9dio completo (e mesmo se n\u00e3o tiver) j\u00e1 pode dominar muitos conceitos de IA. Ali\u00e1s, este site pretende popularizar a IA para estudantes secundaristas tamb\u00e9m. Se voc\u00ea programa em alguma linguagem ou estiver disposto a aprender uma, ir\u00e1 aproveitar as pr\u00e1ticas dessa \u00e1rea. O dom\u00ednio da linguagem SQL ainda \u00e9 considerado uma vantagem, mas com o uso dos bancos NoSQL (e.g. MongoDB) isso tende a mudar. A matem\u00e1tica, a l\u00edngua portuguesa, a l\u00edngua inglesa e (no caso da rob\u00f3tica) a f\u00edsica e eletr\u00f4nica s\u00e3o \u00fateis. N\u00e3o que voc\u00ea v\u00e1 desprezar as outras mat\u00e9rias do ensino m\u00e9dio &#8211; nem seria prudente &#8211; mas voc\u00ea dedicar\u00e1 mais tempo e energia a <a href=\"https:\/\/pt.wikipedia.org\/wiki\/STEM\" target=\"_blank\" rel=\"noreferrer noopener\">Stem<\/a> (mat\u00e9rias t\u00e9cnicas).<\/p>\n\n\n\n<ul><li><strong>Como ser um profissional de IA ?<\/strong><\/li><\/ul>\n\n\n\n<p>Se voc\u00ea deseja ser reconhecido um dia como um especialista em IA de n\u00edvel superior e quer ser professor universit\u00e1rio, termine uma gradua\u00e7\u00e3o em ci\u00eancias da computa\u00e7\u00e3o, engenharia, f\u00edsica, rob\u00f3tica, ci\u00eancia de dados, engenharia eletr\u00f4nica ou ci\u00eancias correlatas da \u00e1rea de exatas e prepare-se para passar bem colocado no Poscomp. Dali, voc\u00ea poder\u00e1 fazer uma extens\u00e3o, mestrado, doutorado ou MBA  em IA, praticamente onde desejar. Provavelmente com bolsa, j\u00e1 que  o MCTI  est\u00e1  sob nova dire\u00e7\u00e3o.<\/p>\n\n\n\n<p>Se n\u00e3o quiser fazer faculdade, concentre-se nas linguagens, no tratamento e visualiza\u00e7\u00e3o dos dados e nas ferramentas. Mais tarde vamos abord\u00e1-las.<\/p>\n\n\n\n<p>Se voc\u00ea \u00e9 um <strong>gestor<\/strong> e precisa saber como implantar a IA na sua empresa, veja o artigo a seguir.<\/p>\n\n\n\n<figure class=\"wp-block-embed is-type-wp-embed is-provider-i-2-inteligencia-artificial wp-block-embed-i-2-inteligencia-artificial\"><div class=\"wp-block-embed__wrapper\">\n<blockquote class=\"wp-embedded-content\" data-secret=\"qh5i3bWY7t\"><a href=\"https:\/\/treinamentolivre.com\/aluno01\/arquivos\/1179\">Quero Intelig\u00eancia Artificial na minha empresa. Por onde come\u00e7ar ?<\/a><\/blockquote><iframe class=\"wp-embedded-content\" sandbox=\"allow-scripts\" security=\"restricted\" style=\"position: absolute; clip: rect(1px, 1px, 1px, 1px);\" title=\"&#8220;Quero Intelig\u00eancia Artificial na minha empresa. Por onde come\u00e7ar ?&#8221; &#8212; I2 - Intelig\u00eancia Artificial\" src=\"https:\/\/treinamentolivre.com\/aluno01\/arquivos\/1179\/embed#?secret=qh5i3bWY7t\" data-secret=\"qh5i3bWY7t\" width=\"500\" height=\"282\" frameborder=\"0\" marginwidth=\"0\" marginheight=\"0\" scrolling=\"no\"><\/iframe>\n<\/div><\/figure>\n\n\n\n<p><\/p>\n\n\n\n<p><strong>Quais as profiss\u00f5es ligadas \u00e0 IA ?<\/strong><\/p>\n\n\n\n<p>A IA \u00e9 t\u00e3o ampla que voc\u00ea poder\u00e1 aproveitar v\u00e1rios de seus conceitos, t\u00e9cnicas e discuss\u00f5es, mesmo que sua \u00e1rea de atua\u00e7\u00e3o seja a biologia, o direito ou  jogos de computador. Mais tarde vou trazer para voc\u00ea, leitor, depoimentos e hist\u00f3rias de pessoas que trabalham (ou trabalharam) com IA, direta ou indiretamente.  Para adiantar, aviso que advogados, programadores, matem\u00e1ticos, administradores, t\u00e9cnicos de futebol, dem\u00f3grafos, meteorologistas, engenheiros, epidemiologistas, economistas, industriais e um grupo crescente de l\u00edderes pol\u00edticos se interessam pelo assunto. <\/p>\n\n\n\n<p>Leia <a href=\"http:\/\/treinamentolivre.com\/aluno01\/arquivos\/1065\" target=\"_blank\" rel=\"noreferrer noopener\">meu artigo sobre os servi\u00e7os<\/a> que as empresas de IA est\u00e3o prestando pelo mundo.<\/p>\n\n\n\n<ul><li><strong>E o caminho ?<\/strong><\/li><\/ul>\n\n\n\n<ol><li>Procure aqui no site os v\u00eddeos sobre IA, para que voc\u00ea v\u00e1 se familiarizando. <em><a href=\"http:\/\/treinamentolivre.com\/aluno01\/the-age-of-a-i\">The Age of A.I.<\/a><\/em><span style=\"font-size: 1em;\"> \u00e9 um excelente come\u00e7o, porque conta o que est\u00e1 acontecendo de mais moderno no mundo da IA, em v\u00e1rios setores do conhecimento. Em seguida, a palestra do <\/span><em><a rel=\"noreferrer noopener\" href=\"http:\/\/treinamentolivre.com\/aluno01\/arquivos\/437\" target=\"_blank\">professor Bulinh<\/a><a href=\"http:\/\/treinamentolivre.com\/aluno01\/arquivos\/437\">a<\/a><\/em><span style=\"font-size: 1em;\">, no <a rel=\"noreferrer noopener\" href=\"http:\/\/serratec.org\/residencia-de-software\/\" target=\"_blank\">Serratec<\/a>. Essa palestra foi maravilhosa e cobriu dezenas de aspectos da IA, desde o mercado at\u00e9 t\u00e9cnicas e ferramentas.. Essencial para quem vai realmente seguir a profiss\u00e3o, seja no nivel t\u00e9cnico ou superior.  Depois, o v\u00eddeo <a rel=\"noreferrer noopener\" href=\"https:\/\/www.netflix.com\/title\/81328723\" target=\"_blank\">Coded Bias<\/a>, do NetFlix, que fala sobre os erros cometidos na introdu\u00e7\u00e3o de dados de treinamento  e seus efeitos sociais.<\/span> J\u00e1 as aulas do <a rel=\"noreferrer noopener\" href=\"https:\/\/www.youtube.com\/watch?v=mbyG85GZ0PI&amp;list=PLnIDYuXHkit4LcWjDe0EwlE57WiGlBs08\" target=\"_blank\">professor  Yasser<\/a> no  Caltech nos foram recomendadas  por Jo\u00e3o Lag\u00f4as, doutorando da Coppe.<\/li><li>\u00c9 essencial adquirir o <a rel=\"noreferrer noopener\" href=\"https:\/\/www.americanas.com.br\/produto\/116222457\/livro-inteligencia-artificial?opn=YSMESP&amp;sellerid=02&amp;epar=bp_pl_00_go_liv_todas_geral_gmv&amp;WT.srch=1&amp;acc=e789ea56094489dffd798f86ff51c7a9&amp;i=5612cbe46ed24cafb5cae011&amp;o=55cecc649c3238c7d1b7e322&amp;gclid=CjwKCAjw3pWDBhB3EiwAV1c5rMtRGt81uYXBE2S937YjQpZ1O6jh0hJCas3nMuJYJ0GHnuazW2Jk2hoCkTAQAvD_BwE\" target=\"_blank\">livro de Russel e Norvig<\/a> : &#8220;Intelig\u00eancia Artificial&#8221;. Custa um bom dinheiro. Mas a boa not\u00edcia \u00e9 que voc\u00ea pode adquirir o PDF, com alguma pesquisa. Sai pela metade do pre\u00e7o. Quando conseguir, recomendo usar um tablet ou um <a rel=\"noreferrer noopener\" href=\"https:\/\/www.amazon.com.br\/Kindle-10a-gera%C3%A7%C3%A3o-ilumina%C3%A7%C3%A3o-embutida\/dp\/B07FPX33X5\/ref=asc_df_B07FPX33X5\/?tag=googleshopp00-20&amp;linkCode=df0&amp;hvadid=432951822456&amp;hvpos=&amp;hvnetw=g&amp;hvrand=381955608064825057&amp;hvpone=&amp;hvptwo=&amp;hvqmt=&amp;hvdev=c&amp;hvdvcmdl=&amp;hvlocint=&amp;hvlocphy=1001658&amp;hvtargid=pla-1223098084792&amp;psc=1\" target=\"_blank\">Kindle<\/a> para a leitura do arquivo. No celular fica um pouco dif\u00edcil e chato (muito movimento de dedo e muito esfor\u00e7o visual ). N\u00e3o compre edi\u00e7\u00f5es antigas, porque nessa \u00e1rea o que interessa \u00e9 o novo (a edi\u00e7\u00e3o atual \u00e9 a quarta, mas infelizmente ainda se vende a terceira). Este livro d\u00e1 toda a base t\u00e9cnica de que precisamos. Minha sugest\u00e3o (1) \u00e9 que voc\u00ea crie suas pr\u00f3prias  perguntas e respostas para os assuntos que est\u00e1 estudando no Norvig, cap\u00edtulo a cap\u00edtulo. Fa\u00e7a isso como se voc\u00ea fosse o professor, sabatinando seus alunos. O <a rel=\"noreferrer noopener\" href=\"https:\/\/moodle.org\/?lang=pt_br\" target=\"_blank\">Moodle<\/a> ou o <a rel=\"noreferrer noopener\" href=\"https:\/\/www.google.com\/intl\/pt-BR\/forms\/about\/\" target=\"_blank\">Google Forms<\/a> s\u00e3o bons para isso. A sugest\u00e3o (2) \u00e9 que voc\u00ea tente analisar os t\u00f3picos de I.A. que est\u00e3o na <a rel=\"noreferrer noopener\" href=\"https:\/\/pt.wikipedia.org\/wiki\/Intelig%C3%AAncia_artificial\" target=\"_blank\">Wikipedia<\/a> e tente melhor\u00e1-los. Afinal, a pr\u00f3pria IA do site nos d\u00e1 as pistas sobre o que precisa melhorar.<\/li><li>Uma leitura interessante \u00e9 a obra de Kai-Fu Lee: &#8220;<a rel=\"noreferrer noopener\" href=\"https:\/\/www.americanas.com.br\/produto\/1284236153?opn=YSMESP&amp;sellerid=02&amp;epar=bp_pl_00_go_liv_todas_geral_gmv&amp;WT.srch=1&amp;acc=e789ea56094489dffd798f86ff51c7a9&amp;i=5612cbe46ed24cafb5cae011&amp;o=5e21e6c9f8e95eac3de1bff6&amp;gclid=CjwKCAjw3pWDBhB3EiwAV1c5rAbzogxrD9QN-s-LxaRxPZYRGGsdJYkWhrx53GO1YNlR7Qquk7FacRoCtO8QAvD_BwE\" target=\"_blank\">Intelig\u00eancia Artificial<\/a>&#8220;. N\u00e3o \u00e9 obra t\u00e9cnica, nem d\u00e1 &#8221; dicas infal\u00edveis&#8221; a quem a l\u00ea. Mas \u00e9 boa para o empreendedor e para aqueles que trabalham com pol\u00edticas de C&amp;T. Faz uma an\u00e1lise muito interessante sobre o mercado de IA na China e sua compara\u00e7\u00e3o com o mercado norte-americano. Dentro do livro h\u00e1 um aviso importante: Os dados s\u00e3o a mat\u00e9ria-prima desse mercado ! Melhor come\u00e7ar a guard\u00e1-los, proteg\u00ea-los e organiz\u00e1-los !<\/li><li>Um <strong>curso permanente de Python<\/strong>, linguagem por excel\u00eancia da IA, est\u00e1 em desenvolvimento<a rel=\"noreferrer noopener\" href=\"https:\/\/treinamentolivre.com\/cursos\/course\/view.php?id=10\" target=\"_blank\"> na plataforma Moodle do I2<\/a>. Deixo o site aberto para cr\u00edticas e sugest\u00f5es.<\/li><li><span style=\"font-size: 1em;\">Os v\u00eddeos  da <\/span><a rel=\"noreferrer noopener\" style=\"font-size: 1em;\" href=\"http:\/\/treinamentolivre.com\/aluno01\/arquivos\/601\" target=\"_blank\">Dra. Renata Wasserman<\/a><span style=\"font-size: 1em;\">., que s\u00e3o muito esclarecedores e se baseiam no Russel-Norvig.<\/span><\/li><li>A pr\u00f3xima etapa \u00e9 o laborat\u00f3rio. N\u00e3o adianta estudar intelig\u00eancia artificial sem pr\u00e1tica. Isso n\u00e3o existe ! Visite esse item <a rel=\"noreferrer noopener\" href=\"http:\/\/treinamentolivre.com\/aluno01\/laboratorio\" target=\"_blank\">em nosso site<\/a>. Jogue tamb\u00e9m xadrez e Go em sites especializados. S\u00e3o jogos com objetivos diversos, ambos bem estudados pela IA. O primeiro deseja capturar o rei do oponente. O segundo enfatiza a tomada de espa\u00e7o, de terreno, com paci\u00eancia e controle.<\/li><li>Procure no Udemy os cursos das linguagens de programa\u00e7\u00e3o <strong>Python<\/strong> (para programadores) e <strong>R<\/strong> (para os mais chegados a matem\u00e1tica e estat\u00edstica). S\u00e3o essenciais \u00e0 disciplina de IA. Em muitos casos, as linguagens Java, C, C++, JavaScript podem ser necess\u00e1rias. Mas concentre-se principalmente em Python.<\/li><li>D\u00ea uma olhada no <a rel=\"noreferrer noopener\" href=\"http:\/\/treinamentolivre.com\/aluno01\/arquivos\/668\" target=\"_blank\">curso de IA do Udemy<\/a>, recomendado pela equipe de IA do TRF4. Ali, h\u00e1 pr\u00e1ticas de programa\u00e7\u00e3o interessantes. A estrat\u00e9gia \u00e9 esperar as promo\u00e7\u00f5es do Udemy e guard\u00e1-las como se fossem d\u00f3lares para distribuir aos funcion\u00e1rios da sua empresa, alunos etc.<\/li><li>A USP tem, de tempos em tempos,  um <a rel=\"noreferrer noopener\" href=\"http:\/\/treinamentolivre.com\/d\/node\/76\" target=\"_blank\">conceituado curso de Python com aplica\u00e7\u00e3o \u00e0 linguagem natural<\/a>, gratuito. \u00c9 um curso fant\u00e1stico, que te leva desde o zero, usando Python, at\u00e9 o processamento usando dois pacotes importantes de PLN (Processamento de Linguagem Natural): <a rel=\"noreferrer noopener\" href=\"https:\/\/en.wikipedia.org\/wiki\/Natural_Language_Toolkit\" target=\"_blank\">NLTK<\/a> e <a rel=\"noreferrer noopener\" href=\"https:\/\/en.wikipedia.org\/wiki\/SpaCy\" target=\"_blank\">SpaCy<\/a>.<\/li><li>Mas n\u00e3o adianta s\u00f3 dominar uma linguagem. Hoje em dia quem te avalia s\u00e3o as m\u00e1quinas, com seus algoritmos. Ent\u00e3o, inscreva-se no <a rel=\"noreferrer noopener\" href=\"https:\/\/www.turing.com\/pt\" target=\"_blank\">Turing<\/a> e fique perto da avalia\u00e7\u00e3o padronizada e do mercado. Isso quer dizer que voc\u00ea precisa escolher uma trilha. Um exemplo \u00e9 o de programador full-stack com Python, JavaScript e React.<\/li><li>A elabora\u00e7\u00e3o de um plano de estudo pr\u00f3prio, para quem j\u00e1 tem curso superior, ajuda na disciplina do estudante que segue de modo independente. O curr\u00edculo pode conter as mat\u00e9rias da especializa\u00e7\u00e3o de IA escolhida. N\u00e3o \u00e9 poss\u00edvel  uma pessoa s\u00f3 dominar todas as \u00e1reas da IA: processamento de linguagem natural, representa\u00e7\u00e3o do conhecimento, racioc\u00ednio automatizado, aprendizado de m\u00e1quina, vis\u00e3o computacional, rob\u00f3tica, etc. Assim, seu curr\u00edculo vai ter de refletir seu interesse e o de sua organiza\u00e7\u00e3o, \u00e9 claro. Esbocei um curr\u00edculo para o programador de computadores interessado em processamento da linguagem natural (dispon\u00edvel em breve), porque o <a rel=\"noreferrer noopener\" href=\"http:\/\/treinamentolivre.com\/d\/node\/5\" target=\"_blank\">meu projeto<\/a> est\u00e1 definido, at\u00e9 o momento, nessa \u00e1rea.<\/li><li>[Na Universidade] Quando voc\u00ea se julgar pronto, associe-se a um laborat\u00f3rio de IA (isso ocorre geralmente no mestrado, mesmo porque voc\u00ea precisar\u00e1 de uma bolsa em algum momento). Veja o item [ profiss\u00e3o IA ] [ organiza\u00e7\u00f5es ] no menu deste site. Est\u00e1 sempre em evolu\u00e7\u00e3o. Opcionalmente, associe-se a uma comunidade nas redes sociais.<\/li><li>Para quem n\u00e3o pretende seguir o caminho de professor na academia ou j\u00e1 passou da idade mas deseja estar no mercado, poder\u00e1 fazer o <a rel=\"noreferrer noopener\" href=\"https:\/\/mba.iabigdata.icmc.usp.br\/\" target=\"_blank\">MBA em Intelig\u00eancia Artificial e Big Data o ICMC\/USP<\/a>, se tiver US$ 3.400,00. Criei um <a rel=\"noreferrer noopener\" href=\"http:\/\/treinamentolivre.com\/aluno01\/wp-content\/uploads\/2021\/12\/MBA_em_Inteligencia_Artificial_e_Big_Data.pdf\" target=\"_blank\">arquivo<\/a> de resumo com as mat\u00e9rias do curso.<\/li><\/ol>\n\n\n\n<ul><li><strong>A l\u00edngua estrangeira \u00e9 essencial para trabalhar na \u00e1rea ?<\/strong><\/li><\/ul>\n\n\n\n<p>Sim. Para come\u00e7ar. O ideal para doutorado \u00e9 dominar duas l\u00ednguas estrangeiras, sendo  ingl\u00eas a principal. Ent\u00e3o, se voc\u00ea j\u00e1 n\u00e3o fala ingl\u00eas pelo menos em n\u00edvel avan\u00e7ado, comece um curso j\u00e1.  Recomendo o Clac, da UERJ. L\u00e1, voc\u00ea poder\u00e1 aprender tamb\u00e9m a l\u00edngua alem\u00e3, tamb\u00e9m usada por especialistas em IA.<\/p>\n\n\n\n<p>Se voc\u00ea quer ficar no n\u00edvel t\u00e9cnico, pode se virar perfeitamente com ingl\u00eas intermedi\u00e1rio. <\/p>\n\n\n\n<ul><li><strong>E as certifica\u00e7\u00f5es ?<\/strong><\/li><\/ul>\n\n\n\n<p>Sim, existem certifica\u00e7\u00f5es variadas em IA. Consulte o artigo de Diego Nogare:<\/p>\n\n\n\n<figure class=\"wp-block-embed is-type-wp-embed is-provider-i-2-inteligencia-artificial wp-block-embed-i-2-inteligencia-artificial\"><div class=\"wp-block-embed__wrapper\">\n<blockquote class=\"wp-embedded-content\" data-secret=\"fPvQtHKEcp\"><a href=\"https:\/\/treinamentolivre.com\/aluno01\/arquivos\/510\">Top 5 certifica\u00e7\u00f5es para Intelig\u00eancia Artificial.<\/a><\/blockquote><iframe class=\"wp-embedded-content\" sandbox=\"allow-scripts\" security=\"restricted\" style=\"position: absolute; clip: rect(1px, 1px, 1px, 1px);\" title=\"&#8220;Top 5 certifica\u00e7\u00f5es para Intelig\u00eancia Artificial.&#8221; &#8212; I2 - Intelig\u00eancia Artificial\" src=\"https:\/\/treinamentolivre.com\/aluno01\/arquivos\/510\/embed#?secret=fPvQtHKEcp\" data-secret=\"fPvQtHKEcp\" width=\"500\" height=\"282\" frameborder=\"0\" marginwidth=\"0\" marginheight=\"0\" scrolling=\"no\"><\/iframe>\n<\/div><\/figure>\n","protected":false},"excerpt":{"rendered":"<p>Voc\u00ea j\u00e1 come\u00e7ou ! Est\u00e1 num site sobre Intelig\u00eancia Artificial. Parab\u00e9ns !! Agora, paci\u00eancia, persist\u00eancia e disciplina. Preciso ser um g\u00eanio matem\u00e1tico com mestrado para entender e atuar na Intelig\u00eancia&#8230;<\/p>\n<div class=\"more-link-wrapper\"><a class=\"more-link\" href=\"https:\/\/treinamentolivre.com\/aluno01\/como-comecar\">Continuar a ler&#8230;<span class=\"screen-reader-text\">Qual o caminho ?<\/span><\/a><\/div>\n","protected":false},"author":2,"featured_media":0,"parent":0,"menu_order":0,"comment_status":"closed","ping_status":"closed","template":"","meta":{"footnotes":""},"_links":{"self":[{"href":"https:\/\/treinamentolivre.com\/aluno01\/wp-json\/wp\/v2\/pages\/109"}],"collection":[{"href":"https:\/\/treinamentolivre.com\/aluno01\/wp-json\/wp\/v2\/pages"}],"about":[{"href":"https:\/\/treinamentolivre.com\/aluno01\/wp-json\/wp\/v2\/types\/page"}],"author":[{"embeddable":true,"href":"https:\/\/treinamentolivre.com\/aluno01\/wp-json\/wp\/v2\/users\/2"}],"replies":[{"embeddable":true,"href":"https:\/\/treinamentolivre.com\/aluno01\/wp-json\/wp\/v2\/comments?post=109"}],"version-history":[{"count":135,"href":"https:\/\/treinamentolivre.com\/aluno01\/wp-json\/wp\/v2\/pages\/109\/revisions"}],"predecessor-version":[{"id":1762,"href":"https:\/\/treinamentolivre.com\/aluno01\/wp-json\/wp\/v2\/pages\/109\/revisions\/1762"}],"wp:attachment":[{"href":"https:\/\/treinamentolivre.com\/aluno01\/wp-json\/wp\/v2\/media?parent=109"}],"curies":[{"name":"wp","href":"https:\/\/api.w.org\/{rel}","templated":true}]}}