{"id":106,"date":"2021-04-01T18:27:31","date_gmt":"2021-04-01T21:27:31","guid":{"rendered":"http:\/\/treinamentolivre.com\/aluno01\/?page_id=106"},"modified":"2024-02-13T19:22:10","modified_gmt":"2024-02-13T22:22:10","slug":"o-que-e-ia","status":"publish","type":"page","link":"https:\/\/treinamentolivre.com\/aluno01\/o-que-e-ia","title":{"rendered":"O que \u00e9 IA ?"},"content":{"rendered":"\n<p>Voc\u00ea n\u00e3o vai me ver definir o que \u00e9 IA (Intelig\u00eancia Artificial). Se eu dissesse que \u00e9 a ci\u00eancia que procura criar entidades que parecem humanas sob algum aspecto, j\u00e1 estaria falhando na defini\u00e7\u00e3o. Isso porque a IA atual j\u00e1 se esfor\u00e7a por criar seres super-humanos: rob\u00f4s que carregam toneladas de peso, naves que aterrissam (ou ser\u00e1 que &#8220;amartissam&#8221; ?) sozinhas em Marte, computadores que podem vencer o melhor enxadrista do mundo, sistemas que alertam imediatamente sobre um teste nuclear feito em qualquer lugar na Terra, redes que localizam NEOs (near-earth objects ou objetos espaciais pr\u00f3ximos da Terra, que podem se chocar conosco), sistemas de escuta que localizam a voz de uma pessoa num telefone dentre bilh\u00f5es de terminais existentes.<\/p>\n\n\n\n<p>Em 1990 eu estava lendo o livro de <a rel=\"noreferrer noopener\" href=\"https:\/\/www.cs.utexas.edu\/~ear\/\" target=\"_blank\">Elaine Rich<\/a>: <em><a rel=\"noreferrer noopener\" href=\"https:\/\/www.submarino.com.br\/produto\/3796476919?sellerId=35003265000128&amp;epar=bp_pl_00_go_g35177&amp;epar=bp_pl_00_go_g35177&amp;opn=XMLGOOGLE&amp;WT.srch=1&amp;utm_medium=buscappc&amp;utm_source=google&amp;utm_campaign=marca%3Asuba%3Bmidia%3Abuscappc%3Bformato%3Apla%3Bsubformato%3A00%3Bidcampanha%3Ag35177&amp;gclid=Cj0KCQjwlOmLBhCHARIsAGiJg7mmCSZYMWrsfgy3y92SYEgvCgTMni2zZyb9enTFoaSNWkjN2OOwoIcaAtaQEALw_wcB\" target=\"_blank\">Intelig\u00eancia Artificial<\/a><\/em>. 1988. Ed. McGraw-Hill. A professora Elaine definiu I.A:<\/p>\n\n\n\n<blockquote class=\"wp-block-quote\">\n<p>O estudo de como fazer os computadores  realizarem tarefas em que, no momento, as pessoas s\u00e3o melhores.<\/p>\n<\/blockquote>\n\n\n\n<p>Eu trocaria a palavra &#8220;computadores&#8221; por &#8220;m\u00e1quinas&#8221;  j\u00e1 que, na \u00e9poca, os smartphones eram fic\u00e7\u00e3o cient\u00edfica (o pioneiro <a href=\"https:\/\/revistagalileu.globo.com\/Tecnologia\/noticia\/2019\/07\/6-curiosidades-sobre-historia-dos-smartphones.html\" target=\"_blank\" rel=\"noreferrer noopener\">Simon, da IBM<\/a>, s\u00f3 apareceria em 1992). <\/p>\n\n\n\n<p>Segundo Wiener,<\/p>\n\n\n\n<blockquote class=\"wp-block-quote\">\n<p>Em todos os est\u00e1gios da t\u00e9cnica, desde D\u00e9dalo ou Heron de Alexandria, a habilidade do art\u00edfice de produzir um simulacro funcional de um organismo vivo sempre intrigou as pessoas. Este desejo de produzir e estudar aut\u00f4matos sempre foi expresso em termos do estado da arte da \u00e9poca. Nos dias da magia, tivemos o conceito bizarro e sinistro do Golem, aquela figura de barro na qual o Rabino de Praga soprou a vida blasfemando o Nome Inef\u00e1vel de Deus.<br>No tempo de Newton, o aut\u00f4mato se torna a caixa de m\u00fasica mec\u00e2nica, com as pequenas ef\u00edgies girando rigidamente no seu topo topo. No s\u00e9culo 19, o aut\u00f4mato \u00e9 a glorificada m\u00e1quina de calor, queimando algum combust\u00edvel em vez do glicog\u00eanio dos m\u00fasculos humanos. Por fim, o presente aut\u00f4mato abre portas por meio de fotoc\u00e9lulas, ou aponta canh\u00f5es para o lugar em que um feixe de radar localiza um avi\u00e3o, ou calcula a solu\u00e7\u00e3o de uma equa\u00e7\u00e3o diferencial.<br>Nem o grego nem o aut\u00f4mato m\u00e1gico seguem as linhas principais na dire\u00e7\u00e3o do desenvolvimento da m\u00e1quina moderna, nem parecem ter tido muita influ\u00eancia no pensamento filos\u00f3fico s\u00e9rio. \u00c9 muito diferente com o aut\u00f4mato mec\u00e2nico. Essa ideia desempenhou um papel muito genu\u00edno e importante no in\u00edcio da hist\u00f3ria da filosofia moderna, embora estejamos bastante propensos a ignor\u00e1-la.<\/p>\n<\/blockquote>\n\n\n\n<p class=\"has-text-align-right\">Norbert Wiener &#8211; Cybernetics &#8211; 1948 &#8211; pp.39-40<\/p>\n\n\n\n<p><\/p>\n\n\n\n<p>Ent\u00e3o, vou me limitar a dizer o que a IA estuda: <\/p>\n\n\n\n<ol>\n<li>Processamento de linguagem natural &#8211; (brilhantemente iniciado com o projeto <a rel=\"noreferrer noopener\" href=\"https:\/\/en.wikipedia.org\/wiki\/Martine_Kempf\" target=\"_blank\">Katalavox<\/a> e popularizado no Google Translator); intera\u00e7\u00e3o homem-m\u00e1quina.<\/li>\n\n\n\n<li><a rel=\"noreferrer noopener\" href=\"https:\/\/translate.google.com\/\" target=\"_blank\">Tradu\u00e7\u00e3o autom\u00e1tica de textos<\/a> em diversas linguagens humanas.<\/li>\n\n\n\n<li>Representa\u00e7\u00e3o do conhecimento &#8211; (armazenamento, pesquisa e conclus\u00e3o sobre fatos).<\/li>\n\n\n\n<li>Racioc\u00ednio automatizado &#8211; (como no caso do campe\u00e3o de xadrez <a rel=\"noreferrer noopener\" href=\"https:\/\/operamundi.uol.com.br\/hoje-na-historia\/9727\/hoje-na-historia-1996-kasparov-derrota-o-computador-deep-blue-da-ibm#:~:text=Na%20partida%20final%20de%20uma,IBM%20programado%20para%20jogar%20xadrez.\" target=\"_blank\">Deep Blue<\/a>).<\/li>\n\n\n\n<li>Aprendizado de m\u00e1quina &#8211; (no qual <a rel=\"noreferrer noopener\" href=\"http:\/\/treinamentolivre.com\/aluno01\/arquivos\/249\" target=\"_blank\">programas escrevem programas<\/a> para levar a cabo tarefas de modo cada vez mais eficiente).<\/li>\n\n\n\n<li>Vis\u00e3o computacional &#8211; (por exemplo no <a rel=\"noreferrer noopener\" href=\"http:\/\/www.sivem.com.br\/\" target=\"_blank\">reconhecimento de placas de autom\u00f3veis<\/a>) e na detec\u00e7\u00e3o de ca\u00e7adores em \u00e1reas naturais proibidas.<\/li>\n\n\n\n<li>An\u00e1lise e reconhecimento ac\u00fastico computacional &#8211; por exemplo na detec\u00e7\u00e3o de submarinos pelas vibra\u00e7\u00f5es marinhas e na pesquisa de <a rel=\"noreferrer noopener\" href=\"https:\/\/www.youtube.com\/watch?v=rbkjPRKeSyA\" target=\"_blank\">paisagens ac\u00fasticas computacionais<\/a>.<\/li>\n\n\n\n<li>Rob\u00f3tica &#8211; (com destaque para os rob\u00f4s-combatentes e os rob\u00f4s-mula da <a rel=\"noreferrer noopener\" href=\"http:\/\/i23.hospedagemdesites.ws\/i2\/?p=1336\" target=\"_blank\">Boston Dynamics<\/a>).<\/li>\n\n\n\n<li>Linguagens e <a rel=\"noreferrer noopener\" href=\"https:\/\/wilsonmar.github.io\/elastic-ecosystem\/\" target=\"_blank\">m\u00e9todos de consulta <\/a>e gerenciamento de bases de dados.<\/li>\n\n\n\n<li>Educa\u00e7\u00e3o auxiliada pelo computador &#8211; e n\u00e3o falo apenas de conte\u00fado. Os computadores podem aprender a ensinar melhor, com base na experi\u00eancia dos professores e na interpreta\u00e7\u00e3o de sensores. Isso leva a uma interessante discuss\u00e3o do tipo: -Professores v\u00e3o prosperar no futuro ? Sim, se conhecerem a ci\u00eancia de dados, a ci\u00eancia neural e aspectos da intelig\u00eancia artificial.<\/li>\n\n\n\n<li>Visualiza\u00e7\u00e3o de dados &#8211; Como o que ocorre na an\u00e1lise de paisagens sonoras e na interpreta\u00e7\u00e3o geol\u00f3gica de <a rel=\"noreferrer noopener\" href=\"https:\/\/www.pgs.com\/imaging\/tools-and-techniques\/complete-wavefield-imaging\/\" target=\"_blank\">dados de prospec\u00e7\u00e3o de petr\u00f3leo<\/a>.<\/li>\n\n\n\n<li>Intera\u00e7\u00e3o entre c\u00e9rebro e m\u00e1quina (<a rel=\"noreferrer noopener\" href=\"https:\/\/www.tecmundo.com.br\/ciencia\/176576-neuralink-empresa-elon-musk.htm\" target=\"_blank\">brain-machine connection ou BMC<\/a>) <\/li>\n\n\n\n<li>Cria\u00e7\u00e3o e otimiza\u00e7\u00e3o de programas de computador e pesquisas (queries) de bancos de dados.<\/li>\n<\/ol>\n\n\n\n<p><\/p>\n\n\n\n<p>Posso dizer tamb\u00e9m quais s\u00e3o alguns dos conhecimentos e t\u00e9cnicas que a auxiliam e que s\u00e3o auxiliados por ela:<\/p>\n\n\n\n<ul>\n<li>programa\u00e7\u00e3o de computadores<\/li>\n\n\n\n<li>microeletr\u00f4nica<\/li>\n\n\n\n<li>l\u00f3gica;<\/li>\n\n\n\n<li>engenharia mec\u00e2nica;<\/li>\n\n\n\n<li>filosofia;<\/li>\n\n\n\n<li>imagens de exames e resson\u00e2ncia magn\u00e9tica nuclear;<\/li>\n\n\n\n<li>cinema<\/li>\n\n\n\n<li>f\u00edsica<\/li>\n\n\n\n<li>psicologia<\/li>\n\n\n\n<li>fotografia<\/li>\n\n\n\n<li><a rel=\"noreferrer noopener\" href=\"https:\/\/pt.wikipedia.org\/wiki\/Centro_de_Pesquisa,_Inova%C3%A7%C3%A3o_e_Difus%C3%A3o_em_Neuromatem%C3%A1tica\" target=\"_blank\">neuromatem\u00e1tica<\/a><\/li>\n\n\n\n<li>estat\u00edstica<\/li>\n\n\n\n<li>m\u00fasica<\/li>\n\n\n\n<li>\u00e9tica<\/li>\n\n\n\n<li>sociologia<\/li>\n\n\n\n<li>criminologia<\/li>\n\n\n\n<li>&#8230;<\/li>\n<\/ul>\n\n\n\n<p>A lista \u00e9 virtualmente intermin\u00e1vel. <\/p>\n\n\n\n<p><\/p>\n\n\n\n<p><\/p>\n\n\n\n<p>No cap\u00edtulo 13 de seu livro, Rich fala sobre os componentes de um programa de IA:<\/p>\n\n\n\n<blockquote class=\"wp-block-quote\">\n<p>. Uma estrutura de representa\u00e7\u00e3o do conhecimento;<\/p>\n\n\n\n<p>. M\u00e9todos de solu\u00e7\u00e3o de problemas e de infer\u00eancia;<\/p>\n<\/blockquote>\n\n\n\n<p><\/p>\n\n\n\n<p>Mais adiante, diz:<\/p>\n\n\n\n<p><\/p>\n\n\n\n<blockquote class=\"wp-block-quote\">\n<p>&#8220;Recentemente aumentou o entendimento de que as t\u00e9cnicas de IA podem ser  \u00fateis num amplo espectro de dom\u00ednios de programa. Isto pode ter como origem tanto o melhor desenvolvimento de m\u00e9todos de IA, como a crescente magnitude da pot\u00eancia da computa\u00e7\u00e3o que pode ser utilizada para resolver problemas. Por exemplo, um fator-chave no projeto do compilador de compiladores <strong>PQCC<\/strong> (Production Quality Compiler Compiler).&#8221;<\/p>\n<\/blockquote>\n\n\n\n<p>E a <a rel=\"noreferrer noopener\" href=\"https:\/\/www.cs.utexas.edu\/~ear\/\" target=\"_blank\">professora Elaine<\/a> prossegue:<\/p>\n\n\n\n<blockquote class=\"wp-block-quote\">\n<p>&#8220;Algumas outras \u00e1reas da ci\u00eancia da computa\u00e7\u00e3o onde as t\u00e9cnicas de IA est\u00e3o sendo exploradas incluem:<\/p>\n\n\n\n<p>. Gerenciamento de bases de dados;<\/p>\n\n\n\n<p>. Linguagens de consulta a bases de dados;<\/p>\n\n\n\n<p>. Instru\u00e7\u00e3o auxiliada pelo computador;<\/p>\n\n\n\n<p>. Intera\u00e7\u00e3o homem-m\u00e1quina;&#8221;<\/p>\n<\/blockquote>\n\n\n\n<p><\/p>\n\n\n\n<p>Poucos textos de IA, mesmo os mais modernos, podem sintetizar de modo t\u00e3o compacto a evolu\u00e7\u00e3o, a estrutura das ferramentas, as \u00e1reas de estudo, as tend\u00eancias, as &#8220;modas&#8221; e as capacidades da ci\u00eancia.<\/p>\n\n\n\n<p>Acesse os links a seguir para uma defini\u00e7\u00e3o mais formal de IA e explica\u00e7\u00e3o de seus m\u00e9todos, objetivos e hist\u00f3ria.<\/p>\n\n\n\n<p><\/p>\n\n\n\n<figure class=\"wp-block-embed is-type-wp-embed is-provider-i-2-inteligencia-artificial wp-block-embed-i-2-inteligencia-artificial\"><div class=\"wp-block-embed__wrapper\">\n<blockquote class=\"wp-embedded-content\" data-secret=\"zJAdJ0xtmC\"><a href=\"https:\/\/treinamentolivre.com\/aluno01\/arquivos\/601\">Introdu\u00e7\u00e3o \u00e0 Intelig\u00eancia Artificial &#8211; Vis\u00e3o Geral da \u00e1rea<\/a><\/blockquote><iframe class=\"wp-embedded-content\" sandbox=\"allow-scripts\" security=\"restricted\" style=\"position: absolute; clip: rect(1px, 1px, 1px, 1px);\" title=\"&#8220;Introdu\u00e7\u00e3o \u00e0 Intelig\u00eancia Artificial &#8211; Vis\u00e3o Geral da \u00e1rea&#8221; &#8212; I2 - Intelig\u00eancia Artificial\" src=\"https:\/\/treinamentolivre.com\/aluno01\/arquivos\/601\/embed#?secret=CFsm8Azy6I#?secret=zJAdJ0xtmC\" data-secret=\"zJAdJ0xtmC\" width=\"500\" height=\"282\" frameborder=\"0\" marginwidth=\"0\" marginheight=\"0\" scrolling=\"no\"><\/iframe>\n<\/div><\/figure>\n\n\n\n<figure class=\"wp-block-embed is-type-wp-embed is-provider-i-2-inteligencia-artificial wp-block-embed-i-2-inteligencia-artificial\"><div class=\"wp-block-embed__wrapper\">\n<blockquote class=\"wp-embedded-content\" data-secret=\"xNL3zDDyAe\"><a href=\"https:\/\/treinamentolivre.com\/aluno01\/arquivos\/1833\">Intelig\u00eancia Artificial: Em Busca de uma Defini\u00e7\u00e3o.<\/a><\/blockquote><iframe class=\"wp-embedded-content\" sandbox=\"allow-scripts\" security=\"restricted\" style=\"position: absolute; clip: rect(1px, 1px, 1px, 1px);\" title=\"&#8220;Intelig\u00eancia Artificial: Em Busca de uma Defini\u00e7\u00e3o.&#8221; &#8212; I2 - Intelig\u00eancia Artificial\" src=\"https:\/\/treinamentolivre.com\/aluno01\/arquivos\/1833\/embed#?secret=s6eAnGK1lZ#?secret=xNL3zDDyAe\" data-secret=\"xNL3zDDyAe\" width=\"500\" height=\"282\" frameborder=\"0\" marginwidth=\"0\" marginheight=\"0\" scrolling=\"no\"><\/iframe>\n<\/div><\/figure>\n","protected":false},"excerpt":{"rendered":"<p>Voc\u00ea n\u00e3o vai me ver definir o que \u00e9 IA (Intelig\u00eancia Artificial). Se eu dissesse que \u00e9 a ci\u00eancia que procura criar entidades que parecem humanas sob algum aspecto, j\u00e1&#8230;<\/p>\n<div class=\"more-link-wrapper\"><a class=\"more-link\" href=\"https:\/\/treinamentolivre.com\/aluno01\/o-que-e-ia\">Continuar a ler&#8230;<span class=\"screen-reader-text\">O que \u00e9 IA ?<\/span><\/a><\/div>\n","protected":false},"author":2,"featured_media":0,"parent":0,"menu_order":0,"comment_status":"closed","ping_status":"closed","template":"","meta":{"footnotes":""},"_links":{"self":[{"href":"https:\/\/treinamentolivre.com\/aluno01\/wp-json\/wp\/v2\/pages\/106"}],"collection":[{"href":"https:\/\/treinamentolivre.com\/aluno01\/wp-json\/wp\/v2\/pages"}],"about":[{"href":"https:\/\/treinamentolivre.com\/aluno01\/wp-json\/wp\/v2\/types\/page"}],"author":[{"embeddable":true,"href":"https:\/\/treinamentolivre.com\/aluno01\/wp-json\/wp\/v2\/users\/2"}],"replies":[{"embeddable":true,"href":"https:\/\/treinamentolivre.com\/aluno01\/wp-json\/wp\/v2\/comments?post=106"}],"version-history":[{"count":77,"href":"https:\/\/treinamentolivre.com\/aluno01\/wp-json\/wp\/v2\/pages\/106\/revisions"}],"predecessor-version":[{"id":1969,"href":"https:\/\/treinamentolivre.com\/aluno01\/wp-json\/wp\/v2\/pages\/106\/revisions\/1969"}],"wp:attachment":[{"href":"https:\/\/treinamentolivre.com\/aluno01\/wp-json\/wp\/v2\/media?parent=106"}],"curies":[{"name":"wp","href":"https:\/\/api.w.org\/{rel}","templated":true}]}}