{"id":9,"date":"2023-02-10T12:35:37","date_gmt":"2023-02-10T15:35:37","guid":{"rendered":"https:\/\/treinamentolivre.com\/adelaide\/?page_id=9"},"modified":"2023-02-15T09:45:29","modified_gmt":"2023-02-15T12:45:29","slug":"sobre-nos","status":"publish","type":"page","link":"https:\/\/treinamentolivre.com\/adelaide\/?page_id=9","title":{"rendered":"Sobre n\u00f3s."},"content":{"rendered":"\n<p>O Adelaide Barbosa \u00e9 um Pr\u00e9-Vestibular Social subordinado ao CEMUFP &#8211; Centro de Mulheres de Favelas e Periferia. <\/p>\n\n\n\n<p>Voc\u00ea pode acompanhar o CEMUFP no <a rel=\"noreferrer noopener\" href=\"https:\/\/www.facebook.com\/Cemufp\" target=\"_blank\">Facebook<\/a>.<\/p>\n\n\n\n<p>Nosso e-mail \u00e9: [ <a href=\"mailto:cemufpguaratiba@gmail.com\" target=\"_blank\" rel=\"noreferrer noopener\">cemufpguaratiba@gmail.com<\/a> ].<\/p>\n\n\n\n<p>Este site \u00e9 administrado pelo <a href=\"http:\/\/imbuhy.com\" target=\"_blank\" rel=\"noreferrer noopener\">Instituto Imbuhy<\/a>.<\/p>\n","protected":false},"excerpt":{"rendered":"<p>O Adelaide Barbosa \u00e9 um Pr\u00e9-Vestibular Social subordinado ao CEMUFP &#8211; Centro de Mulheres de Favelas e Periferia. Voc\u00ea pode acompanhar o CEMUFP no Facebook. Nosso e-mail \u00e9: [ cemufpguaratiba@gmail.com&#8230;<\/p>\n<div class=\"more-link-wrapper\"><a class=\"more-link\" href=\"https:\/\/treinamentolivre.com\/adelaide\/?page_id=9\">Continuar a ler&#8230;<span class=\"screen-reader-text\">Sobre n\u00f3s.<\/span><\/a><\/div>\n","protected":false},"author":1,"featured_media":0,"parent":0,"menu_order":0,"comment_status":"closed","ping_status":"closed","template":"","meta":{"footnotes":""},"class_list":["post-9","page","type-page","status-publish","hentry","excerpt"],"_links":{"self":[{"href":"https:\/\/treinamentolivre.com\/adelaide\/index.php?rest_route=\/wp\/v2\/pages\/9","targetHints":{"allow":["GET"]}}],"collection":[{"href":"https:\/\/treinamentolivre.com\/adelaide\/index.php?rest_route=\/wp\/v2\/pages"}],"about":[{"href":"https:\/\/treinamentolivre.com\/adelaide\/index.php?rest_route=\/wp\/v2\/types\/page"}],"author":[{"embeddable":true,"href":"https:\/\/treinamentolivre.com\/adelaide\/index.php?rest_route=\/wp\/v2\/users\/1"}],"replies":[{"embeddable":true,"href":"https:\/\/treinamentolivre.com\/adelaide\/index.php?rest_route=%2Fwp%2Fv2%2Fcomments&post=9"}],"version-history":[{"count":6,"href":"https:\/\/treinamentolivre.com\/adelaide\/index.php?rest_route=\/wp\/v2\/pages\/9\/revisions"}],"predecessor-version":[{"id":93,"href":"https:\/\/treinamentolivre.com\/adelaide\/index.php?rest_route=\/wp\/v2\/pages\/9\/revisions\/93"}],"wp:attachment":[{"href":"https:\/\/treinamentolivre.com\/adelaide\/index.php?rest_route=%2Fwp%2Fv2%2Fmedia&parent=9"}],"curies":[{"name":"wp","href":"https:\/\/api.w.org\/{rel}","templated":true}]}}