{"id":702,"date":"2024-01-18T20:27:51","date_gmt":"2024-01-18T23:27:51","guid":{"rendered":"https:\/\/treinamentolivre.com\/adelaide\/?page_id=702"},"modified":"2024-03-19T10:49:28","modified_gmt":"2024-03-19T13:49:28","slug":"nuclear","status":"publish","type":"page","link":"https:\/\/treinamentolivre.com\/adelaide\/?page_id=702","title":{"rendered":"A quest\u00e3o nuclear"},"content":{"rendered":"\n<p>Uma coisa \u00e9 a energia at\u00f4mica, oriunda da fiss\u00e3o de \u00e1tomos pesados como ur\u00e2nio e plut\u00f4nio. Outra coisa \u00e9 a energia nuclear, obtida da fus\u00e3o de \u00e1tomos leves, como deut\u00e9rio (um tipo de hidrog\u00eanio). S\u00e3o tecnologias completamente diferentes mas, muitas vezes, s\u00e3o usados os dois termos indistintamente. Apesar do t\u00edtulo desta p\u00e1gina, vamos ser mais exatos na diferencia\u00e7\u00e3o.<\/p>\n\n\n\n<figure class=\"wp-block-embed is-type-wp-embed is-provider-pvs-adelaide-barbosa wp-block-embed-pvs-adelaide-barbosa\"><div class=\"wp-block-embed__wrapper\">\n<blockquote class=\"wp-embedded-content\" data-secret=\"kzsKVURKU9\"><a href=\"https:\/\/treinamentolivre.com\/adelaide\/?p=715\">Pesquisadores do IPEN\/CNEN desenvolvem bateria nuclear.<\/a><\/blockquote><iframe loading=\"lazy\" class=\"wp-embedded-content\" sandbox=\"allow-scripts\" security=\"restricted\" style=\"position: absolute; clip: rect(1px, 1px, 1px, 1px);\" title=\"&#8220;Pesquisadores do IPEN\/CNEN desenvolvem bateria nuclear.&#8221; &#8212; PVS Adelaide Barbosa\" src=\"https:\/\/treinamentolivre.com\/adelaide\/?p=715&#038;embed=true#?secret=zmCUYDEywV#?secret=kzsKVURKU9\" data-secret=\"kzsKVURKU9\" width=\"500\" height=\"282\" frameborder=\"0\" marginwidth=\"0\" marginheight=\"0\" scrolling=\"no\"><\/iframe>\n<\/div><\/figure>\n\n\n\n<figure class=\"wp-block-embed is-type-wp-embed is-provider-pvs-adelaide-barbosa wp-block-embed-pvs-adelaide-barbosa\"><div class=\"wp-block-embed__wrapper\">\n<blockquote class=\"wp-embedded-content\" data-secret=\"cR2jlJF9EJ\"><a href=\"https:\/\/treinamentolivre.com\/adelaide\/?p=697\">&#8220;Tr\u00eas Dias que Mudaram Tudo&#8221;<\/a><\/blockquote><iframe loading=\"lazy\" class=\"wp-embedded-content\" sandbox=\"allow-scripts\" security=\"restricted\" style=\"position: absolute; clip: rect(1px, 1px, 1px, 1px);\" title=\"&#8220;&#8220;Tr\u00eas Dias que Mudaram Tudo&#8221;&#8221; &#8212; PVS Adelaide Barbosa\" src=\"https:\/\/treinamentolivre.com\/adelaide\/?p=697&#038;embed=true#?secret=TPytkgsuEr#?secret=cR2jlJF9EJ\" data-secret=\"cR2jlJF9EJ\" width=\"500\" height=\"282\" frameborder=\"0\" marginwidth=\"0\" marginheight=\"0\" scrolling=\"no\"><\/iframe>\n<\/div><\/figure>\n\n\n\n<figure class=\"wp-block-embed is-type-wp-embed is-provider-pvs-adelaide-barbosa wp-block-embed-pvs-adelaide-barbosa\"><div class=\"wp-block-embed__wrapper\">\n<blockquote class=\"wp-embedded-content\" data-secret=\"xQlEmxvYly\"><a href=\"https:\/\/treinamentolivre.com\/adelaide\/?p=652\">Aula 17 de F\u00edsica (Energia At\u00f4mica): 07\/10\/2023.<\/a><\/blockquote><iframe loading=\"lazy\" class=\"wp-embedded-content\" sandbox=\"allow-scripts\" security=\"restricted\" style=\"position: absolute; clip: rect(1px, 1px, 1px, 1px);\" title=\"&#8220;Aula 17 de F\u00edsica (Energia At\u00f4mica): 07\/10\/2023.&#8221; &#8212; PVS Adelaide Barbosa\" src=\"https:\/\/treinamentolivre.com\/adelaide\/?p=652&#038;embed=true#?secret=F8LYNqhGc4#?secret=xQlEmxvYly\" data-secret=\"xQlEmxvYly\" width=\"500\" height=\"282\" frameborder=\"0\" marginwidth=\"0\" marginheight=\"0\" scrolling=\"no\"><\/iframe>\n<\/div><\/figure>\n","protected":false},"excerpt":{"rendered":"<p>Uma coisa \u00e9 a energia at\u00f4mica, oriunda da fiss\u00e3o de \u00e1tomos pesados como ur\u00e2nio e plut\u00f4nio. Outra coisa \u00e9 a energia nuclear, obtida da fus\u00e3o de \u00e1tomos leves, como deut\u00e9rio&#8230;<\/p>\n<div class=\"more-link-wrapper\"><a class=\"more-link\" href=\"https:\/\/treinamentolivre.com\/adelaide\/?page_id=702\">Continuar a ler&#8230;<span class=\"screen-reader-text\">A quest\u00e3o nuclear<\/span><\/a><\/div>\n","protected":false},"author":1,"featured_media":0,"parent":0,"menu_order":0,"comment_status":"closed","ping_status":"closed","template":"","meta":{"footnotes":""},"class_list":["post-702","page","type-page","status-publish","hentry","excerpt"],"_links":{"self":[{"href":"https:\/\/treinamentolivre.com\/adelaide\/index.php?rest_route=\/wp\/v2\/pages\/702","targetHints":{"allow":["GET"]}}],"collection":[{"href":"https:\/\/treinamentolivre.com\/adelaide\/index.php?rest_route=\/wp\/v2\/pages"}],"about":[{"href":"https:\/\/treinamentolivre.com\/adelaide\/index.php?rest_route=\/wp\/v2\/types\/page"}],"author":[{"embeddable":true,"href":"https:\/\/treinamentolivre.com\/adelaide\/index.php?rest_route=\/wp\/v2\/users\/1"}],"replies":[{"embeddable":true,"href":"https:\/\/treinamentolivre.com\/adelaide\/index.php?rest_route=%2Fwp%2Fv2%2Fcomments&post=702"}],"version-history":[{"count":7,"href":"https:\/\/treinamentolivre.com\/adelaide\/index.php?rest_route=\/wp\/v2\/pages\/702\/revisions"}],"predecessor-version":[{"id":720,"href":"https:\/\/treinamentolivre.com\/adelaide\/index.php?rest_route=\/wp\/v2\/pages\/702\/revisions\/720"}],"wp:attachment":[{"href":"https:\/\/treinamentolivre.com\/adelaide\/index.php?rest_route=%2Fwp%2Fv2%2Fmedia&parent=702"}],"curies":[{"name":"wp","href":"https:\/\/api.w.org\/{rel}","templated":true}]}}