{"id":40,"date":"2023-02-10T13:13:32","date_gmt":"2023-02-10T16:13:32","guid":{"rendered":"https:\/\/treinamentolivre.com\/adelaide\/?page_id=40"},"modified":"2023-02-10T13:27:12","modified_gmt":"2023-02-10T16:27:12","slug":"adelaide-barbosa","status":"publish","type":"page","link":"https:\/\/treinamentolivre.com\/adelaide\/?page_id=40","title":{"rendered":"Adelaide Barbosa"},"content":{"rendered":"\n<figure class=\"wp-block-image size-full\"><img loading=\"lazy\" decoding=\"async\" width=\"424\" height=\"564\" src=\"https:\/\/treinamentolivre.com\/adelaide\/wp-content\/uploads\/2023\/02\/adelaide_sorrindo.jpg\" alt=\"\" class=\"wp-image-41\" srcset=\"https:\/\/treinamentolivre.com\/adelaide\/wp-content\/uploads\/2023\/02\/adelaide_sorrindo.jpg 424w, https:\/\/treinamentolivre.com\/adelaide\/wp-content\/uploads\/2023\/02\/adelaide_sorrindo-226x300.jpg 226w\" sizes=\"auto, (max-width: 424px) 100vw, 424px\" \/><\/figure>\n\n\n\n<p>Cinco de agosto \u00e9 o dia do Anivers\u00e1rio de Adelaide Barbosa.<\/p>\n\n\n\n<p>Enquanto viveu, participou de v\u00e1rios projetos de cultura e educa\u00e7\u00e3o para crian\u00e7as, jovens e adultos:<\/p>\n\n\n\n<p><\/p>\n\n\n\n<ul class=\"wp-block-list\">\n<li>Na favela de Manguinhos, Diretora de Escola de ensino fundamental;<\/li>\n\n\n\n<li>Em abrolhos, no sul da Bahia, participou de projetos de interc\u00e2mbio cultural com a It\u00e1lia;<\/li>\n\n\n\n<li>Foi diretora do CEMUFP;<\/li>\n\n\n\n<li>Participou da delega\u00e7\u00e3o brasileira, no Congresso Contra Todas as Formas de Discrimina\u00e7\u00e3o em Durban\/ \u00c1frica do Sul, representando as mulheres de favelas;<\/li>\n\n\n\n<li>Foi coordenadora da cooperativa de alimentos no CCAP na favela de Manguinhos e da Pedreira;<\/li>\n\n\n\n<li>Foi homenageada pelo CEMUFP com o nome do Pr\u00e9-Vestibular Social Adelaide Barbosa N\u00facleo Pedra de Guaratiba;<\/li>\n<\/ul>\n\n\n\n<p>O Nosso curso de Pr\u00e9-Vestibular Social Comunit\u00e1rio tem o nome de Adelaide Barbosa em homenagem a uma grande ativista que morou na Favela de Manguinhos. Ela fazia v\u00e1rios trabalhos de educa\u00e7\u00e3o pedag\u00f3gica alternativa na \u00e1rea da cultura e da educa\u00e7\u00e3o formal em Manguinhos e no Sul da Bahia onde coordenou uma escola de ensino de primeiro grau em Alcoba\u00e7a. Adelaide tinha articula\u00e7\u00e3o para fazer interc\u00e2mbio cultural levando adolescentes e jovens para a It\u00e1lia. Organizou v\u00e1rios eventos culturais na comunidade de Manguinhos, Criou uma cooperativa de doa\u00e7\u00e3o de alimentos para moradores de v\u00e1rias favelas da zona norte na d\u00e9cada de 80\/90. Foi diretora comunit\u00e1ria do Centro da mulher de favelas e periferia- CEMUFP, acolheu v\u00e1rias crian\u00e7as em situa\u00e7\u00e3o de vulnerabilidade dando um suporte familiar para essas crian\u00e7as em sua pr\u00f3pria casa. Faleceu aos 52 anos em 2009 acometida por um AVC quando coordenava, na \u00e9poca, o territ\u00f3rio da favela de Vila Kennedy na zona oeste do RJ no projeto Mulheres da Paz.<\/p>\n","protected":false},"excerpt":{"rendered":"<p>Cinco de agosto \u00e9 o dia do Anivers\u00e1rio de Adelaide Barbosa. Enquanto viveu, participou de v\u00e1rios projetos de cultura e educa\u00e7\u00e3o para crian\u00e7as, jovens e adultos: O Nosso curso de&#8230;<\/p>\n<div class=\"more-link-wrapper\"><a class=\"more-link\" href=\"https:\/\/treinamentolivre.com\/adelaide\/?page_id=40\">Continuar a ler&#8230;<span class=\"screen-reader-text\">Adelaide Barbosa<\/span><\/a><\/div>\n","protected":false},"author":1,"featured_media":0,"parent":0,"menu_order":0,"comment_status":"closed","ping_status":"closed","template":"","meta":{"footnotes":""},"class_list":["post-40","page","type-page","status-publish","hentry","excerpt"],"_links":{"self":[{"href":"https:\/\/treinamentolivre.com\/adelaide\/index.php?rest_route=\/wp\/v2\/pages\/40","targetHints":{"allow":["GET"]}}],"collection":[{"href":"https:\/\/treinamentolivre.com\/adelaide\/index.php?rest_route=\/wp\/v2\/pages"}],"about":[{"href":"https:\/\/treinamentolivre.com\/adelaide\/index.php?rest_route=\/wp\/v2\/types\/page"}],"author":[{"embeddable":true,"href":"https:\/\/treinamentolivre.com\/adelaide\/index.php?rest_route=\/wp\/v2\/users\/1"}],"replies":[{"embeddable":true,"href":"https:\/\/treinamentolivre.com\/adelaide\/index.php?rest_route=%2Fwp%2Fv2%2Fcomments&post=40"}],"version-history":[{"count":5,"href":"https:\/\/treinamentolivre.com\/adelaide\/index.php?rest_route=\/wp\/v2\/pages\/40\/revisions"}],"predecessor-version":[{"id":58,"href":"https:\/\/treinamentolivre.com\/adelaide\/index.php?rest_route=\/wp\/v2\/pages\/40\/revisions\/58"}],"wp:attachment":[{"href":"https:\/\/treinamentolivre.com\/adelaide\/index.php?rest_route=%2Fwp%2Fv2%2Fmedia&parent=40"}],"curies":[{"name":"wp","href":"https:\/\/api.w.org\/{rel}","templated":true}]}}